{"id":344995,"date":"2020-04-30T16:25:12","date_gmt":"2024-06-17T11:28:17","guid":{"rendered":"https:\/\/www.moskito.cz\/produkt\/coltello-solid-cold-steel-urban-pal-cs43ls\/"},"modified":"2025-07-11T07:51:17","modified_gmt":"2025-07-11T06:51:17","slug":"coltello-solid-cold-steel-urban-pal-cs43ls","status":"publish","type":"product","link":"https:\/\/www.moskito.cz\/it\/produkt\/coltello-solid-cold-steel-urban-pal-cs43ls\/","title":{"rendered":"Coltello Solid Cold Steel Urban Pal CS43LS"},"content":{"rendered":"<p>Coltello Solid Cold Steel Urban Pal CS43LS.<\/p>\n<p>L&#8217;azienda americana Cold Steel \u00e8 originaria di Ventura, California. Il marchio \u00e8 stato fondato nel 1980 con l&#8217;obiettivo di produrre i coltelli pi\u00f9 resistenti e affilati al mondo. Negli ultimi tre decenni, Cold Steel \u00e8 stata in prima linea in molte innovazioni che hanno contribuito a definire il coltello commerciale nel suo insieme. Il produttore mantiene un&#8217;elevata qualit\u00e0 di lavorazione e lavora costantemente per raggiungere il suo obiettivo di offrire i coltelli pi\u00f9 resistenti e affilati al mondo. Una vasta gamma di coltelli tattici o da caccia garantisce un&#8217;ampia base di utenti e fan fedeli.<\/p>\n<p>Spessore lama: 2mm<br \/>\n Lunghezza lama: 4 cm<br \/>\n Manico: Kraton<br \/>\n Acciaio: AUS 8A<br \/>\n Lunghezza totale: 8 cm<br \/>\n Guaina: Guaina Securex<br \/>\n Fatto in Giappone<\/p>\n<p>L&#8217;Urban Pal dovrebbe essere l&#8217;equipaggiamento standard per la sopravvivenza nella giungla urbana di oggi! Con un peso inferiore a 14 grammi, \u00e8 perfetto da portare in tasca o in borsa senza dare nell&#8217;occhio e pu\u00f2 essere facilmente attaccato a un portachiavi o appeso al collo.<br \/>\n Peso: 0,7 oz Spessore lama: 2 mm Lunghezza lama: 1-1\/2&#8243; Acciaio lama: acciaio inossidabile giapponese AUS8A Lunghezza\/materiale impugnatura: 1-5\/8&#8243; Kray-Ex\u2122 Lunghezza totale: 3-1\/8&#8243; Caratteristiche aggiuntive: fodero Secure-Ex\u00ae Tipo di coltello: lama fissa Intervallo di lunghezza: 3-5 pollici Famiglia di acciaio: AUS Forma lama: punta cadente<\/p>\n<p>&nbsp;<\/p>\n","protected":false},"excerpt":{"rendered":"<div class=\"vc-commoditydetail_annotation\">\n<div class=\"annotation wysiwyg\">L&#8217;Urban Pal di COLD STEEL \u00e8 un piccolo pugnale da punta con lama seghettata. Un coltello adatto per l&#8217;EDC e la sopravvivenza quotidiana nella giungla urbana. Pu\u00f2 essere attaccato a un portachiavi, a un ingranaggio o alla cerniera della giacca.<\/div>\n<\/div>\n<div class=\"vc-commoditydetail_info\">\n<div class=\"items loaded\" data-module=\"vm\/CommodityDetail_Info\">\n<dl class=\"Person\">\n<dt>Produttore<\/dt>\n<\/dl>\n<\/div>\n<\/div>\n","protected":false},"featured_media":168031,"comment_status":"open","ping_status":"closed","template":"","meta":[],"pwb-brand":[3791],"product_brand":[],"product_cat":[3745,3746],"product_tag":[3755],"class_list":{"0":"post-344995","1":"product","2":"type-product","3":"status-publish","4":"has-post-thumbnail","6":"pwb-brand-acciaio-freddo","7":"product_cat-coltelli","8":"product_cat-coltelli-solidi","9":"product_tag-b2b-it","11":"first","12":"outofstock","13":"taxable","14":"shipping-taxable","15":"purchasable","16":"product-type-simple"},"brands":[{"id":3791,"name":"Acciaio freddo","slug":"acciaio-freddo"}],"_links":{"self":[{"href":"https:\/\/www.moskito.cz\/it\/wp-json\/wp\/v2\/product\/344995","targetHints":{"allow":["GET"]}}],"collection":[{"href":"https:\/\/www.moskito.cz\/it\/wp-json\/wp\/v2\/product"}],"about":[{"href":"https:\/\/www.moskito.cz\/it\/wp-json\/wp\/v2\/types\/product"}],"replies":[{"embeddable":true,"href":"https:\/\/www.moskito.cz\/it\/wp-json\/wp\/v2\/comments?post=344995"}],"wp:featuredmedia":[{"embeddable":true,"href":"https:\/\/www.moskito.cz\/it\/wp-json\/wp\/v2\/media\/168031"}],"wp:attachment":[{"href":"https:\/\/www.moskito.cz\/it\/wp-json\/wp\/v2\/media?parent=344995"}],"wp:term":[{"taxonomy":"pwb-brand","embeddable":true,"href":"https:\/\/www.moskito.cz\/it\/wp-json\/wp\/v2\/pwb-brand?post=344995"},{"taxonomy":"product_brand","embeddable":true,"href":"https:\/\/www.moskito.cz\/it\/wp-json\/wp\/v2\/product_brand?post=344995"},{"taxonomy":"product_cat","embeddable":true,"href":"https:\/\/www.moskito.cz\/it\/wp-json\/wp\/v2\/product_cat?post=344995"},{"taxonomy":"product_tag","embeddable":true,"href":"https:\/\/www.moskito.cz\/it\/wp-json\/wp\/v2\/product_tag?post=344995"}],"curies":[{"name":"wp","href":"https:\/\/api.w.org\/{rel}","templated":true}]}}