{"id":345160,"date":"2024-06-18T10:49:43","date_gmt":"2024-06-18T09:51:25","guid":{"rendered":"https:\/\/www.moskito.cz\/produkt\/lancio-mini-torpedo-cold-steel\/"},"modified":"2025-05-07T11:17:41","modified_gmt":"2025-05-07T10:17:41","slug":"lancio-mini-torpedo-cold-steel","status":"publish","type":"product","link":"https:\/\/www.moskito.cz\/it\/produkt\/lancio-mini-torpedo-cold-steel\/","title":{"rendered":"Lancio MINI TORPEDO Cold Steel"},"content":{"rendered":"<p>Lancio MINI TORPEDO <strong>Cold Steel.<\/strong><\/p>\n<p>Uno dei preferiti tra i lanciatori sportivi e gli hobbisti, il Torpedo \u00e8 rimasto il componente preferito della nostra gamma per molti anni, e per una buona ragione! I siluri Cold Steel sono molto divertenti per il lancio del bersaglio, la caccia e persino l&#8217;autodifesa e sono ora disponibili in due dimensioni; il Torpedo originale e il nuovo Mini Torpedo! Le doppie punte smussate scivolano senza sforzo fuori dalla mano per il massimo rilascio e offrono il doppio del potenziale di presa di un coltello da lancio convenzionale. Pi\u00f9 pesante, 2 libbre. La versione pi\u00f9 piccola e leggera pu\u00f2 essere lanciata ancora pi\u00f9 lontano ed \u00e8 molto pi\u00f9 facile da trasportare perch\u00e9 \u00e8 grande la met\u00e0. massa. Entrambi colpiscono con una forza terrificante e sono molto efficaci.<\/p>\n<p><iframe title=\"COLD STEEL&#039;S TORPEDO\" width=\"800\" height=\"450\" src=\"https:\/\/www.youtube.com\/embed\/EXYMN448_60?feature=oembed\" frameborder=\"0\" allow=\"accelerometer; autoplay; clipboard-write; encrypted-media; gyroscope; picture-in-picture; web-share\" referrerpolicy=\"strict-origin-when-cross-origin\" allowfullscreen><\/iframe><\/p>\n<p>&nbsp;<\/p>\n","protected":false},"excerpt":{"rendered":"<p><strong>Il Mini Torpedo della Cold Steel \u00e8 esclusivamente un&#8217;arma da lancio.<\/strong><\/p>\n","protected":false},"featured_media":345143,"comment_status":"open","ping_status":"closed","template":"","meta":[],"pwb-brand":[3791],"product_brand":[],"product_cat":[3745,3747],"product_tag":[3755],"class_list":{"0":"post-345160","1":"product","2":"type-product","3":"status-publish","4":"has-post-thumbnail","6":"pwb-brand-acciaio-freddo","7":"product_cat-coltelli","8":"product_cat-coltelli-da-lancio","9":"product_tag-b2b-it","11":"first","12":"outofstock","13":"taxable","14":"shipping-taxable","15":"purchasable","16":"product-type-simple"},"brands":[{"id":3791,"name":"Acciaio freddo","slug":"acciaio-freddo"}],"_links":{"self":[{"href":"https:\/\/www.moskito.cz\/it\/wp-json\/wp\/v2\/product\/345160","targetHints":{"allow":["GET"]}}],"collection":[{"href":"https:\/\/www.moskito.cz\/it\/wp-json\/wp\/v2\/product"}],"about":[{"href":"https:\/\/www.moskito.cz\/it\/wp-json\/wp\/v2\/types\/product"}],"replies":[{"embeddable":true,"href":"https:\/\/www.moskito.cz\/it\/wp-json\/wp\/v2\/comments?post=345160"}],"wp:featuredmedia":[{"embeddable":true,"href":"https:\/\/www.moskito.cz\/it\/wp-json\/wp\/v2\/media\/345143"}],"wp:attachment":[{"href":"https:\/\/www.moskito.cz\/it\/wp-json\/wp\/v2\/media?parent=345160"}],"wp:term":[{"taxonomy":"pwb-brand","embeddable":true,"href":"https:\/\/www.moskito.cz\/it\/wp-json\/wp\/v2\/pwb-brand?post=345160"},{"taxonomy":"product_brand","embeddable":true,"href":"https:\/\/www.moskito.cz\/it\/wp-json\/wp\/v2\/product_brand?post=345160"},{"taxonomy":"product_cat","embeddable":true,"href":"https:\/\/www.moskito.cz\/it\/wp-json\/wp\/v2\/product_cat?post=345160"},{"taxonomy":"product_tag","embeddable":true,"href":"https:\/\/www.moskito.cz\/it\/wp-json\/wp\/v2\/product_tag?post=345160"}],"curies":[{"name":"wp","href":"https:\/\/api.w.org\/{rel}","templated":true}]}}