{"id":345195,"date":"2024-06-18T11:03:34","date_gmt":"2024-06-18T11:05:15","guid":{"rendered":"https:\/\/www.moskito.cz\/produkt\/coltello-chiudibile-stockman-cold-steel\/"},"modified":"2025-05-07T11:17:41","modified_gmt":"2025-05-07T10:17:41","slug":"coltello-chiudibile-stockman-cold-steel","status":"publish","type":"product","link":"https:\/\/www.moskito.cz\/it\/produkt\/coltello-chiudibile-stockman-cold-steel\/","title":{"rendered":"Coltello chiudibile STOCKMAN Cold Steel"},"content":{"rendered":"<p>Coltello chiudibile STOCKMAN <strong>Cold Steel<\/strong> .<\/p>\n<p><strong>Il coltello pieghevole Cold Steel Stockman<\/strong> \u00e8 una versione leggermente pi\u00f9 grande e pi\u00f9 resistente del Gentleman&#8217;s Stockman. La serie Stockman \u00e8 la nostra variante del classico coltello da uomo. Ha maniglie in vero osso ed \u00e8 impreziosito da poggiatesta in metallo lucido. Le robuste impugnature sono sostanzialmente dimensionate per lavori pesanti, anche con le mani guantate. \u00c8 costruito nel tradizionale design Jack Knife con tre lame in acciaio inossidabile lucidato 8Cr13MoV: una lama a clip per perforare e tagliare, una lama per scuoiare ed eviscerare e una lama a zampa di pecora per evitare forature durante qualsiasi lavoro di affettatura. \u00c8 un coltello pratico, utile per tutti i tipi di lavori e si adatta bene a quasi tutti gli ambienti, dalla citt\u00e0 alla campagna. Questo \u00e8 un ottimo coltello tascabile perfetto per progetti domestici, uso esterno o come coltello da caccia.<\/p>\n<p>Lunghezza lama 1: <span id=\"cwos\" class=\"qv3Wpe\">8,75<\/span> cm<\/p>\n<p>Lunghezza lama 2: <span id=\"cwos\" class=\"qv3Wpe\">5,75<\/span> cm<br \/>\nLunghezza lama 3: 5 cm<br \/>\nFamiglia di acciaio: inossidabile 8Cr13MoV<\/p>\n<p>Colore: osso<\/p>\n<p>Linea di prodotti: Stockmann<\/p>\n<p>Meccanismo di bloccaggio: Giunto scorrevole<\/p>\n<p>&nbsp;<\/p>\n","protected":false},"excerpt":{"rendered":"<p><strong>Il coltello pieghevole Cold Steel Stockman \u00e8 una versione leggermente pi\u00f9 grande e pi\u00f9 resistente del Gentleman&#8217;s Stockman. La serie Stockman \u00e8 la nostra variante del classico coltello da uomo.<\/strong><\/p>\n","protected":false},"featured_media":345167,"comment_status":"open","ping_status":"closed","template":"","meta":[],"pwb-brand":[3791],"product_brand":[],"product_cat":[3745,3749],"product_tag":[3755],"class_list":{"0":"post-345195","1":"product","2":"type-product","3":"status-publish","4":"has-post-thumbnail","6":"pwb-brand-acciaio-freddo","7":"product_cat-coltelli","8":"product_cat-coltelli-di-chiusura","9":"product_tag-b2b-it","11":"first","12":"outofstock","13":"taxable","14":"shipping-taxable","15":"purchasable","16":"product-type-simple"},"brands":[{"id":3791,"name":"Acciaio freddo","slug":"acciaio-freddo"}],"_links":{"self":[{"href":"https:\/\/www.moskito.cz\/it\/wp-json\/wp\/v2\/product\/345195","targetHints":{"allow":["GET"]}}],"collection":[{"href":"https:\/\/www.moskito.cz\/it\/wp-json\/wp\/v2\/product"}],"about":[{"href":"https:\/\/www.moskito.cz\/it\/wp-json\/wp\/v2\/types\/product"}],"replies":[{"embeddable":true,"href":"https:\/\/www.moskito.cz\/it\/wp-json\/wp\/v2\/comments?post=345195"}],"wp:featuredmedia":[{"embeddable":true,"href":"https:\/\/www.moskito.cz\/it\/wp-json\/wp\/v2\/media\/345167"}],"wp:attachment":[{"href":"https:\/\/www.moskito.cz\/it\/wp-json\/wp\/v2\/media?parent=345195"}],"wp:term":[{"taxonomy":"pwb-brand","embeddable":true,"href":"https:\/\/www.moskito.cz\/it\/wp-json\/wp\/v2\/pwb-brand?post=345195"},{"taxonomy":"product_brand","embeddable":true,"href":"https:\/\/www.moskito.cz\/it\/wp-json\/wp\/v2\/product_brand?post=345195"},{"taxonomy":"product_cat","embeddable":true,"href":"https:\/\/www.moskito.cz\/it\/wp-json\/wp\/v2\/product_cat?post=345195"},{"taxonomy":"product_tag","embeddable":true,"href":"https:\/\/www.moskito.cz\/it\/wp-json\/wp\/v2\/product_tag?post=345195"}],"curies":[{"name":"wp","href":"https:\/\/api.w.org\/{rel}","templated":true}]}}