{"id":345216,"date":"2024-06-18T12:11:54","date_gmt":"2024-06-18T11:13:25","guid":{"rendered":"https:\/\/www.moskito.cz\/produkt\/coltello-da-lancio-cold-steel-sport-di-volo-sicuro\/"},"modified":"2025-05-07T11:17:44","modified_gmt":"2025-05-07T10:17:44","slug":"coltello-da-lancio-cold-steel-sport-di-volo-sicuro","status":"publish","type":"product","link":"https:\/\/www.moskito.cz\/it\/produkt\/coltello-da-lancio-cold-steel-sport-di-volo-sicuro\/","title":{"rendered":"Coltello da lancio Cold Steel SPORT DI VOLO SICURO"},"content":{"rendered":"<p>Coltello da lancio <strong>Cold Steel<\/strong> SPORT DI VOLO SICURO.<\/p>\n<p>Da molti anni offriamo alcuni dei migliori coltelli da lancio professionali di alta qualit\u00e0. I nostri lanciatori sono diventati un pilastro nella comunit\u00e0 dei lanci e partecipano regolarmente alle competizioni di lancio pi\u00f9 alte in tutto il mondo. Ora, a causa della grande richiesta, siamo orgogliosi di presentare una nuova gamma di lanciatori sportivi di fascia media a prezzi accessibili. Costruiti secondo gli stessi standard rigorosi e con la stessa tempra dei nostri modelli di fascia alta, questi modelli sportivi sono leggermente pi\u00f9 sottili e leggeri, ma hanno la stessa durata ed equilibrio che i nostri clienti si aspettano. Sono adatti a qualsiasi livello di abilit\u00e0. sono significativamente pi\u00f9 economici dei nostri modelli professionali originali e rendono questo passatempo piacevole e gratificante pi\u00f9 facile che mai.<\/p>\n<p>Peso: 232,46 g<br \/>\nMisura totale: 30,4 cm<br \/>\nSpessore lama: 0,35 cm<br \/>\nAcciaio: acciaio al carbonio 1055<\/p>\n","protected":false},"excerpt":{"rendered":"<p><strong>Il Sure Flight Sport di Cold Steel \u00e8 un coltello da lancio medio. Questo coltello ti supporter\u00e0 nelle competizioni professionali e amatoriali, ma ti divertirai molto anche quando lanci con la famiglia o gli amici.<\/strong><\/p>\n","protected":false},"featured_media":345207,"comment_status":"open","ping_status":"closed","template":"","meta":[],"pwb-brand":[3791],"product_brand":[],"product_cat":[3745,3747],"product_tag":[3755],"class_list":{"0":"post-345216","1":"product","2":"type-product","3":"status-publish","4":"has-post-thumbnail","6":"pwb-brand-acciaio-freddo","7":"product_cat-coltelli","8":"product_cat-coltelli-da-lancio","9":"product_tag-b2b-it","11":"first","12":"outofstock","13":"taxable","14":"shipping-taxable","15":"purchasable","16":"product-type-simple"},"brands":[{"id":3791,"name":"Acciaio freddo","slug":"acciaio-freddo"}],"_links":{"self":[{"href":"https:\/\/www.moskito.cz\/it\/wp-json\/wp\/v2\/product\/345216","targetHints":{"allow":["GET"]}}],"collection":[{"href":"https:\/\/www.moskito.cz\/it\/wp-json\/wp\/v2\/product"}],"about":[{"href":"https:\/\/www.moskito.cz\/it\/wp-json\/wp\/v2\/types\/product"}],"replies":[{"embeddable":true,"href":"https:\/\/www.moskito.cz\/it\/wp-json\/wp\/v2\/comments?post=345216"}],"wp:featuredmedia":[{"embeddable":true,"href":"https:\/\/www.moskito.cz\/it\/wp-json\/wp\/v2\/media\/345207"}],"wp:attachment":[{"href":"https:\/\/www.moskito.cz\/it\/wp-json\/wp\/v2\/media?parent=345216"}],"wp:term":[{"taxonomy":"pwb-brand","embeddable":true,"href":"https:\/\/www.moskito.cz\/it\/wp-json\/wp\/v2\/pwb-brand?post=345216"},{"taxonomy":"product_brand","embeddable":true,"href":"https:\/\/www.moskito.cz\/it\/wp-json\/wp\/v2\/product_brand?post=345216"},{"taxonomy":"product_cat","embeddable":true,"href":"https:\/\/www.moskito.cz\/it\/wp-json\/wp\/v2\/product_cat?post=345216"},{"taxonomy":"product_tag","embeddable":true,"href":"https:\/\/www.moskito.cz\/it\/wp-json\/wp\/v2\/product_tag?post=345216"}],"curies":[{"name":"wp","href":"https:\/\/api.w.org\/{rel}","templated":true}]}}