{"id":345324,"date":"2024-06-19T04:21:22","date_gmt":"2024-06-19T03:22:35","guid":{"rendered":"https:\/\/www.moskito.cz\/produkt\/coltello-di-chiusura-emerson-apache-sf\/"},"modified":"2025-05-07T11:17:46","modified_gmt":"2025-05-07T10:17:46","slug":"coltello-di-chiusura-emerson-apache-sf","status":"publish","type":"product","link":"https:\/\/www.moskito.cz\/it\/produkt\/coltello-di-chiusura-emerson-apache-sf\/","title":{"rendered":"Coltello di chiusura Emerson Apache SF"},"content":{"rendered":"<p>Coltello di chiusura <strong>Emerson<\/strong> Apache SF.<\/p>\n<p>Alcuni degli indiani pi\u00f9 temuti del vecchio West americano erano le trib\u00f9 Apache. Il pi\u00f9 famoso di questi era un gruppo di guerrieri guidati da Geronimo, un nativo Apache della trib\u00f9 Bedonkohe.<\/p>\n<p>Geronimo fu uno degli ultimi grandi guerrieri delle guerre indiane, che fu finalmente catturato il 4. Settembre 1886. \u00c8 stato catturato con un fucile Winchester, una pistola Colt e un coltello Bowie.<\/p>\n<p>Quando stavo progettando l&#8217;Emerson Apache, c&#8217;era qualcosa nell&#8217;aspetto e nella sensazione, la &#8220;vibrazione&#8221; di questo coltello che mi chiamava &#8220;indiano&#8221;. Era primitivo, ruvido e duro. L&#8217;ho chiamato Apache. In seguito scoprii che quando Geronimo alla fine rinunci\u00f2, uno dei suoi ultimi e pi\u00f9 preziosi beni era il suo coltello Sheffield Bowie.<\/p>\n<p>Questo coltello doveva proprio esistere. Quando lo prendi in mano, puoi quasi sentire lo scricchiolio della pelle consumata e il profumo della salvia nella brezza calda. E puoi sentire lo spirito ininterrotto di chi combatter\u00e0 fino alla fine.<\/p>\n<p>Maniglia: G-10<br \/>\nLama: 154 cm<br \/>\nTrattamento superficiale della lama: Stone Washed<\/p>\n<p>Lunghezza totale: 22 cm<br \/>\nLunghezza lama: 9,25 cm<br \/>\nDurezza 57-59RC<br \/>\nPeso 6,0 once<\/p>\n<p>&nbsp;<\/p>\n","protected":false},"excerpt":{"rendered":"<p><strong>I COLTELLI EMERSON SONO RICERCATI DAI MILITARI D&#8217;ELITE E DALLE FORZE DELL&#8217;ORDINE<\/strong><br \/>\n<strong>DA TRUPPE IN TUTTO IL MONDO E STABILISCE LO STANDARD CON CUI TUTTI GLI ALTRI COLTELLI TATTICI VENGONO GIUDICATI.<\/strong><\/p>\n<p>Trasporto gratuito.<\/p>\n","protected":false},"featured_media":345291,"comment_status":"open","ping_status":"closed","template":"","meta":[],"pwb-brand":[3783],"product_brand":[],"product_cat":[3745,3749],"product_tag":[],"class_list":{"0":"post-345324","1":"product","2":"type-product","3":"status-publish","4":"has-post-thumbnail","6":"pwb-brand-emerson-it","7":"product_cat-coltelli","8":"product_cat-coltelli-di-chiusura","10":"first","11":"outofstock","12":"taxable","13":"shipping-taxable","14":"purchasable","15":"product-type-simple"},"brands":[{"id":3783,"name":"Emerson","slug":"emerson-it"}],"_links":{"self":[{"href":"https:\/\/www.moskito.cz\/it\/wp-json\/wp\/v2\/product\/345324","targetHints":{"allow":["GET"]}}],"collection":[{"href":"https:\/\/www.moskito.cz\/it\/wp-json\/wp\/v2\/product"}],"about":[{"href":"https:\/\/www.moskito.cz\/it\/wp-json\/wp\/v2\/types\/product"}],"replies":[{"embeddable":true,"href":"https:\/\/www.moskito.cz\/it\/wp-json\/wp\/v2\/comments?post=345324"}],"wp:featuredmedia":[{"embeddable":true,"href":"https:\/\/www.moskito.cz\/it\/wp-json\/wp\/v2\/media\/345291"}],"wp:attachment":[{"href":"https:\/\/www.moskito.cz\/it\/wp-json\/wp\/v2\/media?parent=345324"}],"wp:term":[{"taxonomy":"pwb-brand","embeddable":true,"href":"https:\/\/www.moskito.cz\/it\/wp-json\/wp\/v2\/pwb-brand?post=345324"},{"taxonomy":"product_brand","embeddable":true,"href":"https:\/\/www.moskito.cz\/it\/wp-json\/wp\/v2\/product_brand?post=345324"},{"taxonomy":"product_cat","embeddable":true,"href":"https:\/\/www.moskito.cz\/it\/wp-json\/wp\/v2\/product_cat?post=345324"},{"taxonomy":"product_tag","embeddable":true,"href":"https:\/\/www.moskito.cz\/it\/wp-json\/wp\/v2\/product_tag?post=345324"}],"curies":[{"name":"wp","href":"https:\/\/api.w.org\/{rel}","templated":true}]}}