{"id":345378,"date":"2024-06-19T04:46:55","date_gmt":"2024-06-19T03:49:46","guid":{"rendered":"https:\/\/www.moskito.cz\/produkt\/coltello-di-chiusura-emerson-hattin-sf\/"},"modified":"2025-05-07T11:17:47","modified_gmt":"2025-05-07T10:17:47","slug":"coltello-di-chiusura-emerson-hattin-sf","status":"publish","type":"product","link":"https:\/\/www.moskito.cz\/it\/produkt\/coltello-di-chiusura-emerson-hattin-sf\/","title":{"rendered":"Coltello di chiusura Emerson Hattin SF"},"content":{"rendered":"<p>Coltello di chiusura <strong>Emerson<\/strong> Hattin SF.<\/p>\n<p>Quando i crociati europei incontrarono per la prima volta gli eserciti dell\u2019Islam in Medio Oriente, rimasero sorpresi dalle tattiche di battaglia dei loro nemici musulmani. Per la prima volta gli eserciti europei affrontarono le fulminee incursioni della cavalleria leggera a cavallo che portava anche la spada fulminea, la sciabola. Leggera, veloce e letale sono probabilmente le parole migliori che si potrebbero usare per descrivere quest&#8217;arma esotica e formidabile.<\/p>\n<p>La scimitarra era un&#8217;arma a una mano con una presa molto sicura e le sue linee scorrevano in un grazioso arco tagliente fino alla morte, risultando in un&#8217;arma ugualmente efficace nel pugnalare e nel tagliare. <strong>Emerson Hattin<\/strong> prende il nome dalla battaglia di Hattin avvenuta il 4 Luglio 1187, una battaglia storica combattuta nelle aride pianure sotto i Corni di Hattin, che port\u00f2 alla schiacciante sconfitta dei crociati e dei bizantini da parte dell&#8217;esercito di Sal Al A Dina (Saladino), il pi\u00f9 grande di tutti i guerrieri islamici e il successivo nemico di Richard Coure de Leone (Riccardo Cuor di Leone).  <strong>L&#8217;Emerson Hattin<\/strong> ha una lama in stile scimitarra e trasmette esattamente lo stesso significato delle tre parole, leggero, veloce e mortale, descritte per la prima volta quasi mille anni fa.<\/p>\n<p>Quando ne prendi uno, chiudi gli occhi e potresti sentire il grido di battaglia dei guerrieri e il clangore dell&#8217;acciaio affilato in lontananza dalla battaglia che ancora tormenta le aride pianure del Medio Oriente ed \u00e8 ancora in corso. condotto oggi tra le forze del bene e del male.<\/p>\n<p>Ernest <strong>Emerson<\/strong> \u00e8 senza dubbio uno dei designer di coltelli pi\u00f9 prolifici di tutti i tempi. I suoi progetti sono stati la forza pi\u00f9 influente nel settore dei coltelli per oltre 20 anni e, a giudicare dall&#8217;impatto che hanno avuto, devono essere stati progetti piuttosto buoni. Questo causa il problema. Emerson ha pi\u00f9 design che coltelli.<\/p>\n<p>Nelle sue parole: &#8220;Ho una serie di progetti che ho realizzato e che richiederebbero decenni anche solo per essere realizzati, e sto ancora realizzando nuovi progetti&#8221;.<\/p>\n<p>Per portare questi suggerimenti a te, utilizzatore di coltelli, <strong>Emerson Knives<\/strong> ha introdotto l&#8217;idea di &#8220;Special Runs&#8221;. Ogni anno produciamo 6 di questi nuovi modelli come &#8220;Serie speciale&#8221;, quindi avrai la possibilit\u00e0 di possedere questi nuovi modelli di coltelli unici ed entusiasmanti. Verranno rilasciati ogni due mesi in quantit\u00e0 estremamente limitate.<\/p>\n<p>Maniglie: resina epossidica \/ fibra di vetro G-10 nera<br \/>\nChiusura: Titanio<br \/>\nLama: 154 cm<br \/>\nFinitura: Stonewashed<br \/>\nLunghezza totale: 24 centimetri<br \/>\nLunghezza lama: 10 cm<br \/>\nDurezza 57-59 RC<\/p>\n<p><iframe title=\"Emerson Knives 3rd Special Limited Run - The Hattin. Available for Pre-sale now.\" width=\"800\" height=\"450\" src=\"https:\/\/www.youtube.com\/embed\/ASMhmI0oM6g?feature=oembed\" frameborder=\"0\" allow=\"accelerometer; autoplay; clipboard-write; encrypted-media; gyroscope; picture-in-picture; web-share\" referrerpolicy=\"strict-origin-when-cross-origin\" allowfullscreen><\/iframe><\/p>\n<p>&nbsp;<\/p>\n","protected":false},"excerpt":{"rendered":"<p><strong>Quando ne prendi uno, chiudi gli occhi e potresti sentire il grido di battaglia dei guerrieri e il clangore dell&#8217;acciaio affilato in lontananza dalla battaglia che ancora tormenta le aride pianure del Medio Oriente ed \u00e8 ancora in corso. condotto oggi tra le forze del bene e del male.<\/strong><\/p>\n<p><strong>Trasporto gratuito.<\/strong><\/p>\n","protected":false},"featured_media":345331,"comment_status":"open","ping_status":"closed","template":"","meta":[],"pwb-brand":[3783],"product_brand":[],"product_cat":[3745,3749],"product_tag":[],"class_list":{"0":"post-345378","1":"product","2":"type-product","3":"status-publish","4":"has-post-thumbnail","6":"pwb-brand-emerson-it","7":"product_cat-coltelli","8":"product_cat-coltelli-di-chiusura","10":"first","11":"outofstock","12":"taxable","13":"shipping-taxable","14":"purchasable","15":"product-type-simple"},"brands":[{"id":3783,"name":"Emerson","slug":"emerson-it"}],"_links":{"self":[{"href":"https:\/\/www.moskito.cz\/it\/wp-json\/wp\/v2\/product\/345378","targetHints":{"allow":["GET"]}}],"collection":[{"href":"https:\/\/www.moskito.cz\/it\/wp-json\/wp\/v2\/product"}],"about":[{"href":"https:\/\/www.moskito.cz\/it\/wp-json\/wp\/v2\/types\/product"}],"replies":[{"embeddable":true,"href":"https:\/\/www.moskito.cz\/it\/wp-json\/wp\/v2\/comments?post=345378"}],"wp:featuredmedia":[{"embeddable":true,"href":"https:\/\/www.moskito.cz\/it\/wp-json\/wp\/v2\/media\/345331"}],"wp:attachment":[{"href":"https:\/\/www.moskito.cz\/it\/wp-json\/wp\/v2\/media?parent=345378"}],"wp:term":[{"taxonomy":"pwb-brand","embeddable":true,"href":"https:\/\/www.moskito.cz\/it\/wp-json\/wp\/v2\/pwb-brand?post=345378"},{"taxonomy":"product_brand","embeddable":true,"href":"https:\/\/www.moskito.cz\/it\/wp-json\/wp\/v2\/product_brand?post=345378"},{"taxonomy":"product_cat","embeddable":true,"href":"https:\/\/www.moskito.cz\/it\/wp-json\/wp\/v2\/product_cat?post=345378"},{"taxonomy":"product_tag","embeddable":true,"href":"https:\/\/www.moskito.cz\/it\/wp-json\/wp\/v2\/product_tag?post=345378"}],"curies":[{"name":"wp","href":"https:\/\/api.w.org\/{rel}","templated":true}]}}