{"id":345443,"date":"2024-06-19T05:21:15","date_gmt":"2024-06-19T04:22:19","guid":{"rendered":"https:\/\/www.moskito.cz\/produkt\/coltello-pieghevole-emerson-sheepdog\/"},"modified":"2025-05-07T11:17:51","modified_gmt":"2025-05-07T10:17:51","slug":"coltello-pieghevole-emerson-sheepdog","status":"publish","type":"product","link":"https:\/\/www.moskito.cz\/it\/produkt\/coltello-pieghevole-emerson-sheepdog\/","title":{"rendered":"Coltello pieghevole Emerson Sheepdog"},"content":{"rendered":"<p>Coltello pieghevole <strong>Emerson<\/strong> Sheepdog.<\/p>\n<p><strong>Il cane da pastore<\/strong> \u00e8 uno dei migliori amici dell&#8217;uomo, pronto a entrare in azione in qualsiasi momento per proteggere il gregge e la sua famiglia umana. Sono sempre in servizio e sempre il tuo compagno costante. Potresti gi\u00e0 avere il tuo &#8220;cane pastore&#8221; al tuo fianco, ma ora puoi avere un cane pastore da portare in tasca. Ti presentiamo <strong>il coltello Sheepdog<\/strong> di <strong>Emerson Knives<\/strong> e non lasciarti ingannare dalle sue dimensioni. C&#8217;\u00e8 molta forza, utilit\u00e0 e prestazioni pesanti in questa protezione tascabile. Con le nostre funzioni di tripla apertura: pulsante con il pollice, onda e pinna, \u00e8 pronto per entrare in azione in un attimo, proprio come la sua ispirazione canina. Non restare mai senza una versione EDC del migliore amico dell&#8217;uomo. Porta con te <strong>Emerson Sheepdog<\/strong> ovunque tu vada.<\/p>\n<p>Maniglie: resina epossidica \/ fibra di vetro G-10 nera<br \/>\nChiusura: Titanio<br \/>\nLama: 154 cm<br \/>\nFinitura: Stonewashed<br \/>\nLunghezza totale: 18 centimetri<br \/>\nLunghezza lama: 7,5 cm<br \/>\nDurezza 57-59 RC<\/p>\n","protected":false},"excerpt":{"rendered":"<p><strong>Guardiano e protettore. Quando un coltello \u00e8 lo strumento di cui hai bisogno, il Pastore non ti deluder\u00e0 mai. Per il lavoro, per l&#8217;avventura, per le situazioni di emergenza e per la protezione, il pastore \u00e8 il migliore amico dell&#8217;uomo.  <\/strong><\/p>\n<p><strong>Trasporto gratuito.<\/strong><\/p>\n","protected":false},"featured_media":345438,"comment_status":"open","ping_status":"closed","template":"","meta":[],"pwb-brand":[3783],"product_brand":[],"product_cat":[3749,3745],"product_tag":[],"class_list":{"0":"post-345443","1":"product","2":"type-product","3":"status-publish","4":"has-post-thumbnail","6":"pwb-brand-emerson-it","7":"product_cat-coltelli-di-chiusura","8":"product_cat-coltelli","10":"first","11":"instock","12":"taxable","13":"shipping-taxable","14":"purchasable","15":"product-type-simple"},"brands":[{"id":3783,"name":"Emerson","slug":"emerson-it"}],"_links":{"self":[{"href":"https:\/\/www.moskito.cz\/it\/wp-json\/wp\/v2\/product\/345443","targetHints":{"allow":["GET"]}}],"collection":[{"href":"https:\/\/www.moskito.cz\/it\/wp-json\/wp\/v2\/product"}],"about":[{"href":"https:\/\/www.moskito.cz\/it\/wp-json\/wp\/v2\/types\/product"}],"replies":[{"embeddable":true,"href":"https:\/\/www.moskito.cz\/it\/wp-json\/wp\/v2\/comments?post=345443"}],"wp:featuredmedia":[{"embeddable":true,"href":"https:\/\/www.moskito.cz\/it\/wp-json\/wp\/v2\/media\/345438"}],"wp:attachment":[{"href":"https:\/\/www.moskito.cz\/it\/wp-json\/wp\/v2\/media?parent=345443"}],"wp:term":[{"taxonomy":"pwb-brand","embeddable":true,"href":"https:\/\/www.moskito.cz\/it\/wp-json\/wp\/v2\/pwb-brand?post=345443"},{"taxonomy":"product_brand","embeddable":true,"href":"https:\/\/www.moskito.cz\/it\/wp-json\/wp\/v2\/product_brand?post=345443"},{"taxonomy":"product_cat","embeddable":true,"href":"https:\/\/www.moskito.cz\/it\/wp-json\/wp\/v2\/product_cat?post=345443"},{"taxonomy":"product_tag","embeddable":true,"href":"https:\/\/www.moskito.cz\/it\/wp-json\/wp\/v2\/product_tag?post=345443"}],"curies":[{"name":"wp","href":"https:\/\/api.w.org\/{rel}","templated":true}]}}