{"id":345485,"date":"2024-06-19T05:37:31","date_gmt":"2024-06-19T04:39:50","guid":{"rendered":"https:\/\/www.moskito.cz\/produkt\/coltello-chiudibile-bulldog-emerson\/"},"modified":"2025-05-07T11:17:52","modified_gmt":"2025-05-07T10:17:52","slug":"coltello-chiudibile-bulldog-emerson","status":"publish","type":"product","link":"https:\/\/www.moskito.cz\/it\/produkt\/coltello-chiudibile-bulldog-emerson\/","title":{"rendered":"Coltello chiudibile Bulldog Emerson"},"content":{"rendered":"<p>Coltello chiudibile <strong>Bulldog Emerson<\/strong> .<\/p>\n<p>L&#8217;Emerson Bulldog \u00e8 il resistente e robusto trasporto quotidiano che stavi cercando. Il Bulldog \u00e8 un coltello molto semplice grazie alla sua lama dritta, che raggiunge la punta tanto affilata attraverso angoli acuti. \u00c8 dotato di un&#8217;impugnatura quadrata G-10 con protezione per le dita abbinata alla nostra funzione brevettata Emerson Wave per un rapido utilizzo dalla tasca. L&#8217;Emerson Bulldog \u00e8 stato uno dei preferiti tra gli agenti di polizia alla ricerca di un coltello pratico, piccolo ma robusto. La lama \u00e8 disponibile a scelta tra lama rivestita in pietra o nera con bordi lisci o parzialmente seghettati. Scopri tu stesso perch\u00e9 il coltello Bulldog \u00e8 cos\u00ec affidabile.<\/p>\n<p>Maniglie: resina epossidica \/ fibra di vetro G-10 nera<br \/>\nChiusura: Titanio<br \/>\nLama: 154 cm<br \/>\nFinitura: Stonewashed<br \/>\nLunghezza totale: 19 cm<br \/>\nLunghezza lama: 8 cm<br \/>\nDurezza 57-59 RC<\/p>\n<p><iframe title=\"The Emerson Knives Bulldog\" width=\"800\" height=\"450\" src=\"https:\/\/www.youtube.com\/embed\/EYQ1QIL6Zu0?feature=oembed\" frameborder=\"0\" allow=\"accelerometer; autoplay; clipboard-write; encrypted-media; gyroscope; picture-in-picture; web-share\" referrerpolicy=\"strict-origin-when-cross-origin\" allowfullscreen><\/iframe><\/p>\n<p><iframe title=\"Emerson Bulldog | A Closer Look\" width=\"800\" height=\"450\" src=\"https:\/\/www.youtube.com\/embed\/I8PAyCUwvn8?feature=oembed\" frameborder=\"0\" allow=\"accelerometer; autoplay; clipboard-write; encrypted-media; gyroscope; picture-in-picture; web-share\" referrerpolicy=\"strict-origin-when-cross-origin\" allowfullscreen><\/iframe><\/p>\n<p>&nbsp;<\/p>\n","protected":false},"excerpt":{"rendered":"<p><strong>Bulldog Emerson Knives, uno dei tanti modelli di coltelli Emerson Knife Design\u00ae, \u00e8 un ottimo strumento per il trasporto quotidiano o un coltello collaudato in battaglia pronto per la battaglia!<\/strong><\/p>\n<p><strong>Trasporto gratuito.<\/strong><\/p>\n","protected":false},"featured_media":345456,"comment_status":"open","ping_status":"closed","template":"","meta":[],"pwb-brand":[3783],"product_brand":[],"product_cat":[3745,3749],"product_tag":[],"class_list":{"0":"post-345485","1":"product","2":"type-product","3":"status-publish","4":"has-post-thumbnail","6":"pwb-brand-emerson-it","7":"product_cat-coltelli","8":"product_cat-coltelli-di-chiusura","10":"first","11":"outofstock","12":"taxable","13":"shipping-taxable","14":"purchasable","15":"product-type-simple"},"brands":[{"id":3783,"name":"Emerson","slug":"emerson-it"}],"_links":{"self":[{"href":"https:\/\/www.moskito.cz\/it\/wp-json\/wp\/v2\/product\/345485","targetHints":{"allow":["GET"]}}],"collection":[{"href":"https:\/\/www.moskito.cz\/it\/wp-json\/wp\/v2\/product"}],"about":[{"href":"https:\/\/www.moskito.cz\/it\/wp-json\/wp\/v2\/types\/product"}],"replies":[{"embeddable":true,"href":"https:\/\/www.moskito.cz\/it\/wp-json\/wp\/v2\/comments?post=345485"}],"wp:featuredmedia":[{"embeddable":true,"href":"https:\/\/www.moskito.cz\/it\/wp-json\/wp\/v2\/media\/345456"}],"wp:attachment":[{"href":"https:\/\/www.moskito.cz\/it\/wp-json\/wp\/v2\/media?parent=345485"}],"wp:term":[{"taxonomy":"pwb-brand","embeddable":true,"href":"https:\/\/www.moskito.cz\/it\/wp-json\/wp\/v2\/pwb-brand?post=345485"},{"taxonomy":"product_brand","embeddable":true,"href":"https:\/\/www.moskito.cz\/it\/wp-json\/wp\/v2\/product_brand?post=345485"},{"taxonomy":"product_cat","embeddable":true,"href":"https:\/\/www.moskito.cz\/it\/wp-json\/wp\/v2\/product_cat?post=345485"},{"taxonomy":"product_tag","embeddable":true,"href":"https:\/\/www.moskito.cz\/it\/wp-json\/wp\/v2\/product_tag?post=345485"}],"curies":[{"name":"wp","href":"https:\/\/api.w.org\/{rel}","templated":true}]}}