{"id":345519,"date":"2024-06-19T05:57:16","date_gmt":"2024-06-19T04:57:16","guid":{"rendered":"https:\/\/www.moskito.cz\/produkt\/coltello-di-chiusura-emerson-seax-sf\/"},"modified":"2025-05-07T11:17:53","modified_gmt":"2025-05-07T10:17:53","slug":"coltello-di-chiusura-emerson-seax-sf","status":"publish","type":"product","link":"https:\/\/www.moskito.cz\/it\/produkt\/coltello-di-chiusura-emerson-seax-sf\/","title":{"rendered":"Coltello di chiusura Emerson SEAX SF"},"content":{"rendered":"<p>Coltello di chiusura <strong>Emerson<\/strong> SEAX SF.<\/p>\n<p>Quando qualcosa va bene, non c&#8217;\u00e8 niente da migliorare e durer\u00e0 per anni. Presentato originariamente allo Shot Show 2018, il <strong>Seax Knife<\/strong> \u00e8 diventato sempre pi\u00f9 popolare negli angoli pi\u00f9 remoti di Internet. Non ci sono molte versioni pieghevoli prodotte in serie sul mercato e, poich\u00e9 siamo grandi con le armi vintage, volevamo fare colpo con un design iconico. GUARDA IL VIDEO QUI SOTTO.<\/p>\n<p>Maniglie: resina epossidica \/ fibra di vetro G-10 nera<br \/>\nChiusura: Titanio<br \/>\nLama: 154 cm<br \/>\nFinitura: Stonewashed<br \/>\nLunghezza totale: 23 cm<br \/>\nLunghezza lama: 9,7 cm<br \/>\nDurezza 57-59 RC<\/p>\n<p><iframe title=\"The Emerson Knives Seax Folding Knife\" width=\"800\" height=\"450\" src=\"https:\/\/www.youtube.com\/embed\/mtv5IK5p8hE?feature=oembed\" frameborder=\"0\" allow=\"accelerometer; autoplay; clipboard-write; encrypted-media; gyroscope; picture-in-picture; web-share\" referrerpolicy=\"strict-origin-when-cross-origin\" allowfullscreen><\/iframe><\/p>\n<p>&nbsp;<\/p>\n","protected":false},"excerpt":{"rendered":"<p><strong>Dimostrato da secoli come un design durevole per esterni, il Viking Seax \u00e8 il coltello multiuso perfetto per cacciatori, pescatori e commercianti, e se li fai tutti e tre, il Seax non deluder\u00e0 mai.  <\/strong><\/p>\n<p><strong>Trasporto gratuito.<\/strong><\/p>\n","protected":false},"featured_media":345496,"comment_status":"open","ping_status":"closed","template":"","meta":[],"pwb-brand":[3783],"product_brand":[],"product_cat":[3749,3745],"product_tag":[],"class_list":{"0":"post-345519","1":"product","2":"type-product","3":"status-publish","4":"has-post-thumbnail","6":"pwb-brand-emerson-it","7":"product_cat-coltelli-di-chiusura","8":"product_cat-coltelli","10":"first","11":"instock","12":"taxable","13":"shipping-taxable","14":"purchasable","15":"product-type-simple"},"brands":[{"id":3783,"name":"Emerson","slug":"emerson-it"}],"_links":{"self":[{"href":"https:\/\/www.moskito.cz\/it\/wp-json\/wp\/v2\/product\/345519","targetHints":{"allow":["GET"]}}],"collection":[{"href":"https:\/\/www.moskito.cz\/it\/wp-json\/wp\/v2\/product"}],"about":[{"href":"https:\/\/www.moskito.cz\/it\/wp-json\/wp\/v2\/types\/product"}],"replies":[{"embeddable":true,"href":"https:\/\/www.moskito.cz\/it\/wp-json\/wp\/v2\/comments?post=345519"}],"wp:featuredmedia":[{"embeddable":true,"href":"https:\/\/www.moskito.cz\/it\/wp-json\/wp\/v2\/media\/345496"}],"wp:attachment":[{"href":"https:\/\/www.moskito.cz\/it\/wp-json\/wp\/v2\/media?parent=345519"}],"wp:term":[{"taxonomy":"pwb-brand","embeddable":true,"href":"https:\/\/www.moskito.cz\/it\/wp-json\/wp\/v2\/pwb-brand?post=345519"},{"taxonomy":"product_brand","embeddable":true,"href":"https:\/\/www.moskito.cz\/it\/wp-json\/wp\/v2\/product_brand?post=345519"},{"taxonomy":"product_cat","embeddable":true,"href":"https:\/\/www.moskito.cz\/it\/wp-json\/wp\/v2\/product_cat?post=345519"},{"taxonomy":"product_tag","embeddable":true,"href":"https:\/\/www.moskito.cz\/it\/wp-json\/wp\/v2\/product_tag?post=345519"}],"curies":[{"name":"wp","href":"https:\/\/api.w.org\/{rel}","templated":true}]}}