{"id":345673,"date":"2024-06-19T16:00:11","date_gmt":"2024-06-19T15:01:01","guid":{"rendered":"https:\/\/www.moskito.cz\/produkt\/coltello-di-chiusura-sog-escape\/"},"modified":"2025-05-07T11:17:59","modified_gmt":"2025-05-07T10:17:59","slug":"coltello-di-chiusura-sog-escape","status":"publish","type":"product","link":"https:\/\/www.moskito.cz\/it\/produkt\/coltello-di-chiusura-sog-escape\/","title":{"rendered":"Coltello Di Chiusura SOG ESCAPE"},"content":{"rendered":"<p>Coltello Di Chiusura <strong>SOG<\/strong> ESCAPE.<\/p>\n<p><strong>L&#8217;Escape<\/strong> \u00e8 un coltello pieghevole delle dimensioni perfette per il trasporto quotidiano, ma ha ancora un&#8217;enorme capacit\u00e0 con una lama che pu\u00f2 essere aperta con una mano. Nel manico \u00e8 integrato un tagliafili (ideale per tagliare corde, spaghi, cinture di sicurezza, ecc.), un rompivetro per casi estremi, il nostro spelafili brevettato e lame tagliafili aggiuntive (che sono riposte sotto la piastra del manico). Tutto questo, combinato con una solida lama a punta di lancia semi-seghettata e un manico in alluminio anodizzato duro, dice che sono pronto per tutto ci\u00f2 che mi capita.<\/p>\n<p>Misura totale: 20,8 cm<br \/>\nLunghezza lama: 8,6 cm<br \/>\nSpessore lama: 0,33 cm<br \/>\nAcciaio: 9Cr18MoV<br \/>\nMateriale maniglia: alluminio anodizzato 6061-T6 con copertura in policarbonato<\/p>\n","protected":false},"excerpt":{"rendered":"<p><strong>L&#8217;Escape \u00e8 un coltello pieghevole delle dimensioni perfette per il trasporto quotidiano, ma ha comunque un&#8217;enorme capacit\u00e0 con una lama che pu\u00f2 essere aperta con una mano.<\/strong><\/p>\n","protected":false},"featured_media":345630,"comment_status":"open","ping_status":"closed","template":"","meta":[],"pwb-brand":[3850],"product_brand":[],"product_cat":[3745,3749],"product_tag":[],"class_list":{"0":"post-345673","1":"product","2":"type-product","3":"status-publish","4":"has-post-thumbnail","6":"pwb-brand-sog-it","7":"product_cat-coltelli","8":"product_cat-coltelli-di-chiusura","10":"first","11":"outofstock","12":"taxable","13":"shipping-taxable","14":"purchasable","15":"product-type-simple"},"brands":[{"id":3850,"name":"SOG","slug":"sog-it"}],"_links":{"self":[{"href":"https:\/\/www.moskito.cz\/it\/wp-json\/wp\/v2\/product\/345673","targetHints":{"allow":["GET"]}}],"collection":[{"href":"https:\/\/www.moskito.cz\/it\/wp-json\/wp\/v2\/product"}],"about":[{"href":"https:\/\/www.moskito.cz\/it\/wp-json\/wp\/v2\/types\/product"}],"replies":[{"embeddable":true,"href":"https:\/\/www.moskito.cz\/it\/wp-json\/wp\/v2\/comments?post=345673"}],"wp:featuredmedia":[{"embeddable":true,"href":"https:\/\/www.moskito.cz\/it\/wp-json\/wp\/v2\/media\/345630"}],"wp:attachment":[{"href":"https:\/\/www.moskito.cz\/it\/wp-json\/wp\/v2\/media?parent=345673"}],"wp:term":[{"taxonomy":"pwb-brand","embeddable":true,"href":"https:\/\/www.moskito.cz\/it\/wp-json\/wp\/v2\/pwb-brand?post=345673"},{"taxonomy":"product_brand","embeddable":true,"href":"https:\/\/www.moskito.cz\/it\/wp-json\/wp\/v2\/product_brand?post=345673"},{"taxonomy":"product_cat","embeddable":true,"href":"https:\/\/www.moskito.cz\/it\/wp-json\/wp\/v2\/product_cat?post=345673"},{"taxonomy":"product_tag","embeddable":true,"href":"https:\/\/www.moskito.cz\/it\/wp-json\/wp\/v2\/product_tag?post=345673"}],"curies":[{"name":"wp","href":"https:\/\/api.w.org\/{rel}","templated":true}]}}