{"id":345789,"date":"2024-06-20T09:20:45","date_gmt":"2024-06-20T08:20:45","guid":{"rendered":"https:\/\/www.moskito.cz\/produkt\/coltello-fisso-tellus-fx-wolf-grey\/"},"modified":"2025-05-07T11:18:02","modified_gmt":"2025-05-07T10:18:02","slug":"coltello-fisso-tellus-fx-wolf-grey","status":"publish","type":"product","link":"https:\/\/www.moskito.cz\/it\/produkt\/coltello-fisso-tellus-fx-wolf-grey\/","title":{"rendered":"Coltello Fisso Tellus FX Wolf Grey"},"content":{"rendered":"<p>Coltello Fisso <strong>Tellus FX<\/strong> Wolf Grey.<\/p>\n<p>Tellus FX \u2013 un coltello con lama solida e filo liscio. Il coltello da lavoro per eccellenza. Puoi trovare la sua applicazione in natura.<\/p>\n<p>Acciaio inossidabile CRYO 440C<\/p>\n<p>L&#8217;acciaio inossidabile CRYO 440C ha la combinazione perfetta di eccellente resistenza alla corrosione e all&#8217;usura richiesta per un coltello progettato per un uso esterno intenso. La finitura Stonewashed offre una maggiore resistenza alla corrosione e nasconde i graffi per mantenere il tuo coltello in ottime condizioni.<\/p>\n<p>Maniglia GRN<\/p>\n<p>Il nylon \u00e8 un materiale popolare per i manici dei coltelli grazie alla sua robustezza, resistenza agli urti, inerzia chimica e stabilit\u00e0 alle alte temperature. Tutte queste propriet\u00e0 sono migliorate nel Tellus FX aggiungendo fibre di vetro al nylon per creare un materiale nuovo e ancora pi\u00f9 durevole, il nylon rinforzato con fibra di vetro (GRN).<\/p>\n<p>Custodia compatibile UMS<\/p>\n<p>La guaina incorpora le parti migliori del sistema di montaggio universale SOG, consentendo un trasporto sicuro e personalizzato per un&#8217;ampia variet\u00e0 di avventure all&#8217;aria aperta.<\/p>\n<p>Peso: 191<br \/>\nMisura totale: 22,9 cm<br \/>\nLunghezza lama: 10,8 cm<br \/>\nSpessore lama: 0,38 cm<br \/>\nAcciaio: CRYO 440 (9Cr18MoV)<br \/>\nMateriale manico: GRN<\/p>\n<p>&nbsp;<\/p>\n<p><iframe title=\"Tellus and Altair Knives - Texas Axis Deer Hunt\" width=\"800\" height=\"450\" src=\"https:\/\/www.youtube.com\/embed\/3nAfH51J9f0?feature=oembed\" frameborder=\"0\" allow=\"accelerometer; autoplay; clipboard-write; encrypted-media; gyroscope; picture-in-picture; web-share\" referrerpolicy=\"strict-origin-when-cross-origin\" allowfullscreen><\/iframe><\/p>\n<p>&nbsp;<\/p>\n<p>&nbsp;<\/p>\n","protected":false},"excerpt":{"rendered":"<p><strong>Tellus FX \u2013 un coltello con lama solida e filo liscio. Il coltello da lavoro per eccellenza.<\/strong><\/p>\n","protected":false},"featured_media":345747,"comment_status":"open","ping_status":"closed","template":"","meta":[],"pwb-brand":[3850],"product_brand":[],"product_cat":[3746,3745],"product_tag":[3755],"class_list":{"0":"post-345789","1":"product","2":"type-product","3":"status-publish","4":"has-post-thumbnail","6":"pwb-brand-sog-it","7":"product_cat-coltelli-solidi","8":"product_cat-coltelli","9":"product_tag-b2b-it","11":"first","12":"outofstock","13":"taxable","14":"shipping-taxable","15":"purchasable","16":"product-type-simple"},"brands":[{"id":3850,"name":"SOG","slug":"sog-it"}],"_links":{"self":[{"href":"https:\/\/www.moskito.cz\/it\/wp-json\/wp\/v2\/product\/345789","targetHints":{"allow":["GET"]}}],"collection":[{"href":"https:\/\/www.moskito.cz\/it\/wp-json\/wp\/v2\/product"}],"about":[{"href":"https:\/\/www.moskito.cz\/it\/wp-json\/wp\/v2\/types\/product"}],"replies":[{"embeddable":true,"href":"https:\/\/www.moskito.cz\/it\/wp-json\/wp\/v2\/comments?post=345789"}],"wp:featuredmedia":[{"embeddable":true,"href":"https:\/\/www.moskito.cz\/it\/wp-json\/wp\/v2\/media\/345747"}],"wp:attachment":[{"href":"https:\/\/www.moskito.cz\/it\/wp-json\/wp\/v2\/media?parent=345789"}],"wp:term":[{"taxonomy":"pwb-brand","embeddable":true,"href":"https:\/\/www.moskito.cz\/it\/wp-json\/wp\/v2\/pwb-brand?post=345789"},{"taxonomy":"product_brand","embeddable":true,"href":"https:\/\/www.moskito.cz\/it\/wp-json\/wp\/v2\/product_brand?post=345789"},{"taxonomy":"product_cat","embeddable":true,"href":"https:\/\/www.moskito.cz\/it\/wp-json\/wp\/v2\/product_cat?post=345789"},{"taxonomy":"product_tag","embeddable":true,"href":"https:\/\/www.moskito.cz\/it\/wp-json\/wp\/v2\/product_tag?post=345789"}],"curies":[{"name":"wp","href":"https:\/\/api.w.org\/{rel}","templated":true}]}}