{"id":346324,"date":"2024-06-20T14:22:51","date_gmt":"2024-06-20T13:27:37","guid":{"rendered":"https:\/\/www.moskito.cz\/produkt\/fornitore-sog-fx-per-coltelli-solidi\/"},"modified":"2025-05-07T11:18:09","modified_gmt":"2025-05-07T10:18:09","slug":"fornitore-sog-fx-per-coltelli-solidi","status":"publish","type":"product","link":"https:\/\/www.moskito.cz\/it\/produkt\/fornitore-sog-fx-per-coltelli-solidi\/","title":{"rendered":"Fornitore SOG FX per coltelli solidi"},"content":{"rendered":"<p>Fornitore <strong>SOG<\/strong> FX per coltelli solidi.<\/p>\n<p>Provider FX \u00e8 un compagno versatile e affidabile per cacciatori e appassionati di outdoor. Costruito pensando alla precisione e alla durata, questo coltello eccezionale \u00e8 progettato per offrire prestazioni superiori in natura. \u00c8 dotato di una lama in acciaio pietra da 3,75 pollici 154 cm nota per l&#8217;eccellente ritenzione del bordo e resistenza alla corrosione. La lama esegue un taglio completo lungo il dorso e offre migliore controllo e presa per un taglio preciso. L&#8217;impugnatura robusta e strutturata della bilancia G10 offre una presa sicura e pu\u00f2 essere facilmente rimossa per un pacchetto leggero e compatto. Il fodero Kydex \u00e8 dotato di un versatile sistema di montaggio SOG che ti consente di avere questo coltello a portata di mano ogni volta che ne hai bisogno.<\/p>\n<p>Costruito per le prestazioni<br \/>\nLa finitura della lama spessa 154 cm offre un aspetto robusto e distintivo fornendo allo stesso tempo un ulteriore livello di protezione dall&#8217;usura. La lama esegue un taglio completo lungo il dorso e offre migliore controllo e presa per un taglio preciso.<\/p>\n<p>Che tu stia seguendo la selvaggina o conquistando la natura selvaggia, Provider FX \u00e8 il compagno perfetto per le tue avventure all&#8217;aria aperta.<br \/>\nLa sua struttura robusta, i materiali di prima qualit\u00e0 e il design accurato lo rendono uno strumento indispensabile per cacciatori, campeggiatori e amanti della natura. Affidati a un fornitore FX che offre prestazioni e affidabilit\u00e0 eccezionali in ogni fase del processo.<\/p>\n<p>Acciaio 154 cm<\/p>\n<p>Il cuore del Provider FX \u00e8 una lama forgiata in acciaio di alta qualit\u00e0 da 154 cm. Conosciuto per l&#8217;eccellente ritenzione della lama e resistenza alla corrosione, questo acciaio premium garantisce che il tuo coltello rimanga affilato e affidabile anche con un uso a lungo termine in condizioni difficili. La lunghezza della lama \u00e8 di 3,75 pollici, il perfetto equilibrio tra versatilit\u00e0 e manovrabilit\u00e0. Con una lunghezza complessiva di 8,1 pollici, questo coltello offre una portata sufficiente pur mantenendo un design compatto e portatile.<\/p>\n<p>Manici G10 staccabili<\/p>\n<p>Progettato per soddisfare le tue esigenze, Provider FX \u00e8 dotato di una maniglia G10 verde staccabile per un trasporto e un imballaggio leggeri e compatti. Il G10 \u00e8 noto per la sua resistenza eccezionale, che consente una presa sicura e confortevole anche in condizioni bagnate o scivolose.<\/p>\n<p>Peso: 142 g<br \/>\nMisura totale: 20,5 cm<br \/>\nLunghezza lama: 9,5 cm<br \/>\nSpessore lama: 0,36 cm<br \/>\nAcciaio: CRYO 154CM<br \/>\nMateriale manico: GRN<br \/>\nMateriale della custodia: Kydex<\/p>\n<p><iframe title=\"Provider FX\" width=\"800\" height=\"450\" src=\"https:\/\/www.youtube.com\/embed\/8uWEDZD3w4k?feature=oembed\" frameborder=\"0\" allow=\"accelerometer; autoplay; clipboard-write; encrypted-media; gyroscope; picture-in-picture; web-share\" referrerpolicy=\"strict-origin-when-cross-origin\" allowfullscreen><\/iframe><\/p>\n<p>&nbsp;<\/p>\n<p>&nbsp;<\/p>\n","protected":false},"excerpt":{"rendered":"<p><strong>Il Provider FX \u00e8 un coltello solido versatile e affidabile per cacciatori e appassionati di outdoor con costruzione a tutto codolo.<\/strong><\/p>\n<p><strong>Trasporto gratuito.<\/strong><\/p>\n","protected":false},"featured_media":346257,"comment_status":"open","ping_status":"closed","template":"","meta":[],"pwb-brand":[3850],"product_brand":[],"product_cat":[3745,3746],"product_tag":[],"class_list":{"0":"post-346324","1":"product","2":"type-product","3":"status-publish","4":"has-post-thumbnail","6":"pwb-brand-sog-it","7":"product_cat-coltelli","8":"product_cat-coltelli-solidi","10":"first","11":"instock","12":"taxable","13":"shipping-taxable","14":"purchasable","15":"product-type-simple"},"brands":[{"id":3850,"name":"SOG","slug":"sog-it"}],"_links":{"self":[{"href":"https:\/\/www.moskito.cz\/it\/wp-json\/wp\/v2\/product\/346324","targetHints":{"allow":["GET"]}}],"collection":[{"href":"https:\/\/www.moskito.cz\/it\/wp-json\/wp\/v2\/product"}],"about":[{"href":"https:\/\/www.moskito.cz\/it\/wp-json\/wp\/v2\/types\/product"}],"replies":[{"embeddable":true,"href":"https:\/\/www.moskito.cz\/it\/wp-json\/wp\/v2\/comments?post=346324"}],"wp:featuredmedia":[{"embeddable":true,"href":"https:\/\/www.moskito.cz\/it\/wp-json\/wp\/v2\/media\/346257"}],"wp:attachment":[{"href":"https:\/\/www.moskito.cz\/it\/wp-json\/wp\/v2\/media?parent=346324"}],"wp:term":[{"taxonomy":"pwb-brand","embeddable":true,"href":"https:\/\/www.moskito.cz\/it\/wp-json\/wp\/v2\/pwb-brand?post=346324"},{"taxonomy":"product_brand","embeddable":true,"href":"https:\/\/www.moskito.cz\/it\/wp-json\/wp\/v2\/product_brand?post=346324"},{"taxonomy":"product_cat","embeddable":true,"href":"https:\/\/www.moskito.cz\/it\/wp-json\/wp\/v2\/product_cat?post=346324"},{"taxonomy":"product_tag","embeddable":true,"href":"https:\/\/www.moskito.cz\/it\/wp-json\/wp\/v2\/product_tag?post=346324"}],"curies":[{"name":"wp","href":"https:\/\/api.w.org\/{rel}","templated":true}]}}