{"id":346414,"date":"2022-11-24T23:20:55","date_gmt":"2024-06-20T14:14:36","guid":{"rendered":"https:\/\/www.moskito.cz\/produkt\/coltello-fisso-extrema-ratio-misericordia-black-warfare-edizione-limitata\/"},"modified":"2025-05-07T11:18:09","modified_gmt":"2025-05-07T10:18:09","slug":"coltello-fisso-extrema-ratio-misericordia-black-warfare-edizione-limitata","status":"publish","type":"product","link":"https:\/\/www.moskito.cz\/it\/produkt\/coltello-fisso-extrema-ratio-misericordia-black-warfare-edizione-limitata\/","title":{"rendered":"Coltello Fisso Extrema Ratio MISERICORDIA BLACK WARFARE EDIZIONE LIMITATA"},"content":{"rendered":"<p>Coltello Fisso <strong>Extrema Ratio<\/strong> MISERICORDIA BLACK WARFARE EDIZIONE LIMITATA.<\/p>\n<p>Extrema Ratio Misericordia Black Warfare \u00e8 un&#8217;edizione limitata di soli 500 pezzi. Ha tutte le caratteristiche della celebre Misericordia adottata il 4. dal Reggimento Paracadutisti Alpini, che ha contribuito al suo sviluppo e sperimentazione, e lo ha scelto per le sue caratteristiche uniche che lo rendono particolarmente adatto al combattimento in agguato.<\/p>\n<p>La lama \u00e8 fresata in acciaio B\u00f6hler N690, trattato termicamente a 58 HRC per la migliore combinazione di ritenzione del filo e tenacit\u00e0. \u00c8 lungo 118 mm (4,65\u201d) e spesso 4 mm (0,16\u201d) con una molatura piatta. Il coltello pesa solo 87 g (3,1 once). La lama ha la forma di una punta di lancia con una lunghezza maggiore che la rende ancora pi\u00f9 leggera e presenta un falso doppio filo fino a 3\/4 della sua lunghezza. La sua finitura, Black Warfare, \u00e8 realizzata con l&#8217;innovativo e originale motivo Geotech Camo di Extrema Ratio, inciso al laser sulla superficie. L&#8217;impugnatura conserva il caratteristico profilo ergonomico di Extrema Ratio ed \u00e8 realizzata in nylon rinforzato con fibra di vetro per offrire la massima robustezza in ogni momento, anche durante gli usi pi\u00f9 impegnativi.<\/p>\n<p>Il caratteristico anello sulla testata aiuta il soldato ad acquisire una presa migliore per un tiro pi\u00f9 sicuro ed efficace, aumentando esponenzialmente l&#8217;efficacia in combattimento della Misericordia. La fondina in kydex pu\u00f2 essere fissata a una clip da cintura, ULTICLIP e malice clip, nonch\u00e9 a una cinghia MOLLE con paracord. C&#8217;\u00e8 anche una guaina in nylon resistente opzionale con due anelli regolabili per il fissaggio a una cinghia MOLLE.<\/p>\n<p>La Misericordia Black Warfare viene fornita in una custodia impermeabile in polipropilene IP67 resistente alle intemperie, alla polvere e agli urti con valvola di pressione che porta anche un fodero in Kydex, doppio ulticlip, doppio affilatore (ceramica e diamante sintetico) e placca metallica con numero progressivo all&#8217;interno della serie in edizione limitata.<\/p>\n<p>PESO G: 87<br \/>\nPESO ONCE: 3.1<br \/>\nLUNGHEZZA LAMA (MM): 118<br \/>\nLUNGHEZZA LAMA (POLLICI): 4,64<br \/>\nLUNGHEZZA TOTALE (MM): 233<br \/>\nLUNGHEZZA TOTALE (H): 9,17<br \/>\nSPESSORE LAMA (MM): 4<br \/>\nSPESSORE DELLA LAMA (POLLICI): 0,16<br \/>\nMATERIALE LAMA: ACCIAIO B\u00d6HLER N690 (58HRC)<br \/>\nTRATTAMENTO SUPERFICIE DELLA LAMA: MIL-C-13924 BRUNISHING GEOTECH CAMO<br \/>\nGRIGLIA PRINCIPALE: PIATTA<br \/>\nMATERIALE MANICO: NYLON \/ FIBRA DI VETRO (FRN)<\/p>\n<p><iframe title=\"New Misericordia Black Warfare\" width=\"800\" height=\"450\" src=\"https:\/\/www.youtube.com\/embed\/2IxpuJsoT1E?feature=oembed\" frameborder=\"0\" allow=\"accelerometer; autoplay; clipboard-write; encrypted-media; gyroscope; picture-in-picture; web-share\" referrerpolicy=\"strict-origin-when-cross-origin\" allowfullscreen><\/iframe><\/p>\n<p>&nbsp;<\/p>\n","protected":false},"excerpt":{"rendered":"<p>Con sede a Prato, in Italia <strong>, Extrema Ratio<\/strong> progetta e produce coltelli da combattimento, militari, da cucina, da caccia e tattici ad alte prestazioni dal 1997 e ha una reputazione di qualit\u00e0 superiore che non \u00e8 seconda a nessuno nel settore dei coltelli militari e tattici. <strong>Trasporto gratuito.<\/strong><\/p>\n","protected":false},"featured_media":346415,"comment_status":"open","ping_status":"closed","template":"","meta":[],"pwb-brand":[3768],"product_brand":[],"product_cat":[3745,3746],"product_tag":[3755],"class_list":{"0":"post-346414","1":"product","2":"type-product","3":"status-publish","4":"has-post-thumbnail","6":"pwb-brand-rapporto-estremo","7":"product_cat-coltelli","8":"product_cat-coltelli-solidi","9":"product_tag-b2b-it","11":"first","12":"instock","13":"taxable","14":"shipping-taxable","15":"purchasable","16":"product-type-simple"},"brands":[{"id":3768,"name":"Rapporto estremo","slug":"rapporto-estremo"}],"_links":{"self":[{"href":"https:\/\/www.moskito.cz\/it\/wp-json\/wp\/v2\/product\/346414","targetHints":{"allow":["GET"]}}],"collection":[{"href":"https:\/\/www.moskito.cz\/it\/wp-json\/wp\/v2\/product"}],"about":[{"href":"https:\/\/www.moskito.cz\/it\/wp-json\/wp\/v2\/types\/product"}],"replies":[{"embeddable":true,"href":"https:\/\/www.moskito.cz\/it\/wp-json\/wp\/v2\/comments?post=346414"}],"wp:featuredmedia":[{"embeddable":true,"href":"https:\/\/www.moskito.cz\/it\/wp-json\/wp\/v2\/media\/346415"}],"wp:attachment":[{"href":"https:\/\/www.moskito.cz\/it\/wp-json\/wp\/v2\/media?parent=346414"}],"wp:term":[{"taxonomy":"pwb-brand","embeddable":true,"href":"https:\/\/www.moskito.cz\/it\/wp-json\/wp\/v2\/pwb-brand?post=346414"},{"taxonomy":"product_brand","embeddable":true,"href":"https:\/\/www.moskito.cz\/it\/wp-json\/wp\/v2\/product_brand?post=346414"},{"taxonomy":"product_cat","embeddable":true,"href":"https:\/\/www.moskito.cz\/it\/wp-json\/wp\/v2\/product_cat?post=346414"},{"taxonomy":"product_tag","embeddable":true,"href":"https:\/\/www.moskito.cz\/it\/wp-json\/wp\/v2\/product_tag?post=346414"}],"curies":[{"name":"wp","href":"https:\/\/api.w.org\/{rel}","templated":true}]}}