{"id":346564,"date":"2024-06-20T21:20:42","date_gmt":"2024-06-20T20:21:32","guid":{"rendered":"https:\/\/www.moskito.cz\/produkt\/boker-plus-kalashnikov-coltello-da-tiro-dessert-warrior-blue-donut\/"},"modified":"2025-05-07T11:18:13","modified_gmt":"2025-05-07T10:18:13","slug":"boker-plus-kalashnikov-coltello-da-tiro-dessert-warrior-blue-donut","status":"publish","type":"product","link":"https:\/\/www.moskito.cz\/it\/produkt\/boker-plus-kalashnikov-coltello-da-tiro-dessert-warrior-blue-donut\/","title":{"rendered":"Boker Plus Kalashnikov Coltello da tiro Dessert Warrior Blue Donut"},"content":{"rendered":"<p><strong>Boker<\/strong> Plus Kalashnikov Coltello da tiro Dessert Warrior Blue Donut.<\/p>\n<p>Un coltello tattico da dessert con scanalature in gomma testurizzata su un manico in alluminio testurizzato nero per una presa sicura. Lama in acciaio inossidabile AUS-8 blu con buona tenuta del filo. La clip da tasca \u00e8 montata sull&#8217;estremit\u00e0 posteriore del coltello in modo che rimanga in basso nella tasca. Foro per cordino. Pulsante automatico di apertura e sblocco per la chiusura. Ottimo coltello per i soldi. Viene fornito nuovo in una scatola stile rivista AK-47.<\/p>\n<p>Hai mai avuto la sfortuna di dover condividere una ciambella? La tua situazione peggiora solo quando ti ritrovi a dover rivestire il tuo gioiello tascabile ad alta velocit\u00e0, a bassa resistenza, modificato, personalizzato e rivestito a specchio con dolcezza appiccicosa. Ci\u00f2 di cui hai bisogno \u00e8 un coltello progettato da zero per andare in guerra con la ciambella. E sebbene il suo percorso verso l&#8217;esistenza non sia stato ortodosso, Dessert Warrior \u00e8 qui! Questo distributore automatico si apre prima che qualcuno possa prendere pi\u00f9 della met\u00e0 della ciambella. Il manico \u00e8 rosa brillante con granelli e la lama ha una dolce finitura blu, quindi il coltello si confonder\u00e0 con i deliziosi prodotti da forno del negozio. Sono finiti i giorni in cui non avevi lo strumento giusto per il lavoro!<\/p>\n<p>Vuoi aggiungere un tocco di brillantezza al tuo Kalashnikov? Dai un&#8217;occhiata a queste eleganti clip da tasca in Flytanium! Queste clip da tasca si adattano solo ai modelli normali, non Mini o XXL.<\/p>\n<p><strong>Il Boker Kalashnikov<\/strong> si ispira al fucile Kalashnikov. Il suo manico \u00e8 sagomato per adattarsi perfettamente alla mano e promette una presa sicura con scanalature sulla parte superiore e inferiore. Kalashnikov onora il suo omonimo con un design su cui puoi fare affidamento.<\/p>\n<p>Materiale lama: acciaio inossidabile AUS-8<br \/>\nMateriale manico: alluminio<br \/>\nStile lama: punto di caduta<br \/>\nFinitura lama: Bead Blast<br \/>\nTipo di bordo: standard<br \/>\nModello\/modello: Kalashnikov<br \/>\nTipo di coltello: automatico<br \/>\nTipo di blocco: blocco pulsanti<br \/>\nLunghezza lama: 8,12 cm<br \/>\nLunghezza manico: 10,75 cm<br \/>\nLunghezza totale: 19,12 cm<br \/>\nPeso: 3,70 once.<\/p>\n","protected":false},"excerpt":{"rendered":"<p><strong>Molto tempo fa i nostri acquirenti contattarono Boker e ordinarono alcuni coltelli Kalashnikov &#8220;Desert Warrior&#8221;. Da qualche parte nella catena di comunicazione ha ottenuto una &#8220;s&#8221; in pi\u00f9 ed \u00e8 finito sulla scrivania del designer. Il risultato: Dessert Warrior. E tu sai cosa? Non ci lamentiamo!<\/strong><\/p>\n","protected":false},"featured_media":346530,"comment_status":"open","ping_status":"closed","template":"","meta":[],"pwb-brand":[3798],"product_brand":[],"product_cat":[3745,3748],"product_tag":[3755],"class_list":{"0":"post-346564","1":"product","2":"type-product","3":"status-publish","4":"has-post-thumbnail","6":"pwb-brand-boker-it","7":"product_cat-coltelli","8":"product_cat-coltelli-da-tiro","9":"product_tag-b2b-it","11":"first","12":"outofstock","13":"taxable","14":"shipping-taxable","15":"purchasable","16":"product-type-simple"},"brands":[{"id":3798,"name":"Boker","slug":"boker-it"}],"_links":{"self":[{"href":"https:\/\/www.moskito.cz\/it\/wp-json\/wp\/v2\/product\/346564","targetHints":{"allow":["GET"]}}],"collection":[{"href":"https:\/\/www.moskito.cz\/it\/wp-json\/wp\/v2\/product"}],"about":[{"href":"https:\/\/www.moskito.cz\/it\/wp-json\/wp\/v2\/types\/product"}],"replies":[{"embeddable":true,"href":"https:\/\/www.moskito.cz\/it\/wp-json\/wp\/v2\/comments?post=346564"}],"wp:featuredmedia":[{"embeddable":true,"href":"https:\/\/www.moskito.cz\/it\/wp-json\/wp\/v2\/media\/346530"}],"wp:attachment":[{"href":"https:\/\/www.moskito.cz\/it\/wp-json\/wp\/v2\/media?parent=346564"}],"wp:term":[{"taxonomy":"pwb-brand","embeddable":true,"href":"https:\/\/www.moskito.cz\/it\/wp-json\/wp\/v2\/pwb-brand?post=346564"},{"taxonomy":"product_brand","embeddable":true,"href":"https:\/\/www.moskito.cz\/it\/wp-json\/wp\/v2\/product_brand?post=346564"},{"taxonomy":"product_cat","embeddable":true,"href":"https:\/\/www.moskito.cz\/it\/wp-json\/wp\/v2\/product_cat?post=346564"},{"taxonomy":"product_tag","embeddable":true,"href":"https:\/\/www.moskito.cz\/it\/wp-json\/wp\/v2\/product_tag?post=346564"}],"curies":[{"name":"wp","href":"https:\/\/api.w.org\/{rel}","templated":true}]}}