{"id":347994,"date":"2024-06-26T15:00:30","date_gmt":"2024-06-26T14:00:30","guid":{"rendered":"https:\/\/www.moskito.cz\/produkt\/coltello-fisso-muela-gavilan\/"},"modified":"2025-05-07T11:18:56","modified_gmt":"2025-05-07T10:18:56","slug":"coltello-fisso-muela-gavilan","status":"publish","type":"product","link":"https:\/\/www.moskito.cz\/it\/produkt\/coltello-fisso-muela-gavilan\/","title":{"rendered":"Coltello fisso Muela Gavilan"},"content":{"rendered":"<p>Coltello fisso <strong>Muela<\/strong> Gavilan.<\/p>\n<p><strong>Il Gvil\u00e1n Muela<\/strong> \u00e8 un coltello di fascia alta con lama in acciaio MoVa e manico in legno di faggio stilizzato e ottone. Questo prodotto di alta qualit\u00e0 ha una superficie lavorata ed esclusiva. Inoltre \u00e8 dotato di custodia in pelle.<\/p>\n<p>Il prestigioso marchio di coltelli Muela di origine spagnola si distingue per la sua estrema qualit\u00e0. I coltelli spagnoli hanno il fodero rimosso e sia la lama che il manico sono in un unico pezzo, il che li rende molto pi\u00f9 resistenti agli urti. Ha dimensioni molto interessanti, quindi \u00e8 un prodotto dal rapporto prezzo\/prestazioni senza eguali.<\/p>\n<p>Coltello da esterno di grandi dimensioni con lama in acciaio al molibdeno-vanadio. L&#8217;ulteriore trasformazione della microstruttura da martinsite ad austenite rende l&#8217;acciaio di qualit\u00e0 superiore. La trasformazione conferisce alla microstruttura una struttura pi\u00f9 omogenea, rendendola pi\u00f9 resistente alla frattura e alla corrosione e complessivamente pi\u00f9 stabile. Muela chiama questo metodo CRYO-T. Il manico \u00e8 in legno di faggio con incisione decorativa brunita e mostrine in ottone. Con custodia in pelle di alta qualit\u00e0.<\/p>\n<p>Materiale lama: X50CrMoV15 (acciaio inossidabile al molibdeno vanadio)<br \/>\nMateriale manico: legno di faggio<br \/>\nFodero: cuoio<br \/>\nLunghezza lama: 12,5 cm<br \/>\nLunghezza totale: 25,5 cm<br \/>\nPeso: 315 g<\/p>\n<p>&nbsp;<\/p>\n<p>&nbsp;<\/p>\n","protected":false},"excerpt":{"rendered":"<p><strong>Il Gvil\u00e1n Muela \u00e8 un coltello di fascia alta con lama in acciaio MoVa e manico in legno di faggio stilizzato e ottone. Questo prodotto di alta qualit\u00e0 ha una superficie lavorata ed esclusiva. Inoltre \u00e8 dotato di custodia in pelle.<\/strong><\/p>\n","protected":false},"featured_media":347968,"comment_status":"open","ping_status":"closed","template":"","meta":[],"pwb-brand":[3913],"product_brand":[],"product_cat":[3746,3745],"product_tag":[],"class_list":{"0":"post-347994","1":"product","2":"type-product","3":"status-publish","4":"has-post-thumbnail","6":"pwb-brand-lei-doveva","7":"product_cat-coltelli-solidi","8":"product_cat-coltelli","10":"first","11":"outofstock","12":"taxable","13":"shipping-taxable","14":"purchasable","15":"product-type-simple"},"brands":[{"id":3913,"name":"Lei doveva","slug":"lei-doveva"}],"_links":{"self":[{"href":"https:\/\/www.moskito.cz\/it\/wp-json\/wp\/v2\/product\/347994","targetHints":{"allow":["GET"]}}],"collection":[{"href":"https:\/\/www.moskito.cz\/it\/wp-json\/wp\/v2\/product"}],"about":[{"href":"https:\/\/www.moskito.cz\/it\/wp-json\/wp\/v2\/types\/product"}],"replies":[{"embeddable":true,"href":"https:\/\/www.moskito.cz\/it\/wp-json\/wp\/v2\/comments?post=347994"}],"wp:featuredmedia":[{"embeddable":true,"href":"https:\/\/www.moskito.cz\/it\/wp-json\/wp\/v2\/media\/347968"}],"wp:attachment":[{"href":"https:\/\/www.moskito.cz\/it\/wp-json\/wp\/v2\/media?parent=347994"}],"wp:term":[{"taxonomy":"pwb-brand","embeddable":true,"href":"https:\/\/www.moskito.cz\/it\/wp-json\/wp\/v2\/pwb-brand?post=347994"},{"taxonomy":"product_brand","embeddable":true,"href":"https:\/\/www.moskito.cz\/it\/wp-json\/wp\/v2\/product_brand?post=347994"},{"taxonomy":"product_cat","embeddable":true,"href":"https:\/\/www.moskito.cz\/it\/wp-json\/wp\/v2\/product_cat?post=347994"},{"taxonomy":"product_tag","embeddable":true,"href":"https:\/\/www.moskito.cz\/it\/wp-json\/wp\/v2\/product_tag?post=347994"}],"curies":[{"name":"wp","href":"https:\/\/api.w.org\/{rel}","templated":true}]}}