{"id":348018,"date":"2024-06-26T15:32:49","date_gmt":"2024-06-26T14:33:41","guid":{"rendered":"https:\/\/www.moskito.cz\/produkt\/coltello-fisso-muela-mouse-6r\/"},"modified":"2025-05-07T11:18:57","modified_gmt":"2025-05-07T10:18:57","slug":"coltello-fisso-muela-mouse-6r","status":"publish","type":"product","link":"https:\/\/www.moskito.cz\/it\/produkt\/coltello-fisso-muela-mouse-6r\/","title":{"rendered":"Coltello fisso Muela Mouse-6R"},"content":{"rendered":"<p>Coltello fisso <strong>Muela<\/strong> Mouse-6R.<\/p>\n<p>Un coltello dell&#8217;azienda spagnola Muela, perfetto per cacciatori e cacciatori come coltello da pesca. Anche se \u00e8 destinato principalmente alle attivit\u00e0 legate alla caccia, \u00e8 adatto anche come piccolo coltello resistente per la permanenza nella natura e le attivit\u00e0 all&#8217;aria aperta. \u00c8 realizzato in un unico pezzo di acciaio inossidabile al molibdeno vanadio di qualit\u00e0. Gli steli sono realizzati in legno Pakka, un materiale molto resistente creato pressando diversi strati di impiallacciatura di legno impregnata di resina. Il manico \u00e8 rotondo e si adatta perfettamente alla mano. C&#8217;\u00e8 un foro per una corda all&#8217;estremit\u00e0 del manico e il coltello viene fornito con un fodero in pelle marrone.<\/p>\n<p>Lunghezza lama: 8 cm<br \/>\nLunghezza totale: 16,5 cm<br \/>\nLunghezza manico: 8,5 cm<br \/>\nPeso: 130 g<\/p>\n","protected":false},"excerpt":{"rendered":"<p><strong>Un coltello dell&#8217;azienda spagnola Muela, perfetto per cacciatori e cacciatori come coltello da pesca.<\/strong><\/p>\n","protected":false},"featured_media":348001,"comment_status":"open","ping_status":"closed","template":"","meta":[],"pwb-brand":[3913],"product_brand":[],"product_cat":[3749,3745],"product_tag":[],"class_list":{"0":"post-348018","1":"product","2":"type-product","3":"status-publish","4":"has-post-thumbnail","6":"pwb-brand-lei-doveva","7":"product_cat-coltelli-di-chiusura","8":"product_cat-coltelli","10":"first","11":"outofstock","12":"sold-individually","13":"taxable","14":"shipping-taxable","15":"purchasable","16":"product-type-simple"},"brands":[{"id":3913,"name":"Lei doveva","slug":"lei-doveva"}],"_links":{"self":[{"href":"https:\/\/www.moskito.cz\/it\/wp-json\/wp\/v2\/product\/348018","targetHints":{"allow":["GET"]}}],"collection":[{"href":"https:\/\/www.moskito.cz\/it\/wp-json\/wp\/v2\/product"}],"about":[{"href":"https:\/\/www.moskito.cz\/it\/wp-json\/wp\/v2\/types\/product"}],"replies":[{"embeddable":true,"href":"https:\/\/www.moskito.cz\/it\/wp-json\/wp\/v2\/comments?post=348018"}],"wp:featuredmedia":[{"embeddable":true,"href":"https:\/\/www.moskito.cz\/it\/wp-json\/wp\/v2\/media\/348001"}],"wp:attachment":[{"href":"https:\/\/www.moskito.cz\/it\/wp-json\/wp\/v2\/media?parent=348018"}],"wp:term":[{"taxonomy":"pwb-brand","embeddable":true,"href":"https:\/\/www.moskito.cz\/it\/wp-json\/wp\/v2\/pwb-brand?post=348018"},{"taxonomy":"product_brand","embeddable":true,"href":"https:\/\/www.moskito.cz\/it\/wp-json\/wp\/v2\/product_brand?post=348018"},{"taxonomy":"product_cat","embeddable":true,"href":"https:\/\/www.moskito.cz\/it\/wp-json\/wp\/v2\/product_cat?post=348018"},{"taxonomy":"product_tag","embeddable":true,"href":"https:\/\/www.moskito.cz\/it\/wp-json\/wp\/v2\/product_tag?post=348018"}],"curies":[{"name":"wp","href":"https:\/\/api.w.org\/{rel}","templated":true}]}}