{"id":348141,"date":"2023-12-16T21:10:17","date_gmt":"2024-06-28T06:45:50","guid":{"rendered":"https:\/\/www.moskito.cz\/?post_type=product&p=348141"},"modified":"2025-05-07T11:19:02","modified_gmt":"2025-05-07T10:19:02","slug":"coltello-chiudibile-spyderco-chicago-c130gp","status":"publish","type":"product","link":"https:\/\/www.moskito.cz\/it\/produkt\/coltello-chiudibile-spyderco-chicago-c130gp\/","title":{"rendered":"Coltello chiudibile Spyderco Chicago C130GP"},"content":{"rendered":"<p>Coltello chiudibile <strong>Spyderco<\/strong> Chicago C130GP<\/p>\n<p>Legislazione. Che siano necessari, buoni o semplicemente pazzi, hanno lo scopo di portare ordine e scongiurare il caos. Quando il nostro governo e la nostra societ\u00e0 stabiliscono delle regole, facciamo del nostro meglio per vivere entro i loro parametri.<\/p>\n<p>Ad esempio, molte citt\u00e0 metropolitane degli Stati Uniti stabiliscono il confine tra il trasporto di coltelli tascabili in pubblico e coltelli con una lama di due pollici o meno. Benvenuti a Chicago! Se fossi residente a Chicago e portassi regolarmente con me un coltellino tascabile, potrei essere propenso (come cittadino rispettoso della legge) a portare con s\u00e9 uno strumento soggetto alle restrizioni di quella citt\u00e0.<\/p>\n<p><strong>Lo Spyderco<\/strong> C130G Chicago \u00e8 proprio questo. La lama piatta da due pollici CTS-BD1N \u00e8 elegantemente dotata di impugnatura G-10 nera e Michael Walker LinerLock. L&#8217;impugnatura \u00e8 sagomata e di dimensioni ergonomiche con inserti scheletrati a tutta lunghezza all&#8217;interno per resistenza senza ingombro o peso.<\/p>\n<p>La sua lama a forma di foglia taglia in modo efficiente su tutta la linea, dai tagli ad alto impatto come tappeti e corde di poliestere a qualcosa di semplice come pulire i chiodi o raschiare il nastro dal vetro.<\/p>\n<p>Una profonda clip da tasca infila il coltello nella tasca dei pantaloni con la punta rivolta verso l&#8217;alto, pronto per il trasporto con la mano sinistra o destra. Questo \u00e8 per gli abitanti di Chicago o per chiunque cerchi un coltello da citt\u00e0\/abito.<\/p>\n<p>Specifiche:<br \/>\nLunghezza lama: 5,1 cm<br \/>\nSpessore lama: 0,25 cm<br \/>\nLunghezza totale: 12,8 centimetri<br \/>\nLunghezza da chiuso: 7,9 cm<br \/>\nAcciaio lama: acciaio inossidabile CTS-BD1N<br \/>\nPeso: 1,9 once. (54 g) ca.<br \/>\nMateriale manico: G10 nero<\/p>\n","protected":false},"excerpt":{"rendered":"<p><strong>Benvenuti a Chicago! Se fossi residente a Chicago e portassi regolarmente con me un coltellino tascabile, potrei essere propenso (come cittadino rispettoso della legge) a portare con s\u00e9 uno strumento soggetto alle restrizioni di quella citt\u00e0.<\/strong><\/p>\n","protected":false},"featured_media":348142,"comment_status":"open","ping_status":"closed","template":"","meta":[],"pwb-brand":[3774],"product_brand":[],"product_cat":[3749,3745],"product_tag":[3755],"class_list":{"0":"post-348141","1":"product","2":"type-product","3":"status-publish","4":"has-post-thumbnail","6":"pwb-brand-spyderco-it","7":"product_cat-coltelli-di-chiusura","8":"product_cat-coltelli","9":"product_tag-b2b-it","11":"first","12":"instock","13":"sale","14":"taxable","15":"shipping-taxable","16":"purchasable","17":"product-type-simple"},"brands":[{"id":3774,"name":"Spyderco","slug":"spyderco-it"}],"_links":{"self":[{"href":"https:\/\/www.moskito.cz\/it\/wp-json\/wp\/v2\/product\/348141","targetHints":{"allow":["GET"]}}],"collection":[{"href":"https:\/\/www.moskito.cz\/it\/wp-json\/wp\/v2\/product"}],"about":[{"href":"https:\/\/www.moskito.cz\/it\/wp-json\/wp\/v2\/types\/product"}],"replies":[{"embeddable":true,"href":"https:\/\/www.moskito.cz\/it\/wp-json\/wp\/v2\/comments?post=348141"}],"wp:featuredmedia":[{"embeddable":true,"href":"https:\/\/www.moskito.cz\/it\/wp-json\/wp\/v2\/media\/348142"}],"wp:attachment":[{"href":"https:\/\/www.moskito.cz\/it\/wp-json\/wp\/v2\/media?parent=348141"}],"wp:term":[{"taxonomy":"pwb-brand","embeddable":true,"href":"https:\/\/www.moskito.cz\/it\/wp-json\/wp\/v2\/pwb-brand?post=348141"},{"taxonomy":"product_brand","embeddable":true,"href":"https:\/\/www.moskito.cz\/it\/wp-json\/wp\/v2\/product_brand?post=348141"},{"taxonomy":"product_cat","embeddable":true,"href":"https:\/\/www.moskito.cz\/it\/wp-json\/wp\/v2\/product_cat?post=348141"},{"taxonomy":"product_tag","embeddable":true,"href":"https:\/\/www.moskito.cz\/it\/wp-json\/wp\/v2\/product_tag?post=348141"}],"curies":[{"name":"wp","href":"https:\/\/api.w.org\/{rel}","templated":true}]}}