{"id":348169,"date":"2023-12-16T20:03:28","date_gmt":"2024-06-28T06:47:44","guid":{"rendered":"https:\/\/www.moskito.cz\/produkt\/coltello-pieghevole-leggero-spyderco-manbug-mfpk390\/"},"modified":"2025-05-07T11:19:03","modified_gmt":"2025-05-07T10:19:03","slug":"coltello-pieghevole-leggero-spyderco-manbug-mfpk390","status":"publish","type":"product","link":"https:\/\/www.moskito.cz\/it\/produkt\/coltello-pieghevole-leggero-spyderco-manbug-mfpk390\/","title":{"rendered":"Coltello pieghevole leggero Spyderco Manbug MFPK390"},"content":{"rendered":"<p>Coltello pieghevole leggero <strong>Spyderco<\/strong> Manbug MFPK390<\/p>\n<p><strong>Spyderco<\/strong> \u00e8 sempre stato molto orgoglioso dei suoi sforzi per ampliare i confini delle prestazioni offrendo acciai esotici nei suoi coltelli. Con questo spirito in mente, sono orgogliosi di annunciare che offrono una gamma di modelli pi\u00f9 venduti con lame realizzate in K390. K390 MICROCLEAN, prodotto da Bohler-Uddeholm, \u00e8 un acciaio per utensili per formatura a freddo all&#8217;avanguardia prodotto mediante un processo di metallurgia delle particelle. Il suo composto in lega avanzata \u00e8 stato sviluppato appositamente per fornire l&#8217;estrema resistenza all&#8217;usura e l&#8217;elevata resistenza alla compressione richieste nelle applicazioni industriali di taglio, punzonatura e punzonatura. Nonostante la sua tenacit\u00e0, la microstruttura eccezionalmente fine e omogenea \u00e8 anche facile da lavorare e trattare termicamente. Insieme, queste propriet\u00e0 rendono il K390 un eccellente materiale per lame per veri intenditori dell&#8217;acciaio. Spyderco \u00e8 orgoglioso di presentarlo su alcuni dei suoi modelli pi\u00f9 popolari, che presentano anche le distintive maniglie blu.<\/p>\n<p>Nota: il K390 \u00e8 un acciaio inossidabile ad alte prestazioni che pu\u00f2 arrugginire se non adeguatamente curato. Pulisci e asciuga sempre le lame dopo l&#8217;uso e, se necessario, applica olio o altri prodotti anticorrosivi.<\/p>\n<p>Specifiche<br \/>\nLunghezza lama: 5 cm<br \/>\nLunghezza da chiuso: 6,4 cm<br \/>\nLunghezza totale: 11,4 cm<br \/>\nSpessore lama: 0,25 cm<br \/>\nMateriale lama: acciaio per utensili Bohler K390<br \/>\nStile lama: punto di clip<br \/>\nAffilatura della lama: completamente piatta<br \/>\nTrattamento superficiale della lama: satinato<br \/>\nBordo della lama: liscio<br \/>\nMateriale manico: FRN<br \/>\nColore manico: blu<br \/>\nMeccanismo di bloccaggio: Lockback<br \/>\nClip da tasca: nessuna<br \/>\nNumero di modello: MFPK390<br \/>\nNome del modello: Manbug Lightweight K390<br \/>\nPeso: 0,7 once (20 g)<br \/>\nFatto in Giappone<\/p>\n","protected":false},"excerpt":{"rendered":"<p><strong>Spyderco \u00e8 sempre stato molto orgoglioso dei suoi sforzi per ampliare i confini delle prestazioni offrendo acciai esotici nei suoi coltelli. Con questo spirito in mente, sono orgogliosi di annunciare che offrono una gamma di modelli pi\u00f9 venduti con lame realizzate in K390.<\/strong><\/p>\n","protected":false},"featured_media":348180,"comment_status":"open","ping_status":"closed","template":"","meta":[],"pwb-brand":[3774],"product_brand":[],"product_cat":[3749,3745],"product_tag":[3755],"class_list":{"0":"post-348169","1":"product","2":"type-product","3":"status-publish","4":"has-post-thumbnail","6":"pwb-brand-spyderco-it","7":"product_cat-coltelli-di-chiusura","8":"product_cat-coltelli","9":"product_tag-b2b-it","11":"first","12":"outofstock","13":"sale","14":"taxable","15":"shipping-taxable","16":"purchasable","17":"product-type-simple"},"brands":[{"id":3774,"name":"Spyderco","slug":"spyderco-it"}],"_links":{"self":[{"href":"https:\/\/www.moskito.cz\/it\/wp-json\/wp\/v2\/product\/348169","targetHints":{"allow":["GET"]}}],"collection":[{"href":"https:\/\/www.moskito.cz\/it\/wp-json\/wp\/v2\/product"}],"about":[{"href":"https:\/\/www.moskito.cz\/it\/wp-json\/wp\/v2\/types\/product"}],"replies":[{"embeddable":true,"href":"https:\/\/www.moskito.cz\/it\/wp-json\/wp\/v2\/comments?post=348169"}],"wp:featuredmedia":[{"embeddable":true,"href":"https:\/\/www.moskito.cz\/it\/wp-json\/wp\/v2\/media\/348180"}],"wp:attachment":[{"href":"https:\/\/www.moskito.cz\/it\/wp-json\/wp\/v2\/media?parent=348169"}],"wp:term":[{"taxonomy":"pwb-brand","embeddable":true,"href":"https:\/\/www.moskito.cz\/it\/wp-json\/wp\/v2\/pwb-brand?post=348169"},{"taxonomy":"product_brand","embeddable":true,"href":"https:\/\/www.moskito.cz\/it\/wp-json\/wp\/v2\/product_brand?post=348169"},{"taxonomy":"product_cat","embeddable":true,"href":"https:\/\/www.moskito.cz\/it\/wp-json\/wp\/v2\/product_cat?post=348169"},{"taxonomy":"product_tag","embeddable":true,"href":"https:\/\/www.moskito.cz\/it\/wp-json\/wp\/v2\/product_tag?post=348169"}],"curies":[{"name":"wp","href":"https:\/\/api.w.org\/{rel}","templated":true}]}}