{"id":348210,"date":"2024-01-01T15:53:26","date_gmt":"2024-06-28T06:52:45","guid":{"rendered":"https:\/\/www.moskito.cz\/produkt\/coltello-con-bloccaggio-spyderco-squeak-non-bloccabile-c154ppn\/"},"modified":"2026-04-25T07:43:45","modified_gmt":"2026-04-25T06:43:45","slug":"coltello-con-bloccaggio-spyderco-squeak-non-bloccabile-c154ppn","status":"publish","type":"product","link":"https:\/\/www.moskito.cz\/it\/produkt\/coltello-con-bloccaggio-spyderco-squeak-non-bloccabile-c154ppn\/","title":{"rendered":"Coltello con bloccaggio Spyderco Squeak (non bloccabile) C154PPN"},"content":{"rendered":"<p>Coltello con bloccaggio <strong>Spyderco<\/strong> Squeak (non bloccabile) C154PPN<\/p>\n<p>Prodotto a Maniago, lo Squeak SLIPIT \u00e8 <strong>un coltello Spyderco<\/strong> apribile con una sola mano senza sicurezza chiamato SLIPIT. \u00c8 progettato per il trasporto limitato dalla legge in luoghi in cui \u00e8 vietato bloccare i coltelli.<\/p>\n<p>La lama \u00e8 completamente rettificata e realizzata in acciaio austriaco Bohler-Uddeholm N690Co. N690C0 \u00e8 un acciaio ad alto tenore di carbonio con aggiunta di cobalto per uniformit\u00e0 strutturale con conseguente migliore ritenzione del tagliente e capacit\u00e0 di affilatura. La cinghia testurizzata \u00e8 ricavata dal dorso della lama e dalla lama per una maggiore resistenza allo scivolamento.<\/p>\n<p>La lama dello Squeak \u00e8 tenuta in posizione aperta durante il taglio da un giunto zigrinato sul perno della lama. Quando si chiude la lama, la tacca genera una resistenza funzionalmente simile a un tradizionale coltello tascabile scorrevole e svolge la funzione aggiuntiva di ammorbidire il movimento di apertura della lama. Maggiore controllo e comfort I progettisti Spyderco aggiungono una vibrazione profonda delle dita, spostando naturalmente l&#8217;indice in una posizione sul lato inferiore della lama direttamente sotto il pollice. Posizionare il dito indice in questa spirale impedisce alla lama di chiudersi accidentalmente durante il taglio e fornisce una posizione di presa che consente all&#8217;utente di avvicinarsi alla lama per una maggiore destrezza.<\/p>\n<p>La maniglia \u00e8 FRN (nylon rinforzato con fibra di vetro) e progettata per il comfort dell&#8217;utente, sia nella mano, con una maniglia ergonomica strutturata, sia nella tasca con una clip metallica ribaltabile su entrambi i lati in una tasca profonda.<\/p>\n<p><strong>Spyderco<\/strong> \u00e8 molto orgoglioso di sostenere il Guardians of the Ribbon\/Pink Heals Tour e i programmi &#8220;Cares Enough to Wear Pink&#8221; donando una parte delle vendite dei nostri coltelli con manico rosa. Fondata nel 2007 dall&#8217;ex pompiere Dave Graybill, questa straordinaria organizzazione di beneficenza si concentra sulla fornitura di assistenza diretta alle donne che combattono tutte le forme di cancro. Meglio conosciuto per la sua flotta di camion dei pompieri rosa e auto della polizia, il movimento Pink Heals viaggia negli Stati Uniti visitando donne e bambini malati di cancro, identificando i loro bisogni pi\u00f9 critici e coordinando le risorse locali per soddisfarli. Pink Heals si avvale inoltre del sostegno dei servizi fiscali e dei leader della comunit\u00e0 per garantire un sostegno continuo alle donne che combattono il cancro garantendo che le donazioni rimangano nella comunit\u00e0 locale da cui ha avuto origine. Ancora pi\u00f9 importante, Pink Heals utilizza il 100% di tutte le donazioni che riceve. prendendosi cura direttamente delle donne che servono e fornendo un sostegno immediato e tangibile a coloro che ne hanno pi\u00f9 bisogno. Tutti i costi operativi dell&#8217;organizzazione di beneficenza sono coperti dalla vendita di magliette rosa con il logo dell&#8217;organizzazione. Queste magliette sono anche il fondamento della campagna &#8220;Cares Enough to Wear Pink&#8221;, una campagna nazionale per aumentare la consapevolezza delle donne come una delle risorse pi\u00f9 preziose del mondo.<\/p>\n<p>Spyderco \u00e8 onorata di supportare il Guardians of the Ribbon\/Pink Heals Tour e le donne che servono. Una parte del ricavato di ogni vendita sar\u00e0 donata alla ricerca sul cancro al seno durante il Guardians of the Ribbon\/Pink Heals Tour. Per saperne di pi\u00f9 sui suoi programmi straordinari e su come puoi contribuire a sostenere i loro sforzi, visita www.pinkfiretrucks.org.<\/p>\n<p>Specifiche:<br \/>\nLunghezza lama: 5,1 cm<br \/>\nSpessore lama: 0,3 cm<br \/>\nLunghezza totale: 12,8 centimetri<br \/>\nLunghezza da chiuso: 7,9 cm<br \/>\nAcciaio della lama: N690Co<br \/>\nPeso: 1,6 once. (46g)<br \/>\nMateriale manico: FRN rosa<br \/>\nFatto in Italia<\/p>\n","protected":false},"excerpt":{"rendered":"<p><strong>Squeak SLIPIT, prodotto a Maniago, un coltello senza sicurezza che si apre con una mano e si chiama SLIPIT.<\/strong><\/p>\n","protected":false},"featured_media":348215,"comment_status":"open","ping_status":"closed","template":"","meta":[],"pwb-brand":[3774],"product_brand":[],"product_cat":[3745,3749],"product_tag":[3755],"class_list":{"0":"post-348210","1":"product","2":"type-product","3":"status-publish","4":"has-post-thumbnail","6":"pwb-brand-spyderco-it","7":"product_cat-coltelli","8":"product_cat-coltelli-di-chiusura","9":"product_tag-b2b-it","11":"first","12":"outofstock","13":"taxable","14":"shipping-taxable","15":"purchasable","16":"product-type-simple"},"brands":[{"id":3774,"name":"Spyderco","slug":"spyderco-it"}],"_links":{"self":[{"href":"https:\/\/www.moskito.cz\/it\/wp-json\/wp\/v2\/product\/348210","targetHints":{"allow":["GET"]}}],"collection":[{"href":"https:\/\/www.moskito.cz\/it\/wp-json\/wp\/v2\/product"}],"about":[{"href":"https:\/\/www.moskito.cz\/it\/wp-json\/wp\/v2\/types\/product"}],"replies":[{"embeddable":true,"href":"https:\/\/www.moskito.cz\/it\/wp-json\/wp\/v2\/comments?post=348210"}],"wp:featuredmedia":[{"embeddable":true,"href":"https:\/\/www.moskito.cz\/it\/wp-json\/wp\/v2\/media\/348215"}],"wp:attachment":[{"href":"https:\/\/www.moskito.cz\/it\/wp-json\/wp\/v2\/media?parent=348210"}],"wp:term":[{"taxonomy":"pwb-brand","embeddable":true,"href":"https:\/\/www.moskito.cz\/it\/wp-json\/wp\/v2\/pwb-brand?post=348210"},{"taxonomy":"product_brand","embeddable":true,"href":"https:\/\/www.moskito.cz\/it\/wp-json\/wp\/v2\/product_brand?post=348210"},{"taxonomy":"product_cat","embeddable":true,"href":"https:\/\/www.moskito.cz\/it\/wp-json\/wp\/v2\/product_cat?post=348210"},{"taxonomy":"product_tag","embeddable":true,"href":"https:\/\/www.moskito.cz\/it\/wp-json\/wp\/v2\/product_tag?post=348210"}],"curies":[{"name":"wp","href":"https:\/\/api.w.org\/{rel}","templated":true}]}}