{"id":348337,"date":"2023-05-09T21:39:31","date_gmt":"2024-06-28T11:02:34","guid":{"rendered":"https:\/\/www.moskito.cz\/produkt\/coltello-chiudi-coltelli-kansept-goblin-titanio-bronzato-k2016a4\/"},"modified":"2025-05-07T11:19:09","modified_gmt":"2025-05-07T10:19:09","slug":"coltello-chiudi-coltelli-kansept-goblin-titanio-bronzato-k2016a4","status":"publish","type":"product","link":"https:\/\/www.moskito.cz\/it\/produkt\/coltello-chiudi-coltelli-kansept-goblin-titanio-bronzato-k2016a4\/","title":{"rendered":"Coltello Chiudi Coltelli Kansept Goblin Titanio Bronzato K2016A4"},"content":{"rendered":"<p>Coltello Chiudi <strong>Coltelli Kansept<\/strong> Goblin Titanio Bronzato K2016A4<\/p>\n<p>L&#8217;acciaio della lama CPM-S35VN fornisce una lama resistente con un&#8217;eccellente ritenzione del filo.<br \/>\nImpugnature smussate in titanio con stampa di una bussola per una superficie di presa liscia che ti fa sentire a tuo agio in tasca o in mano.<br \/>\nL&#8217;acciaio sotto la lama da 3&#8221; CPM-S35VN fornisce una lama resistente con un&#8217;eccellente ritenzione del filo.<br \/>\nIl cuscinetto a sfere in ceramica offre un&#8217;apertura fluida<br \/>\nSPECIFICHE<\/p>\n<p>Lunghezza totale: 14,3 centimetri<br \/>\nLunghezza lama: 5,56 cm<br \/>\nSpessore lama: 3 mm<br \/>\nAcciaio della lama: CPM-S35VN<br \/>\nAffilatura della lama: affilatura piana<br \/>\nLama: Stone Washed<br \/>\nManico: titanio<br \/>\nBlocco del telaio<br \/>\nDesigner: Coltelli Nobili<\/p>\n","protected":false},"excerpt":{"rendered":"<div class=\"elementor-element elementor-element-bbb542b elementor-widget elementor-widget-woocommerce-product-short-description\" data-id=\"bbb542b\" data-element_type=\"widget\" data-widget_type=\"woocommerce-product-short-description.default\">\n<div class=\"elementor-widget-container\">\n<div class=\"woocommerce-product-details__short-description\">\n<p><strong>&#8220;Kansept&#8221; \u00e8 una traduzione del significato di &#8220;concetto&#8221;. Ci\u00f2 che ci distingue dalla massa \u00e8 la nostra capacit\u00e0 di innovare. Come il design del nostro logo, che si basa sull&#8217;immagine degli UFO che viaggiano da spazio a spazio e saltano nel futuro.  <\/strong><\/p>\n<p><strong>Trasporto gratuito.<\/strong><\/p>\n<\/div>\n<\/div>\n<\/div>\n<section class=\"elementor-section elementor-inner-section elementor-element elementor-element-ee51d4b elementor-section-boxed elementor-section-height-default elementor-section-height-default\" data-particle_enable=\"false\" data-particle-mobile-disabled=\"false\" data-id=\"ee51d4b\" data-element_type=\"section\">\n<div class=\"elementor-container elementor-column-gap-no\">\n<div class=\"elementor-column elementor-col-50 elementor-inner-column elementor-element elementor-element-2fbed19\" data-id=\"2fbed19\" data-element_type=\"column\">\n<div class=\"elementor-widget-wrap elementor-element-populated\">\n<div class=\"elementor-element elementor-element-0450112 elementor-widget elementor-widget-heading\" data-id=\"0450112\" data-element_type=\"widget\" data-widget_type=\"heading.default\">\n<div class=\"elementor-widget-container\"><\/div>\n<\/div>\n<\/div>\n<\/div>\n<\/div>\n<\/section>\n","protected":false},"featured_media":348338,"comment_status":"open","ping_status":"closed","template":"","meta":[],"pwb-brand":[3920],"product_brand":[],"product_cat":[3745,3749],"product_tag":[],"class_list":{"0":"post-348337","1":"product","2":"type-product","3":"status-publish","4":"has-post-thumbnail","6":"pwb-brand-coltelli-kansept","7":"product_cat-coltelli","8":"product_cat-coltelli-di-chiusura","10":"first","11":"instock","12":"taxable","13":"shipping-taxable","14":"purchasable","15":"product-type-simple"},"brands":[{"id":3920,"name":"Coltelli Kansept","slug":"coltelli-kansept"}],"_links":{"self":[{"href":"https:\/\/www.moskito.cz\/it\/wp-json\/wp\/v2\/product\/348337","targetHints":{"allow":["GET"]}}],"collection":[{"href":"https:\/\/www.moskito.cz\/it\/wp-json\/wp\/v2\/product"}],"about":[{"href":"https:\/\/www.moskito.cz\/it\/wp-json\/wp\/v2\/types\/product"}],"replies":[{"embeddable":true,"href":"https:\/\/www.moskito.cz\/it\/wp-json\/wp\/v2\/comments?post=348337"}],"wp:featuredmedia":[{"embeddable":true,"href":"https:\/\/www.moskito.cz\/it\/wp-json\/wp\/v2\/media\/348338"}],"wp:attachment":[{"href":"https:\/\/www.moskito.cz\/it\/wp-json\/wp\/v2\/media?parent=348337"}],"wp:term":[{"taxonomy":"pwb-brand","embeddable":true,"href":"https:\/\/www.moskito.cz\/it\/wp-json\/wp\/v2\/pwb-brand?post=348337"},{"taxonomy":"product_brand","embeddable":true,"href":"https:\/\/www.moskito.cz\/it\/wp-json\/wp\/v2\/product_brand?post=348337"},{"taxonomy":"product_cat","embeddable":true,"href":"https:\/\/www.moskito.cz\/it\/wp-json\/wp\/v2\/product_cat?post=348337"},{"taxonomy":"product_tag","embeddable":true,"href":"https:\/\/www.moskito.cz\/it\/wp-json\/wp\/v2\/product_tag?post=348337"}],"curies":[{"name":"wp","href":"https:\/\/api.w.org\/{rel}","templated":true}]}}