{"id":348423,"date":"2024-06-28T12:56:38","date_gmt":"2024-06-28T11:57:29","guid":{"rendered":"https:\/\/www.moskito.cz\/produkt\/coltello-fisso-muela-peccary-8m\/"},"modified":"2025-05-07T11:19:12","modified_gmt":"2025-05-07T10:19:12","slug":"coltello-fisso-muela-peccary-8m","status":"publish","type":"product","link":"https:\/\/www.moskito.cz\/it\/produkt\/coltello-fisso-muela-peccary-8m\/","title":{"rendered":"Coltello Fisso Muela PECCARY-8M"},"content":{"rendered":"<p>Coltello Fisso <strong>Muela<\/strong> PECCARY-8M.<\/p>\n<p><strong>PECCARY-8.M<\/strong> \u00e8 un coltello a lama fissa e costruzione full-tang con fodero adatto per essere appeso al collo. Grazie alla sua eccellente ergonomia, si adatta bene alla mano nonostante le sue piccole dimensioni. Il coltello perfetto per la difesa personale, utilizzato dagli appassionati di outdoor e survival. Leggero &#8211; sottile &#8211; insostituibile &#8211; con fodero piatto &#8211; questo coltello sar\u00e0 sempre con te!<\/p>\n<p>Lama &#8211; con profilo Drop Point e spessore di 2,8 mm. Rivestito con uno strato di finitura satinata antiriflesso (semiopaco). Realizzato in resistente acciaio inossidabile al molibdeno-vanadio X50CrMoV15, temprato nell&#8217;intervallo 57-58 HRC. La lama \u00e8 caratterizzata da buone propriet\u00e0 meccaniche e affilatura a lungo termine. La lama liscia (tipo Plain) \u00e8 stata realizzata con una molatura piana (Flat Grind).<\/p>\n<p>Il manico &#8211; profilato, rivestito con inserti impermeabili antiscivolo in micarta nera, garantisce una presa sicura nonostante le dimensioni ridotte. Nella parte posteriore del manico \u00e8 stata posizionata un&#8217;apertura allargata per la linea di paracord.<\/p>\n<p>Il telaio e le maniglie erano ricoperti con distanziatori fibrosi decorativi di colore rosso, ai quali era fissato il rivestimento della maniglia.<\/p>\n<p>Fodero: realizzato in materiale Kydex, protegge il coltello dalla caduta e dall&#8217;umidit\u00e0. Viene fornito con un cordino in paracord per appendere il fodero del coltello al collo.<\/p>\n<p>Specifiche tecniche:<br \/>\nCodice prodotto: PECCARY-8M<\/p>\n<p>Tipo di acciaio: X50CrMoV15<br \/>\nLunghezza lama: 7 cm\/2,76&#8243;<br \/>\nSpessore lama: 0,28 cm \/ 0,11&#8243;<br \/>\nLunghezza totale: 15,2 cm \/ 5,98&#8243;<br \/>\nPeso: 69 g \/ 2,43 once<br \/>\nTipo di bordo: liscio<br \/>\nTipo di lama: punto di caduta<br \/>\nTipo di taglio: piatto<br \/>\nMateriale manico: Micarta nera<br \/>\nFodero: Kydex<br \/>\nProduttore: Muela, Spagna<\/p>\n<p>&nbsp;<\/p>\n<p>&nbsp;<\/p>\n","protected":false},"excerpt":{"rendered":"<p><strong>Questo coltello versatile, che condivide la lama con il coltello COLIBRI, \u00e8 ora disponibile come attraente coltello da collo.<\/strong><\/p>\n<p><strong>Come il PECCARIO, l&#8217;animale da cui prende il nome \u00e8 piccolo, rustico, dinamico, aggressivo e robusto. Caratteristiche che lo rendono adatto a molteplici situazioni.<\/strong><\/p>\n<p>&nbsp;<\/p>\n","protected":false},"featured_media":348381,"comment_status":"open","ping_status":"closed","template":"","meta":[],"pwb-brand":[],"product_brand":[],"product_cat":[3745,3746],"product_tag":[],"class_list":{"0":"post-348423","1":"product","2":"type-product","3":"status-publish","4":"has-post-thumbnail","6":"product_cat-coltelli","7":"product_cat-coltelli-solidi","9":"first","10":"outofstock","11":"taxable","12":"shipping-taxable","13":"purchasable","14":"product-type-simple"},"brands":[],"_links":{"self":[{"href":"https:\/\/www.moskito.cz\/it\/wp-json\/wp\/v2\/product\/348423","targetHints":{"allow":["GET"]}}],"collection":[{"href":"https:\/\/www.moskito.cz\/it\/wp-json\/wp\/v2\/product"}],"about":[{"href":"https:\/\/www.moskito.cz\/it\/wp-json\/wp\/v2\/types\/product"}],"replies":[{"embeddable":true,"href":"https:\/\/www.moskito.cz\/it\/wp-json\/wp\/v2\/comments?post=348423"}],"wp:featuredmedia":[{"embeddable":true,"href":"https:\/\/www.moskito.cz\/it\/wp-json\/wp\/v2\/media\/348381"}],"wp:attachment":[{"href":"https:\/\/www.moskito.cz\/it\/wp-json\/wp\/v2\/media?parent=348423"}],"wp:term":[{"taxonomy":"pwb-brand","embeddable":true,"href":"https:\/\/www.moskito.cz\/it\/wp-json\/wp\/v2\/pwb-brand?post=348423"},{"taxonomy":"product_brand","embeddable":true,"href":"https:\/\/www.moskito.cz\/it\/wp-json\/wp\/v2\/product_brand?post=348423"},{"taxonomy":"product_cat","embeddable":true,"href":"https:\/\/www.moskito.cz\/it\/wp-json\/wp\/v2\/product_cat?post=348423"},{"taxonomy":"product_tag","embeddable":true,"href":"https:\/\/www.moskito.cz\/it\/wp-json\/wp\/v2\/product_tag?post=348423"}],"curies":[{"name":"wp","href":"https:\/\/api.w.org\/{rel}","templated":true}]}}