{"id":348507,"date":"2024-07-02T12:58:39","date_gmt":"2024-07-02T11:59:19","guid":{"rendered":"https:\/\/www.moskito.cz\/produkt\/coltello-di-chiusura-con-custodia-muela-bx-8-ol\/"},"modified":"2025-05-07T11:19:15","modified_gmt":"2025-05-07T10:19:15","slug":"coltello-di-chiusura-con-custodia-muela-bx-8-ol","status":"publish","type":"product","link":"https:\/\/www.moskito.cz\/it\/produkt\/coltello-di-chiusura-con-custodia-muela-bx-8-ol\/","title":{"rendered":"Coltello di chiusura con custodia Muela BX-8.OL"},"content":{"rendered":"<p>Coltello di chiusura con custodia <strong>Muela<\/strong> BX-8.OL<\/p>\n<p>Scopri il coltello da caccia pi\u00f9 eccezionale mai creato per accompagnarti nelle tue avventure all&#8217;aria aperta! Vi presentiamo il coltello da caccia artigianale BX-8.OL, un vero capolavoro realizzato con passione e abilit\u00e0 in Spagna dal rinomato marchio Muela.<\/p>\n<p>Propriet\u00e0:<\/p>\n<p>Sicurezza Lockback: grazie all&#8217;esclusiva tecnologia Lockback, puoi essere certo che la lama rimarr\u00e0 bloccata in posizione durante l&#8217;uso. Nessuna preoccupazione per gli incidenti!<br \/>\nLama da 8,5 cm: La lunghezza della lama offre il perfetto equilibrio tra versatilit\u00e0 e prestazioni. \u00c8 ideale per compiti di precisione ma anche per compiti pi\u00f9 impegnativi durante le tue giornate di caccia.<br \/>\nManico in legno d&#8217;ulivo da 10 cm: Riesci a immaginare di avere tra le mani la morbidezza e l&#8217;eleganza del legno d&#8217;ulivo Questo manico \u00e8 un vero gioiello, non solo nell&#8217;aspetto, ma anche perch\u00e9 si tiene comodamente in mano e garantisce una presa salda? tenuta sicura.<br \/>\nCostruzione robusta: con una lunghezza totale di 18,5 cm, questo rasoio \u00e8 progettato per durare tutta la vita. La lama in acciaio inossidabile al molibdeno vanadio da 2,5 mm garantisce una resistenza eccezionale a qualsiasi sfida della natura.<br \/>\nDettagli in alpacca: Il rinforzo in alpacca non solo conferisce al coltello un tocco estetico e distintivo, ma fornisce anche una protezione aggiuntiva al manico e ne garantisce l&#8217;integrit\u00e0 e la durata.<br \/>\nCustodia inclusa: per proteggere questo gioiello di coltello quando non viene utilizzato, ti forniamo una custodia resistente ed elegante. Puoi portarlo ovunque con la massima tranquillit\u00e0.<br \/>\nPeso ottimale: con soli 210 grammi, questo coltello \u00e8 abbastanza leggero da stare comodamente in una tasca o in uno zaino, ma abbastanza resistente per gestire qualsiasi compito!<\/p>\n<p>Non perdere l&#8217;occasione di possedere un autentico pezzo di artigianato spagnolo che porter\u00e0 la tua esperienza di caccia a un livello superiore. Il coltello da caccia Muela BX-8.OL fatto a mano \u00e8 il compagno perfetto che rifletter\u00e0 il tuo stile e la tua passione per la natura. Clicca ora e portalo con te nella tua prossima avventura all&#8217;aria aperta!<\/p>\n<p>Lunghezza totale: 19 cm<br \/>\nLunghezza lama: 8,5 cm<br \/>\nPeso: 120 g<br \/>\nMateriale lama: 440<br \/>\nMateriale manico: oliva<br \/>\nSicurezza: blocco posteriore<\/p>\n","protected":false},"excerpt":{"rendered":"<p><strong>Scopri il coltello da caccia pi\u00f9 eccezionale mai creato per accompagnarti nelle tue avventure all&#8217;aria aperta! Vi presentiamo il coltello da caccia artigianale BX-8.OL, un vero capolavoro realizzato con passione e abilit\u00e0 in Spagna dal rinomato marchio Muela.<\/strong><\/p>\n","protected":false},"featured_media":348491,"comment_status":"open","ping_status":"closed","template":"","meta":[],"pwb-brand":[3913],"product_brand":[],"product_cat":[3749,3745],"product_tag":[3755],"class_list":{"0":"post-348507","1":"product","2":"type-product","3":"status-publish","4":"has-post-thumbnail","6":"pwb-brand-lei-doveva","7":"product_cat-coltelli-di-chiusura","8":"product_cat-coltelli","9":"product_tag-b2b-it","11":"first","12":"outofstock","13":"taxable","14":"shipping-taxable","15":"purchasable","16":"product-type-simple"},"brands":[{"id":3913,"name":"Lei doveva","slug":"lei-doveva"}],"_links":{"self":[{"href":"https:\/\/www.moskito.cz\/it\/wp-json\/wp\/v2\/product\/348507","targetHints":{"allow":["GET"]}}],"collection":[{"href":"https:\/\/www.moskito.cz\/it\/wp-json\/wp\/v2\/product"}],"about":[{"href":"https:\/\/www.moskito.cz\/it\/wp-json\/wp\/v2\/types\/product"}],"replies":[{"embeddable":true,"href":"https:\/\/www.moskito.cz\/it\/wp-json\/wp\/v2\/comments?post=348507"}],"wp:featuredmedia":[{"embeddable":true,"href":"https:\/\/www.moskito.cz\/it\/wp-json\/wp\/v2\/media\/348491"}],"wp:attachment":[{"href":"https:\/\/www.moskito.cz\/it\/wp-json\/wp\/v2\/media?parent=348507"}],"wp:term":[{"taxonomy":"pwb-brand","embeddable":true,"href":"https:\/\/www.moskito.cz\/it\/wp-json\/wp\/v2\/pwb-brand?post=348507"},{"taxonomy":"product_brand","embeddable":true,"href":"https:\/\/www.moskito.cz\/it\/wp-json\/wp\/v2\/product_brand?post=348507"},{"taxonomy":"product_cat","embeddable":true,"href":"https:\/\/www.moskito.cz\/it\/wp-json\/wp\/v2\/product_cat?post=348507"},{"taxonomy":"product_tag","embeddable":true,"href":"https:\/\/www.moskito.cz\/it\/wp-json\/wp\/v2\/product_tag?post=348507"}],"curies":[{"name":"wp","href":"https:\/\/api.w.org\/{rel}","templated":true}]}}