{"id":348566,"date":"2024-07-02T13:46:33","date_gmt":"2024-07-02T12:48:06","guid":{"rendered":"https:\/\/www.moskito.cz\/produkt\/coltello-fisso-muela-peccary-8-o\/"},"modified":"2025-05-07T11:19:19","modified_gmt":"2025-05-07T10:19:19","slug":"coltello-fisso-muela-peccary-8-o","status":"publish","type":"product","link":"https:\/\/www.moskito.cz\/it\/produkt\/coltello-fisso-muela-peccary-8-o\/","title":{"rendered":"Coltello Fisso Muela PECCARY-8.O"},"content":{"rendered":"<p>Coltello Fisso <strong>Muela<\/strong> PECCARY-8.O<\/p>\n<p>Muela \u00e8 attualmente una delle aziende pi\u00f9 forti nel campo dei coltelli da caccia fatti a mano in Spagna e nel resto del mondo, e i suoi coltelli e coltelli da tasca sono molto apprezzati per la loro qualit\u00e0 superiore.<\/p>\n<p>Il coltello Muela Pecari \u00e8 ideale per l&#8217;uso quotidiano poich\u00e9 pu\u00f2 essere indossato al collo. Nonostante le sue piccole dimensioni, \u00e8 molto resistente, dinamico, aggressivo e robusto. Lamiera di acciaio MoVa. Manico in micarta. Include: &#8211; Foro per cordoncino. -Fondina in Kydex -Corda Paracord (550 libbre).<\/p>\n<p>CARATTERISTICHE DEL COLTELLO:<\/p>\n<p>Lunghezza totale: 15,5 cm \/ 6,10 pollici<\/p>\n<p>Lunghezza lama: 7,0 cm \/ 2,75 pollici<\/p>\n<p>Tipo di acciaio: MoVa<\/p>\n<p>Modello: dritto<\/p>\n<p>Superficie: satinata<\/p>\n<p>Tipo di macinazione: Liscia<\/p>\n<p>Lunghezza impugnatura: 8,5 cm\/3,34 pollici<\/p>\n<p>Materiale manico: tela<\/p>\n<p>Colore manico: nero<\/p>\n<p>Peso: 70 gr.<\/p>\n<p>Custodia: Kydex Paese di origine: Spagna<\/p>\n<p>&nbsp;<\/p>\n","protected":false},"excerpt":{"rendered":"<p>Il coltello Muela Pecari \u00e8 ideale per l&#8217;uso quotidiano poich\u00e9 pu\u00f2 essere indossato al collo. Nonostante le sue piccole dimensioni, \u00e8 molto resistente, dinamico, aggressivo e robusto.<\/p>\n","protected":false},"featured_media":348541,"comment_status":"open","ping_status":"closed","template":"","meta":[],"pwb-brand":[3913],"product_brand":[],"product_cat":[3745,3746],"product_tag":[3755],"class_list":{"0":"post-348566","1":"product","2":"type-product","3":"status-publish","4":"has-post-thumbnail","6":"pwb-brand-lei-doveva","7":"product_cat-coltelli","8":"product_cat-coltelli-solidi","9":"product_tag-b2b-it","11":"first","12":"instock","13":"taxable","14":"shipping-taxable","15":"purchasable","16":"product-type-simple"},"brands":[{"id":3913,"name":"Lei doveva","slug":"lei-doveva"}],"_links":{"self":[{"href":"https:\/\/www.moskito.cz\/it\/wp-json\/wp\/v2\/product\/348566","targetHints":{"allow":["GET"]}}],"collection":[{"href":"https:\/\/www.moskito.cz\/it\/wp-json\/wp\/v2\/product"}],"about":[{"href":"https:\/\/www.moskito.cz\/it\/wp-json\/wp\/v2\/types\/product"}],"replies":[{"embeddable":true,"href":"https:\/\/www.moskito.cz\/it\/wp-json\/wp\/v2\/comments?post=348566"}],"wp:featuredmedia":[{"embeddable":true,"href":"https:\/\/www.moskito.cz\/it\/wp-json\/wp\/v2\/media\/348541"}],"wp:attachment":[{"href":"https:\/\/www.moskito.cz\/it\/wp-json\/wp\/v2\/media?parent=348566"}],"wp:term":[{"taxonomy":"pwb-brand","embeddable":true,"href":"https:\/\/www.moskito.cz\/it\/wp-json\/wp\/v2\/pwb-brand?post=348566"},{"taxonomy":"product_brand","embeddable":true,"href":"https:\/\/www.moskito.cz\/it\/wp-json\/wp\/v2\/product_brand?post=348566"},{"taxonomy":"product_cat","embeddable":true,"href":"https:\/\/www.moskito.cz\/it\/wp-json\/wp\/v2\/product_cat?post=348566"},{"taxonomy":"product_tag","embeddable":true,"href":"https:\/\/www.moskito.cz\/it\/wp-json\/wp\/v2\/product_tag?post=348566"}],"curies":[{"name":"wp","href":"https:\/\/api.w.org\/{rel}","templated":true}]}}