{"id":348631,"date":"2024-07-02T14:21:25","date_gmt":"2024-07-02T13:23:05","guid":{"rendered":"https:\/\/www.moskito.cz\/produkt\/coltello-di-chiusura-con-custodia-muela-bx-8gm\/"},"modified":"2025-05-07T11:19:22","modified_gmt":"2025-05-07T10:19:22","slug":"coltello-di-chiusura-con-custodia-muela-bx-8gm","status":"publish","type":"product","link":"https:\/\/www.moskito.cz\/it\/produkt\/coltello-di-chiusura-con-custodia-muela-bx-8gm\/","title":{"rendered":"Coltello di chiusura con custodia Muela BX-8GM"},"content":{"rendered":"<p>Coltello di chiusura con custodia <strong>Muela<\/strong> BX-8GM.<\/p>\n<p>Coltello chiudibile Muela BX8GM, manici in micarta nera, sicura posteriore, raccordi in acciaio grigio, fodero in nylon.<\/p>\n<p>Un coltello chiudibile dell&#8217;azienda spagnola Muela dalla forma classica, ma dal concetto moderno. Trover\u00e0 applicazione nel turismo, nel campeggio e nel campeggio, ma sar\u00e0 sicuramente utilizzato anche da cacciatori e cacciatori. Ha dimensioni e peso piacevoli ed \u00e8 molto comodo con cui lavorare.<\/p>\n<p>Coltello tascabile Muela con lama in acciaio 440C 8,5 cm. Maniglia in micarta nera e presa TiNi con serratura. Un coltello leggero e compatto che puoi portare sempre in tasca. Materiali: Lama: Acciaio 440C Manico: Mikarta nero Finiture: TiNi Dimensioni: Lunghezza lama: 85 mm. Lunghezza impugnatura: 100 mm. Lunghezza totale: 185 mm. Peso: 120 grammi.<\/p>\n<p>&nbsp;<\/p>\n","protected":false},"excerpt":{"rendered":"<p><strong>Coltello chiudibile Muela BX8GM, manici in micarta nera, sicura posteriore, raccordi in acciaio grigio, fodero in nylon.<\/strong><\/p>\n","protected":false},"featured_media":348605,"comment_status":"open","ping_status":"closed","template":"","meta":[],"pwb-brand":[3913],"product_brand":[],"product_cat":[3745,3749],"product_tag":[3755],"class_list":{"0":"post-348631","1":"product","2":"type-product","3":"status-publish","4":"has-post-thumbnail","6":"pwb-brand-lei-doveva","7":"product_cat-coltelli","8":"product_cat-coltelli-di-chiusura","9":"product_tag-b2b-it","11":"first","12":"instock","13":"taxable","14":"shipping-taxable","15":"purchasable","16":"product-type-simple"},"brands":[{"id":3913,"name":"Lei doveva","slug":"lei-doveva"}],"_links":{"self":[{"href":"https:\/\/www.moskito.cz\/it\/wp-json\/wp\/v2\/product\/348631","targetHints":{"allow":["GET"]}}],"collection":[{"href":"https:\/\/www.moskito.cz\/it\/wp-json\/wp\/v2\/product"}],"about":[{"href":"https:\/\/www.moskito.cz\/it\/wp-json\/wp\/v2\/types\/product"}],"replies":[{"embeddable":true,"href":"https:\/\/www.moskito.cz\/it\/wp-json\/wp\/v2\/comments?post=348631"}],"wp:featuredmedia":[{"embeddable":true,"href":"https:\/\/www.moskito.cz\/it\/wp-json\/wp\/v2\/media\/348605"}],"wp:attachment":[{"href":"https:\/\/www.moskito.cz\/it\/wp-json\/wp\/v2\/media?parent=348631"}],"wp:term":[{"taxonomy":"pwb-brand","embeddable":true,"href":"https:\/\/www.moskito.cz\/it\/wp-json\/wp\/v2\/pwb-brand?post=348631"},{"taxonomy":"product_brand","embeddable":true,"href":"https:\/\/www.moskito.cz\/it\/wp-json\/wp\/v2\/product_brand?post=348631"},{"taxonomy":"product_cat","embeddable":true,"href":"https:\/\/www.moskito.cz\/it\/wp-json\/wp\/v2\/product_cat?post=348631"},{"taxonomy":"product_tag","embeddable":true,"href":"https:\/\/www.moskito.cz\/it\/wp-json\/wp\/v2\/product_tag?post=348631"}],"curies":[{"name":"wp","href":"https:\/\/api.w.org\/{rel}","templated":true}]}}