{"id":348727,"date":"2022-10-18T20:51:40","date_gmt":"2024-07-02T14:24:18","guid":{"rendered":"https:\/\/www.moskito.cz\/produkt\/coltelli-heretic-manticore-s-h025-8a-coltello-da-tiro\/"},"modified":"2025-05-07T11:19:28","modified_gmt":"2025-05-07T10:19:28","slug":"coltelli-heretic-manticore-s-h025-8a-coltello-da-tiro","status":"publish","type":"product","link":"https:\/\/www.moskito.cz\/it\/produkt\/coltelli-heretic-manticore-s-h025-8a-coltello-da-tiro\/","title":{"rendered":"Coltelli Heretic Manticore S H025-8A Coltello da tiro"},"content":{"rendered":"<p><strong>Coltelli Heretic<\/strong> Manticore S H025-8A Coltello da tiro.<\/p>\n<p>Manticore S \u00e8 la pi\u00f9 piccola offerta OTF di Heretic Knives nella serie Manticore. Questo coltello \u00e8 realizzato e assemblato al 100% negli Stati Uniti, coperto da una garanzia a vita, quindi puoi essere sicuro che questo OTF durer\u00e0. Presenta lo sparo liscio come la seta e il rinculo con una sola mano che \u00e8 standard sulla gamma Manticore. La variante S \u00e8 un coltello compatto, foro per cordino integrato, rompivetro in acciaio temprato e clip profonda. Il suo profilo sottile e il peso leggero lo rendono facile da trasportare e pronto in un attimo. L&#8217;azione crea dipendenza, l&#8217;ergonomia \u00e8 perfetta e la qualit\u00e0 costruttiva \u00e8 di prim&#8217;ordine. Non rimarrete delusi!!<\/p>\n<p>Lunghezza lama: 6,2 cm<br \/>\nLunghezza totale: 16,2 cm<br \/>\nMateriale lama: Elmax<br \/>\nAffilatura della lama: piatta<br \/>\nMateriale manico: alluminio nero<br \/>\nSpessore della maniglia: 0,33&#8243;<br \/>\nMeccanismo di chiusura: scorrevole<br \/>\nClip da tasca: Deep Carry in acciaio inossidabile (pieghevole, destra)<br \/>\nPeso: 1,8 once.<br \/>\nProgettista: Tony Marfione Jr.<br \/>\nFabbricato negli Usa<\/p>\n","protected":false},"excerpt":{"rendered":"<p>Tutti i nostri coltelli sono fabbricati negli Stati Uniti e lo manterremo tale. Quando acquisti uno dei nostri coltelli, puoi avere fiducia nel tuo strumento sapendo che \u00e8 supportato da un&#8217;azienda americana. I nostri coltelli sono realizzati in piccoli lotti per garantire di ottenere un coltello di qualit\u00e0 a cui non viene prestata l&#8217;attenzione che altri coltelli prodotti in serie non ricevono.<\/p>\n<p><strong>Trasporto gratuito.<\/strong><\/p>\n","protected":false},"featured_media":348728,"comment_status":"open","ping_status":"closed","template":"","meta":[],"pwb-brand":[3759],"product_brand":[],"product_cat":[3745,3748],"product_tag":[],"class_list":{"0":"post-348727","1":"product","2":"type-product","3":"status-publish","4":"has-post-thumbnail","6":"pwb-brand-coltelli-eretici","7":"product_cat-coltelli","8":"product_cat-coltelli-da-tiro","10":"first","11":"instock","12":"taxable","13":"shipping-taxable","14":"purchasable","15":"product-type-simple"},"brands":[{"id":3759,"name":"Coltelli eretici","slug":"coltelli-eretici"}],"_links":{"self":[{"href":"https:\/\/www.moskito.cz\/it\/wp-json\/wp\/v2\/product\/348727","targetHints":{"allow":["GET"]}}],"collection":[{"href":"https:\/\/www.moskito.cz\/it\/wp-json\/wp\/v2\/product"}],"about":[{"href":"https:\/\/www.moskito.cz\/it\/wp-json\/wp\/v2\/types\/product"}],"replies":[{"embeddable":true,"href":"https:\/\/www.moskito.cz\/it\/wp-json\/wp\/v2\/comments?post=348727"}],"wp:featuredmedia":[{"embeddable":true,"href":"https:\/\/www.moskito.cz\/it\/wp-json\/wp\/v2\/media\/348728"}],"wp:attachment":[{"href":"https:\/\/www.moskito.cz\/it\/wp-json\/wp\/v2\/media?parent=348727"}],"wp:term":[{"taxonomy":"pwb-brand","embeddable":true,"href":"https:\/\/www.moskito.cz\/it\/wp-json\/wp\/v2\/pwb-brand?post=348727"},{"taxonomy":"product_brand","embeddable":true,"href":"https:\/\/www.moskito.cz\/it\/wp-json\/wp\/v2\/product_brand?post=348727"},{"taxonomy":"product_cat","embeddable":true,"href":"https:\/\/www.moskito.cz\/it\/wp-json\/wp\/v2\/product_cat?post=348727"},{"taxonomy":"product_tag","embeddable":true,"href":"https:\/\/www.moskito.cz\/it\/wp-json\/wp\/v2\/product_tag?post=348727"}],"curies":[{"name":"wp","href":"https:\/\/api.w.org\/{rel}","templated":true}]}}