{"id":349063,"date":"2024-07-04T10:14:13","date_gmt":"2024-07-04T09:16:17","guid":{"rendered":"https:\/\/www.moskito.cz\/produkt\/coltello-chiudibile-muela-con-custodia-k-7r\/"},"modified":"2025-05-07T11:19:38","modified_gmt":"2025-05-07T10:19:38","slug":"coltello-chiudibile-muela-con-custodia-k-7r","status":"publish","type":"product","link":"https:\/\/www.moskito.cz\/it\/produkt\/coltello-chiudibile-muela-con-custodia-k-7r\/","title":{"rendered":"Coltello chiudibile Muela con custodia K-7R"},"content":{"rendered":"<p>Coltello chiudibile <strong>Muela<\/strong> con custodia K-7R.<\/p>\n<p>Se stai cercando un coltello EDC, il K-7R prodotto da Muela in Spagna \u00e8 perfetto per te. \u00c8 dotata di una lama in acciaio inossidabile 420. I manici sono comodi da impugnare poich\u00e9 sono ergonomici e realizzati in legno di corallo pressato. Include una custodia in nylon.<\/p>\n<p>La lama di questo coltello \u00e8 realizzata in acciaio inossidabile 420, un materiale ad alto contenuto di cromo e carbonio, il che significa che la sua resistenza alla corrosione sar\u00e0 elevata e la lama rimarr\u00e0 intatta per molto pi\u00f9 tempo.<\/p>\n<p>Questo acciaio \u00e8 utilizzato per posate destinate a lavori che richiedono durezza e robustezza, quindi si adatta perfettamente a questo modello progettato per tutti i tipi di attivit\u00e0 marine e montane con materiali duri.<\/p>\n<p>La composizione specifica di questo tipo di acciaio \u00e8 0,49% di carbonio, 13-14% di cromo, 0,50% di manganese e 0,50% di silicio. Inoltre ha una durezza di 52 HRC secondo la scala Rockwell.<\/p>\n<p>Una delle cose che possiamo evidenziare di questo coltello \u00e8 il sistema di bloccaggio della lama Back Lock, che impedisce l&#8217;apertura o la chiusura accidentale durante l&#8217;uso.<\/p>\n<p>Un altro vantaggio di questo meccanismo di bloccaggio \u00e8 che \u00e8 molto sicuro e facile da usare, quindi il tempo di utilizzo \u00e8 ridotto al minimo. Inoltre, non richiede alcuna manutenzione aggiuntiva.<\/p>\n<p>Il materiale utilizzato sul manico della mola K-7R \u00e8 legno pressato. Questo tipo di materiale \u00e8 costituito da diversi strati di questo tipo di materiale naturale assemblati utilizzando un processo di resina epossidica ad alta pressione.<\/p>\n<p>Il legno si caratterizza anche per la sua durezza e resistenza alla corrosione, alle temperature estreme, all&#8217;elevata umidit\u00e0 relativa e agli urti.<\/p>\n<p>L&#8217;azienda Muela ha incorporato in questo modello una custodia in nylon nero di alta qualit\u00e0. L&#8217;utilizzatore potr\u00e0 cos\u00ec trasportare il coltello in modo pi\u00f9 semplice e comodo. Inoltre, sar\u00e0 protetto da possibili urti e graffi.<\/p>\n<p>Lunghezza totale: 16,2 cm<br \/>\nLunghezza lama: 7 cm<br \/>\nSpessore lama:-<br \/>\nTipo di acciaio: 420<br \/>\nTipo di blocco: blocco posteriore<br \/>\nApertura: manuale<br \/>\nClip: No<br \/>\nDurezza dell&#8217;acciaio: 58 HRC<br \/>\nStile lama: punto di caduta<br \/>\nTipo vuoto: dritto<br \/>\nTrattamento superficiale della lama: satinato<br \/>\nTipo di bordo: liscio<br \/>\nLunghezza manico: 9,2 cm<br \/>\nMateriale manico: legno pressato color corallo<br \/>\nColore manico: marrone<br \/>\nPeso: 50 g<br \/>\nPaese di origine: Spagna<\/p>\n<p>&nbsp;<\/p>\n<p>&nbsp;<\/p>\n","protected":false},"excerpt":{"rendered":"<p><strong>Se stai cercando un coltello EDC, il K-7R prodotto da Muela in Spagna \u00e8 perfetto per te.<\/strong><\/p>\n","protected":false},"featured_media":349047,"comment_status":"open","ping_status":"closed","template":"","meta":[],"pwb-brand":[3913],"product_brand":[],"product_cat":[3745,3749],"product_tag":[3755],"class_list":{"0":"post-349063","1":"product","2":"type-product","3":"status-publish","4":"has-post-thumbnail","6":"pwb-brand-lei-doveva","7":"product_cat-coltelli","8":"product_cat-coltelli-di-chiusura","9":"product_tag-b2b-it","11":"first","12":"instock","13":"taxable","14":"shipping-taxable","15":"purchasable","16":"product-type-simple"},"brands":[{"id":3913,"name":"Lei doveva","slug":"lei-doveva"}],"_links":{"self":[{"href":"https:\/\/www.moskito.cz\/it\/wp-json\/wp\/v2\/product\/349063","targetHints":{"allow":["GET"]}}],"collection":[{"href":"https:\/\/www.moskito.cz\/it\/wp-json\/wp\/v2\/product"}],"about":[{"href":"https:\/\/www.moskito.cz\/it\/wp-json\/wp\/v2\/types\/product"}],"replies":[{"embeddable":true,"href":"https:\/\/www.moskito.cz\/it\/wp-json\/wp\/v2\/comments?post=349063"}],"wp:featuredmedia":[{"embeddable":true,"href":"https:\/\/www.moskito.cz\/it\/wp-json\/wp\/v2\/media\/349047"}],"wp:attachment":[{"href":"https:\/\/www.moskito.cz\/it\/wp-json\/wp\/v2\/media?parent=349063"}],"wp:term":[{"taxonomy":"pwb-brand","embeddable":true,"href":"https:\/\/www.moskito.cz\/it\/wp-json\/wp\/v2\/pwb-brand?post=349063"},{"taxonomy":"product_brand","embeddable":true,"href":"https:\/\/www.moskito.cz\/it\/wp-json\/wp\/v2\/product_brand?post=349063"},{"taxonomy":"product_cat","embeddable":true,"href":"https:\/\/www.moskito.cz\/it\/wp-json\/wp\/v2\/product_cat?post=349063"},{"taxonomy":"product_tag","embeddable":true,"href":"https:\/\/www.moskito.cz\/it\/wp-json\/wp\/v2\/product_tag?post=349063"}],"curies":[{"name":"wp","href":"https:\/\/api.w.org\/{rel}","templated":true}]}}