{"id":349197,"date":"2024-07-04T13:13:37","date_gmt":"2024-07-04T12:17:13","guid":{"rendered":"https:\/\/www.moskito.cz\/produkt\/coltello-di-chiusura-muela-panzer-10n\/"},"modified":"2025-05-07T11:19:41","modified_gmt":"2025-05-07T10:19:41","slug":"coltello-di-chiusura-muela-panzer-10n","status":"publish","type":"product","link":"https:\/\/www.moskito.cz\/it\/produkt\/coltello-di-chiusura-muela-panzer-10n\/","title":{"rendered":"Coltello di chiusura Muela PANZER-10N"},"content":{"rendered":"<p>Coltello di chiusura <strong>Muela<\/strong> PANZER-10N<\/p>\n<p><strong>PANZER-10N<\/strong> PTB nero\/fibra di vetro, coltello EDC versatile e completo in PTFE nero che vorrai tenere sempre con te. L&#8217;impugnatura ergonomica ben studiata e la rampa sagomata per il pollice offrono una presa sicura per tutti i tipi di taglio. Il Thumb Stud su entrambi i lati e il veloce flipper Flipper consentono di aprire dinamicamente la lama in due modi.<\/p>\n<p>X60CrMoV15 (MoVa 60) &#8211; acciaio inossidabile martensitico al molibdeno-vanadio ad alto tenore di carbonio con un contenuto di carbonio maggiore rispetto all&#8217;acciaio 1.4116 (X50CrMoV15). Altamente resistente alla corrosione e all&#8217;usura. Viene utilizzato nella fabbricazione di coltelli, posate all&#8217;avanguardia e strumenti chirurgici. \u00c8 caratterizzato da una durezza relativamente elevata per gli acciai inossidabili di 57-58 HRC. La composizione chimica dell&#8217;acciaio \u00e8 arricchita con un drogaggio di 15,0% cromo (Cr), 0,80% molibdeno (Mo), 0,20% vanadio (V).<\/p>\n<p>PTFE Nero &#8211; Ampiamente utilizzato nell&#8217;industria dei rivestimenti, il politetrafluoroetilene \u00e8 un prodotto ultra fine a basso peso molecolare lavorato mediante un processo speciale. \u00c8 caratterizzato da eccellente resistenza chimica e agli agenti atmosferici e resistenza alla temperatura, stabilit\u00e0 termica, non appiccicosit\u00e0, isolamento elettrico, resistenza al fuoco e autolubrificazione. Grazie all&#8217;utilizzo del politetrafluoroetilene come materiale di rivestimento della lama, si riduce l&#8217;attrito durante l&#8217;uso, riducendo la necessit\u00e0 di forza in tutti i tipi di lavoro. Le lame rivestite in PTFE hanno fornito una forza media inferiore del 22% e una forza di picco inferiore del 26% rispetto alle lame rivestite in cromo.<\/p>\n<p>Lama: tipo Drop Point, spessore 3,6 mm, rivestita con mascheratura antigraffio e strato in PTFE antiriflesso. La lama \u00e8 stata realizzata con un&#8217;affilatura concava (Hollow grind), una lama liscia (Plain) offre buone propriet\u00e0 di taglio. La lama \u00e8 ricoperta da un rivestimento in PTFE antiriflesso nero opaco antigraffio. Il perno a doppia faccia sui lati del perno del pollice e del flipper consente una rapida apertura del coltello. Tipo di bloccaggio Liner-Lock.<\/p>\n<p>Maniglia: nera, ergonomica, profilata sotto le dita. Rivestito con cuscinetti testurizzati in polimero PTB rinforzato con fibre di vetro, garantisce una presa sicura anche con le mani bagnate. La maniglia Spine Jimping aumenta il comfort e la presa. Il coltello \u00e8 dotato di una solida clip torx in metallo montata su una vite torx, che consente di trasportare il coltello in posizione rivolta verso il basso (punta verso il basso). Nella parte posteriore della pedivella \u00e8 stato ricavato uno spazio per consentire l&#8217;installazione di un cavo di sicurezza.<\/p>\n<p>Specifiche tecniche:<br \/>\nCodice prodotto: PANZER-10N<\/p>\n<p>Lunghezza totale: 22,60 cm \/ 8,9&#8243;<br \/>\nLunghezza lama: 10 cm \/ 3,94&#8243;<br \/>\nSpessore lama: 0,36 cm \/ 0,14&#8243;<br \/>\nPeso: 174,0 g \/ 6,14 once<\/p>\n<p>Materiale lama: X60CrMoV15<br \/>\nDurezza della lama: 57-58 HRc<br \/>\nAffilatura della lama: cava<br \/>\nTrattamento superficiale lama: PTFE<\/p>\n<p>Materiale manico: Polimero PTB rinforzato con fibre di vetro (PTB + fibra di vetro)<br \/>\nColore finitura maniglia: Nero<\/p>\n<p>Clip: destra, punta verso il basso<br \/>\nMateriale della clip: acciaio inossidabile<\/p>\n<p>Meccanismo di bloccaggio: Liner Lock<br \/>\nMetodo di apertura: Manuale, flipper, foro per il pollice<br \/>\nAltri accessori: Nessuno<\/p>\n<p>Progettista: Muela<br \/>\nMarchio: Muela<br \/>\nProduttore: Manufacturas Muela, SA<br \/>\nPaese di origine: Spagna<\/p>\n<p>&nbsp;<\/p>\n","protected":false},"excerpt":{"rendered":"<p><strong>PANZER-10N PTB nero\/fibra di vetro, coltello EDC versatile e completo in PTFE nero che vorrai tenere sempre con te.<\/strong><\/p>\n","protected":false},"featured_media":349170,"comment_status":"open","ping_status":"closed","template":"","meta":[],"pwb-brand":[3913],"product_brand":[],"product_cat":[3745,3749],"product_tag":[3755],"class_list":{"0":"post-349197","1":"product","2":"type-product","3":"status-publish","4":"has-post-thumbnail","6":"pwb-brand-lei-doveva","7":"product_cat-coltelli","8":"product_cat-coltelli-di-chiusura","9":"product_tag-b2b-it","11":"first","12":"instock","13":"taxable","14":"shipping-taxable","15":"purchasable","16":"product-type-simple"},"brands":[{"id":3913,"name":"Lei doveva","slug":"lei-doveva"}],"_links":{"self":[{"href":"https:\/\/www.moskito.cz\/it\/wp-json\/wp\/v2\/product\/349197","targetHints":{"allow":["GET"]}}],"collection":[{"href":"https:\/\/www.moskito.cz\/it\/wp-json\/wp\/v2\/product"}],"about":[{"href":"https:\/\/www.moskito.cz\/it\/wp-json\/wp\/v2\/types\/product"}],"replies":[{"embeddable":true,"href":"https:\/\/www.moskito.cz\/it\/wp-json\/wp\/v2\/comments?post=349197"}],"wp:featuredmedia":[{"embeddable":true,"href":"https:\/\/www.moskito.cz\/it\/wp-json\/wp\/v2\/media\/349170"}],"wp:attachment":[{"href":"https:\/\/www.moskito.cz\/it\/wp-json\/wp\/v2\/media?parent=349197"}],"wp:term":[{"taxonomy":"pwb-brand","embeddable":true,"href":"https:\/\/www.moskito.cz\/it\/wp-json\/wp\/v2\/pwb-brand?post=349197"},{"taxonomy":"product_brand","embeddable":true,"href":"https:\/\/www.moskito.cz\/it\/wp-json\/wp\/v2\/product_brand?post=349197"},{"taxonomy":"product_cat","embeddable":true,"href":"https:\/\/www.moskito.cz\/it\/wp-json\/wp\/v2\/product_cat?post=349197"},{"taxonomy":"product_tag","embeddable":true,"href":"https:\/\/www.moskito.cz\/it\/wp-json\/wp\/v2\/product_tag?post=349197"}],"curies":[{"name":"wp","href":"https:\/\/api.w.org\/{rel}","templated":true}]}}