{"id":349334,"date":"2024-07-04T14:53:16","date_gmt":"2024-07-04T13:54:31","guid":{"rendered":"https:\/\/www.moskito.cz\/produkt\/coltello-di-chiusura-muela-con-custodia-zx-8co\/"},"modified":"2025-05-07T11:19:46","modified_gmt":"2025-05-07T10:19:46","slug":"coltello-di-chiusura-muela-con-custodia-zx-8co","status":"publish","type":"product","link":"https:\/\/www.moskito.cz\/it\/produkt\/coltello-di-chiusura-muela-con-custodia-zx-8co\/","title":{"rendered":"Coltello di chiusura Muela con custodia ZX-8CO"},"content":{"rendered":"<p>Coltello di chiusura <strong>Muela<\/strong> con custodia ZX-8CO<\/p>\n<p>Prodotto dalla societ\u00e0 spagnola <strong>Muela<\/strong> . Coltello tascabile con lama in acciaio 440C, materiale noto per la sua elevata resistenza alla corrosione, la sua durevolezza e la sua capacit\u00e0 di mantenere il filo affilato per lungo tempo. Grazie alla lama lunga 8,50 cm \u00e8 adatto a vari compiti di caccia e sopravvivenza. Il manico \u00e8 realizzato in legno di cocobolo, un legno esotico dell&#8217;America centrale apprezzato per la sua durezza, resistenza e aspetto attraente con venature naturali marroni e rosse, offre inoltre una presa comoda. Ha un lucchetto che lo rende pi\u00f9 sicuro. Il tritacarne ZX-8CO \u00e8 versatile e pu\u00f2 essere utilizzato per una variet\u00e0 di attivit\u00e0 di caccia come scuoiare, affettare carne e preparare il cibo. Per mantenere il coltello in condizioni ottimali \u00e8 consigliabile pulirlo e asciugarlo dopo ogni utilizzo, sebbene l&#8217;acciaio 440C sia resistente alla corrosione, per una protezione extra si consiglia di applicare un sottile strato di olio sulla lama. Materiali: &#8211; Lama: acciaio 440C &#8211; Manico: legno di Cocobolo Dimensioni: &#8211; Lunghezza lama: 8,50 cm. &#8211; Peso: 90 gr.<\/p>\n<p>Marchio Muela<br \/>\nAcciaio usato acciaio 440C<br \/>\nManico materiale legno di cocobolo<br \/>\nLunghezza lama: 8,5 cm<br \/>\nPeso: 90 gr<br \/>\nDurezza della lama 60 HRC<\/p>\n<p>&nbsp;<\/p>\n","protected":false},"excerpt":{"rendered":"<p><strong>Prodotto dall&#8217;azienda spagnola Muela. Coltello tascabile con lama in acciaio 440C, materiale noto per la sua elevata resistenza alla corrosione, la sua durevolezza e la sua capacit\u00e0 di mantenere il filo affilato per lungo tempo. Grazie alla lama lunga 8,50 cm \u00e8 adatto a vari compiti di caccia e sopravvivenza.<\/strong><\/p>\n","protected":false},"featured_media":349325,"comment_status":"open","ping_status":"closed","template":"","meta":[],"pwb-brand":[3913],"product_brand":[],"product_cat":[3745,3749],"product_tag":[3755],"class_list":{"0":"post-349334","1":"product","2":"type-product","3":"status-publish","4":"has-post-thumbnail","6":"pwb-brand-lei-doveva","7":"product_cat-coltelli","8":"product_cat-coltelli-di-chiusura","9":"product_tag-b2b-it","11":"first","12":"instock","13":"taxable","14":"shipping-taxable","15":"purchasable","16":"product-type-simple"},"brands":[{"id":3913,"name":"Lei doveva","slug":"lei-doveva"}],"_links":{"self":[{"href":"https:\/\/www.moskito.cz\/it\/wp-json\/wp\/v2\/product\/349334","targetHints":{"allow":["GET"]}}],"collection":[{"href":"https:\/\/www.moskito.cz\/it\/wp-json\/wp\/v2\/product"}],"about":[{"href":"https:\/\/www.moskito.cz\/it\/wp-json\/wp\/v2\/types\/product"}],"replies":[{"embeddable":true,"href":"https:\/\/www.moskito.cz\/it\/wp-json\/wp\/v2\/comments?post=349334"}],"wp:featuredmedia":[{"embeddable":true,"href":"https:\/\/www.moskito.cz\/it\/wp-json\/wp\/v2\/media\/349325"}],"wp:attachment":[{"href":"https:\/\/www.moskito.cz\/it\/wp-json\/wp\/v2\/media?parent=349334"}],"wp:term":[{"taxonomy":"pwb-brand","embeddable":true,"href":"https:\/\/www.moskito.cz\/it\/wp-json\/wp\/v2\/pwb-brand?post=349334"},{"taxonomy":"product_brand","embeddable":true,"href":"https:\/\/www.moskito.cz\/it\/wp-json\/wp\/v2\/product_brand?post=349334"},{"taxonomy":"product_cat","embeddable":true,"href":"https:\/\/www.moskito.cz\/it\/wp-json\/wp\/v2\/product_cat?post=349334"},{"taxonomy":"product_tag","embeddable":true,"href":"https:\/\/www.moskito.cz\/it\/wp-json\/wp\/v2\/product_tag?post=349334"}],"curies":[{"name":"wp","href":"https:\/\/api.w.org\/{rel}","templated":true}]}}