{"id":349355,"date":"2024-07-04T15:03:36","date_gmt":"2024-07-04T18:55:53","guid":{"rendered":"https:\/\/www.moskito.cz\/produkt\/coltello-di-chiusura-muela-con-custodia-bx-8gr\/"},"modified":"2025-05-07T11:19:47","modified_gmt":"2025-05-07T10:19:47","slug":"coltello-di-chiusura-muela-con-custodia-bx-8gr","status":"publish","type":"product","link":"https:\/\/www.moskito.cz\/it\/produkt\/coltello-di-chiusura-muela-con-custodia-bx-8gr\/","title":{"rendered":"Coltello di chiusura Muela con custodia BX-8GR"},"content":{"rendered":"<p>Coltello di chiusura <strong>Muela<\/strong> con custodia BX-8GR<\/p>\n<p><strong>Muela<\/strong> \u00e8 una fabbrica di coltelli e coltelli pieghevoli con sede a Ciudad Real (Spagna) ed \u00e8 composta da due societ\u00e0: Manufacturas Muela, SA e Comercial Muela, SA. Comercial Muela \u00e8 stata fondata nel 1985, la sua base principale sono i coltelli sportivi. Attualmente \u00e8 la prima azienda di coltelli sportivi nel nostro paese e un riferimento internazionale essenziale nel settore, i suoi coltelli e coltelli pieghevoli sono molto apprezzati per la loro alta qualit\u00e0 e bellezza.<\/p>\n<p>Coltello tascabile Muela con lama in acciaio 440C 8,5 cm. Manico in legno pressato color corallo e presa TiNi con fermo. Un coltello leggero e compatto che puoi portare sempre in tasca. Materiali: Lama: Acciaio 440C Manico: Legno di corallo pressato Finiture: TiNi Dimensioni: Lunghezza lama: 85 mm. Lunghezza impugnatura: 100 mm. Lunghezza totale: 185 mm. Peso: 120 grammi.<\/p>\n<p>&nbsp;<\/p>\n","protected":false},"excerpt":{"rendered":"<p><strong>Muela \u00e8 una fabbrica di coltelli e coltelli pieghevoli con sede a Ciudad Real (Spagna) ed \u00e8 composta da due societ\u00e0: Manufacturas Muela, SA e Comercial Muela, SA. Comercial Muela \u00e8 stata fondata nel 1985, la sua base principale sono i coltelli sportivi.<\/strong><\/p>\n","protected":false},"featured_media":349341,"comment_status":"open","ping_status":"closed","template":"","meta":[],"pwb-brand":[3913],"product_brand":[],"product_cat":[3745,3749],"product_tag":[3755],"class_list":{"0":"post-349355","1":"product","2":"type-product","3":"status-publish","4":"has-post-thumbnail","6":"pwb-brand-lei-doveva","7":"product_cat-coltelli","8":"product_cat-coltelli-di-chiusura","9":"product_tag-b2b-it","11":"first","12":"instock","13":"taxable","14":"shipping-taxable","15":"purchasable","16":"product-type-simple"},"brands":[{"id":3913,"name":"Lei doveva","slug":"lei-doveva"}],"_links":{"self":[{"href":"https:\/\/www.moskito.cz\/it\/wp-json\/wp\/v2\/product\/349355","targetHints":{"allow":["GET"]}}],"collection":[{"href":"https:\/\/www.moskito.cz\/it\/wp-json\/wp\/v2\/product"}],"about":[{"href":"https:\/\/www.moskito.cz\/it\/wp-json\/wp\/v2\/types\/product"}],"replies":[{"embeddable":true,"href":"https:\/\/www.moskito.cz\/it\/wp-json\/wp\/v2\/comments?post=349355"}],"wp:featuredmedia":[{"embeddable":true,"href":"https:\/\/www.moskito.cz\/it\/wp-json\/wp\/v2\/media\/349341"}],"wp:attachment":[{"href":"https:\/\/www.moskito.cz\/it\/wp-json\/wp\/v2\/media?parent=349355"}],"wp:term":[{"taxonomy":"pwb-brand","embeddable":true,"href":"https:\/\/www.moskito.cz\/it\/wp-json\/wp\/v2\/pwb-brand?post=349355"},{"taxonomy":"product_brand","embeddable":true,"href":"https:\/\/www.moskito.cz\/it\/wp-json\/wp\/v2\/product_brand?post=349355"},{"taxonomy":"product_cat","embeddable":true,"href":"https:\/\/www.moskito.cz\/it\/wp-json\/wp\/v2\/product_cat?post=349355"},{"taxonomy":"product_tag","embeddable":true,"href":"https:\/\/www.moskito.cz\/it\/wp-json\/wp\/v2\/product_tag?post=349355"}],"curies":[{"name":"wp","href":"https:\/\/api.w.org\/{rel}","templated":true}]}}