{"id":349489,"date":"2021-03-25T21:42:03","date_gmt":"2024-07-04T19:36:37","guid":{"rendered":"https:\/\/www.moskito.cz\/produkt\/coltello-da-tiro-microtech-ultratech-123-1-rd\/"},"modified":"2025-07-11T07:54:05","modified_gmt":"2025-07-11T06:54:05","slug":"coltello-da-tiro-microtech-ultratech-123-1-rd","status":"publish","type":"product","link":"https:\/\/www.moskito.cz\/it\/produkt\/coltello-da-tiro-microtech-ultratech-123-1-rd\/","title":{"rendered":"Coltello da tiro Microtech Ultratech 123-1 RD"},"content":{"rendered":"<p>Coltello da tiro <strong>Microtech<\/strong> Ultratech 123-1 RD.<\/p>\n<p>Ultratech stabilir\u00e0 per sempre lo standard per tutti i coltelli frontali. L&#8217;Ultratech \u00e8 l&#8217;originale coltello frontale a doppia azione di Microtech ed \u00e8 stato la base dell&#8217;intera linea OTF. Ha subito diverse modifiche nel corso degli anni, diventando ogni volta pi\u00f9 efficiente ed affidabile. Questa versione ha un&#8217;impugnatura sagomata migliorata con uno scorrimento del pollice strutturato per un acquisto pi\u00f9 positivo. La molla Ultratech rimane sempre in posizione di &#8220;riposo&#8221;, tranne quando \u00e8 allungata. Ci\u00f2 garantisce che la molla compressa non si affatichi, garantendo agli utenti che quando il coltello viene azionato, funzioner\u00e0 in modo efficace. <strong>L&#8217;Ultratech<\/strong> pu\u00f2 assumere molte forme diverse; pu\u00f2 essere rifinito con una piastra di alluminio lavorata standard o un pezzo di fibra di carbonio. La leggerezza, l&#8217;apertura e la chiusura con una sola mano, il design sottile e la lama affilata come un bisturi di <strong>Ultratech<\/strong> lo rendono un coltello unico disponibile solo tramite <strong>Microtech<\/strong> . Questo coltello ha dimostrato pi\u00f9 volte di resistere a qualsiasi ostacolo. Solo il tempo dir\u00e0 quale sar\u00e0 il prossimo passo per la linea Ultratech.<\/p>\n<p>Lunghezza totale: 22 cm<br \/>\nLunghezza lama: 8,6 cm<br \/>\nMateriale lama: Bohler M390<br \/>\nStile lama: Tanto<br \/>\nInserti: piatti<br \/>\nTipo di bordo: semplice<br \/>\nMateriale manico: alluminio<br \/>\nPeso: 3,60 once.<br \/>\nUtente: mano destra<br \/>\nClip da tasca: ribaltabile<br \/>\nTipo di coltello: OTF automatico a doppia azione<br \/>\nApertura: diapositiva con il pollice<br \/>\nMarca: MicroTech<br \/>\nModello: Ultratech<br \/>\nNumero di modello: 123-1RD<br \/>\nPaese di origine: Stati Uniti<br \/>\nMiglior utilizzo: tutti i giorni<\/p>\n<div class=\"description\">\n<p>&nbsp;<\/p>\n<\/div>\n<div class=\"specifications\">\n<div class=\"specs\">\n<p>&nbsp;<\/p>\n<\/div>\n<\/div>\n","protected":false},"excerpt":{"rendered":"<p><strong>Nel corso degli anni, Microtech\u00ae Knives ha riempito i coltelli con passione e competenza per creare quasi opere d&#8217;arte che sono l&#8217;apice della funzionalit\u00e0. Tutte le parti sono prodotte negli Stati Uniti.<\/strong><br \/>\n<strong>Tutti i coltelli Microtech sono garantiti a vita (min. 80.000 cicli, apertura e chiusura)<\/strong><\/p>\n<p><strong>Trasporto gratuito.<\/strong><\/p>\n","protected":false},"featured_media":349491,"comment_status":"open","ping_status":"closed","template":"","meta":[],"pwb-brand":[3753],"product_brand":[],"product_cat":[3745,3748],"product_tag":[3755],"class_list":{"0":"post-349489","1":"product","2":"type-product","3":"status-publish","4":"has-post-thumbnail","6":"pwb-brand-microtecnologia-it","7":"product_cat-coltelli","8":"product_cat-coltelli-da-tiro","9":"product_tag-b2b-it","11":"first","12":"instock","13":"taxable","14":"shipping-taxable","15":"purchasable","16":"product-type-simple"},"brands":[{"id":3753,"name":"Microtecnologia","slug":"microtecnologia-it"}],"_links":{"self":[{"href":"https:\/\/www.moskito.cz\/it\/wp-json\/wp\/v2\/product\/349489","targetHints":{"allow":["GET"]}}],"collection":[{"href":"https:\/\/www.moskito.cz\/it\/wp-json\/wp\/v2\/product"}],"about":[{"href":"https:\/\/www.moskito.cz\/it\/wp-json\/wp\/v2\/types\/product"}],"replies":[{"embeddable":true,"href":"https:\/\/www.moskito.cz\/it\/wp-json\/wp\/v2\/comments?post=349489"}],"wp:featuredmedia":[{"embeddable":true,"href":"https:\/\/www.moskito.cz\/it\/wp-json\/wp\/v2\/media\/349491"}],"wp:attachment":[{"href":"https:\/\/www.moskito.cz\/it\/wp-json\/wp\/v2\/media?parent=349489"}],"wp:term":[{"taxonomy":"pwb-brand","embeddable":true,"href":"https:\/\/www.moskito.cz\/it\/wp-json\/wp\/v2\/pwb-brand?post=349489"},{"taxonomy":"product_brand","embeddable":true,"href":"https:\/\/www.moskito.cz\/it\/wp-json\/wp\/v2\/product_brand?post=349489"},{"taxonomy":"product_cat","embeddable":true,"href":"https:\/\/www.moskito.cz\/it\/wp-json\/wp\/v2\/product_cat?post=349489"},{"taxonomy":"product_tag","embeddable":true,"href":"https:\/\/www.moskito.cz\/it\/wp-json\/wp\/v2\/product_tag?post=349489"}],"curies":[{"name":"wp","href":"https:\/\/api.w.org\/{rel}","templated":true}]}}