{"id":349525,"date":"2021-03-24T21:23:24","date_gmt":"2024-07-04T19:36:52","guid":{"rendered":"https:\/\/www.moskito.cz\/produkt\/coltello-da-tiro-microtech-ultratech-bounty-hunter-apocalyptic-123-10bh\/"},"modified":"2025-07-11T07:53:58","modified_gmt":"2025-07-11T06:53:58","slug":"coltello-da-tiro-microtech-ultratech-bounty-hunter-apocalyptic-123-10bh","status":"publish","type":"product","link":"https:\/\/www.moskito.cz\/it\/produkt\/coltello-da-tiro-microtech-ultratech-bounty-hunter-apocalyptic-123-10bh\/","title":{"rendered":"Coltello da tiro Microtech Ultratech Bounty Hunter Apocalyptic 123-10BH"},"content":{"rendered":"<p>Coltello da tiro <strong>Microtech<\/strong> Ultratech Bounty Hunter Apocalyptic 123-10BH<\/p>\n<p>L&#8217;Ultratech di <strong>Microtech<\/strong> \u00e8 uno dei modelli pi\u00f9 popolari e offre sicuramente il miglior rapporto qualit\u00e0-prezzo. Stabilir\u00e0 per sempre lo standard per tutti i coltelli da tiro. <strong>L&#8217;Ultratech<\/strong> \u00e8 l&#8217;originale coltello frontale a doppia azione di Microtech ed \u00e8 stato la base dell&#8217;intera linea OTF. Ha subito diverse modifiche nel corso degli anni, diventando ogni volta pi\u00f9 efficiente ed affidabile. La molla Ultratech rimane sempre in posizione di &#8220;riposo&#8221;, tranne quando \u00e8 allungata. Ci\u00f2 garantisce che la molla compressa non si affatichi, garantendo agli utenti che quando il coltello viene azionato, funzioner\u00e0 in modo efficace. Coltello Ultratech leggero con apertura e chiusura con una sola mano, forma sottile e lama affilata da bisturi lo rendono un coltello unico!<\/p>\n<p>Questo modello <strong>Star Wars Bounty Hunter<\/strong> in edizione limitata presenta un manico consumato dalla battaglia realizzato in alluminio 6061-T6 anodizzato verde usurato e in stile Bounty Hunter. Lama in acciaio inox M390 bicolore con finitura apocalittica\/satinata con filo standard. Combatti hardware rosso consumato e punta che rompe il vetro. La clip da tasca \u00e8 rifinita in modo apocalittico e contrassegnata con il numero di serie, la data di produzione, BH per Bounty Hunter, il logo giallo Mandalorian Skull Star Wars e il logo <strong>Microtech<\/strong> . <strong>Questi si esauriscono sempre velocemente, non perdere l&#8217;occasione!<\/strong><\/p>\n<p>Lunghezza totale: 22 cm<br \/>\nLunghezza lama: 8,6 cm<br \/>\nMateriale lama: Bohler M390<br \/>\nStile lama: Tanto<br \/>\nInserti: piatti<br \/>\nTipo di bordo: semplice<br \/>\nMateriale manico: alluminio<br \/>\nPeso: 3,60 once.<br \/>\nUtente: mano destra<br \/>\nClip da tasca: ribaltabile<br \/>\nTipo di coltello: OTF automatico a doppia azione<br \/>\nApertura: diapositiva con il pollice<br \/>\nMarca: MicroTech<br \/>\nModello: Ultratech<br \/>\nNumero di modello: 123-10BH<br \/>\nPaese di origine: Stati Uniti<br \/>\nMiglior utilizzo: tutti i giorni<\/p>\n<div class=\"description\">\n<p>L&#8217;Ultratech stabilir\u00e0 per sempre lo standard per tutti i coltelli all&#8217;avanguardia. L&#8217;Ultratech \u00e8 il coltello originale a doppia azione <strong>di Microtech<\/strong> ed \u00e8 stato il fondamento dell&#8217;intera linea OTF. Nel corso degli anni ha subito diverse modifiche, diventando ogni volta pi\u00f9 efficiente ed affidabile. Questa versione ha la struttura tri-grip migliorata sulla diapositiva del pollice per un acquisto pi\u00f9 positivo e un&#8217;impugnatura con finitura verde apocalittica con hardware rosso, soprannominando questo modello Bounty Hunter aka Boba Fett. Presenta anche un bellissimo logo Mythosaur sulla clip da tasca che era il simbolo del teschio zannuto dei Veri Mandaloriani. La molla dell&#8217;Ultratech rimane sempre in posizione &#8220;a riposo&#8221;, tranne quando viene utilizzata. Ci\u00f2 garantisce che la molla compressa non si affatichi, garantendo agli utenti che quando il coltello viene azionato, funzioner\u00e0 in modo efficace. Il peso leggero dell&#8217;Ultratech, l&#8217;azione di apertura e chiusura con una sola mano, la forma sottile e la lama drop point affilata come un bisturi lo rendono un coltello unico nel suo genere, disponibile solo tramite <strong>Microtech<\/strong> . Questo coltello ha dimostrato pi\u00f9 volte di resistere a qualsiasi ostacolo e, a nostro avviso, \u00e8 il pi\u00f9 desiderabile della linea <strong>Ultratech<\/strong> di Star Wars.<\/p>\n<div class=\"clearfix\"><\/div>\n<\/div>\n<div class=\"specifications\">\n<div class=\"features\">Specifiche<br \/>\nApertura\/chiusura automatica: apertura frontale<br \/>\nAzione: doppia azione: fuoco\/ritrazione automatici<br \/>\nLama in acciaio: acciaio inossidabile<br \/>\nLunghezza lama: 3,46&#8243;<br \/>\nStile lama: Tanto a taglio singolo<br \/>\nSpessore manico: 0,640&#8243;<br \/>\nMateriale impugnatura: alluminio 6061-T6 con anodizzazione dura apocalittica verde Mil-Spec<br \/>\nLunghezza chiusa: 4,84&#8243;<br \/>\nLunghezza aperta: 8,30&#8243;<br \/>\nMateriale della clip da tasca: acciaio inossidabile 301<br \/>\nParte superiore standard: lega AL 6061-T6<br \/>\nGrilletto: acciaio inossidabile 303<br \/>\nRompivetro<br \/>\nProdotto negli Stati Uniti<\/div>\n<div class=\"specs\">\n<p>&nbsp;<\/p>\n<\/div>\n<\/div>\n","protected":false},"excerpt":{"rendered":"<p><strong>Nel corso degli anni, Microtech\u00ae Knives ha riempito i coltelli con passione e competenza per creare quasi opere d&#8217;arte che sono l&#8217;apice della funzionalit\u00e0. Tutte le parti sono prodotte negli Stati Uniti.<\/strong><br \/>\n<strong>Tutti i coltelli Microtech sono garantiti a vita (min. 80.000 cicli, apertura e chiusura)<\/strong><\/p>\n<p><strong>Trasporto gratuito.<\/strong><\/p>\n","protected":false},"featured_media":349526,"comment_status":"open","ping_status":"closed","template":"","meta":[],"pwb-brand":[3753],"product_brand":[],"product_cat":[3745,3748],"product_tag":[3755],"class_list":{"0":"post-349525","1":"product","2":"type-product","3":"status-publish","4":"has-post-thumbnail","6":"pwb-brand-microtecnologia-it","7":"product_cat-coltelli","8":"product_cat-coltelli-da-tiro","9":"product_tag-b2b-it","11":"first","12":"outofstock","13":"taxable","14":"shipping-taxable","15":"purchasable","16":"product-type-simple"},"brands":[{"id":3753,"name":"Microtecnologia","slug":"microtecnologia-it"}],"_links":{"self":[{"href":"https:\/\/www.moskito.cz\/it\/wp-json\/wp\/v2\/product\/349525","targetHints":{"allow":["GET"]}}],"collection":[{"href":"https:\/\/www.moskito.cz\/it\/wp-json\/wp\/v2\/product"}],"about":[{"href":"https:\/\/www.moskito.cz\/it\/wp-json\/wp\/v2\/types\/product"}],"replies":[{"embeddable":true,"href":"https:\/\/www.moskito.cz\/it\/wp-json\/wp\/v2\/comments?post=349525"}],"wp:featuredmedia":[{"embeddable":true,"href":"https:\/\/www.moskito.cz\/it\/wp-json\/wp\/v2\/media\/349526"}],"wp:attachment":[{"href":"https:\/\/www.moskito.cz\/it\/wp-json\/wp\/v2\/media?parent=349525"}],"wp:term":[{"taxonomy":"pwb-brand","embeddable":true,"href":"https:\/\/www.moskito.cz\/it\/wp-json\/wp\/v2\/pwb-brand?post=349525"},{"taxonomy":"product_brand","embeddable":true,"href":"https:\/\/www.moskito.cz\/it\/wp-json\/wp\/v2\/product_brand?post=349525"},{"taxonomy":"product_cat","embeddable":true,"href":"https:\/\/www.moskito.cz\/it\/wp-json\/wp\/v2\/product_cat?post=349525"},{"taxonomy":"product_tag","embeddable":true,"href":"https:\/\/www.moskito.cz\/it\/wp-json\/wp\/v2\/product_tag?post=349525"}],"curies":[{"name":"wp","href":"https:\/\/api.w.org\/{rel}","templated":true}]}}