{"id":349594,"date":"2023-05-07T19:26:08","date_gmt":"2024-07-04T19:38:17","guid":{"rendered":"https:\/\/www.moskito.cz\/produkt\/coltello-da-tiro-microtech-ultratech-bronzo-tanto-123-13rd\/"},"modified":"2025-05-07T11:19:53","modified_gmt":"2025-05-07T10:19:53","slug":"coltello-da-tiro-microtech-ultratech-bronzo-tanto-123-13rd","status":"publish","type":"product","link":"https:\/\/www.moskito.cz\/it\/produkt\/coltello-da-tiro-microtech-ultratech-bronzo-tanto-123-13rd\/","title":{"rendered":"Coltello da Tiro Microtech Ultratech Bronzo Tanto 123-13RD"},"content":{"rendered":"<p>Coltello da Tiro <strong>Microtech<\/strong> Ultratech Bronzo Tanto 123-13RD<\/p>\n<p><strong>Ultratech<\/strong> stabilir\u00e0 per sempre lo standard per tutti i coltelli frontali. <strong>L&#8217;Ultratech<\/strong> \u00e8 l&#8217;originale coltello frontale a doppia azione di Microtech ed \u00e8 stato la base della sua intera linea OTF. Ha subito diverse modifiche nel corso degli anni, diventando ogni volta pi\u00f9 efficiente ed affidabile. Questa versione ha una maniglia modellata migliorata con uno scorrimento del pollice strutturato. La molla Ultratech rimane sempre in posizione di &#8220;riposo&#8221;, tranne quando \u00e8 allungata. Ci\u00f2 garantisce che la molla compressa non si affatichi, garantendo agli utenti che quando il coltello viene azionato, funzioner\u00e0 in modo efficace. <strong>L&#8217;Ultratech<\/strong> pu\u00f2 assumere molte forme diverse; pu\u00f2 essere rifinito con una maniglia standard in alluminio lavorato o una maniglia in fibra di carbonio. Il peso leggero, l&#8217;apertura e la chiusura con una sola mano, la forma sottile e la lama affilata come un bisturi rendono questo coltello unico disponibile solo da Microtech. Questo coltello ha dimostrato pi\u00f9 volte di resistere a qualsiasi ostacolo. Solo il tempo dir\u00e0 quale sar\u00e0 il prossimo passo per la linea Ultratech.<\/p>\n<p>Specifiche<br \/>\nApertura\/chiusura automatica &#8211; apertura frontale<br \/>\nAzione: Azione duello: fuoco\/ritiro automatico<br \/>\nLunghezza totale: 22 cm<br \/>\nLunghezza lama: 8,6 cm<br \/>\nMateriale lama: Bohler M390<br \/>\nStile lama: Tanto<br \/>\nMateriale impugnatura: alluminio 6061-T6 rosso Mil-Spec anodizzato duro&#8221;<br \/>\nMateriale della clip da tasca: acciaio inossidabile 301 completamente duro<br \/>\nTomaia standard: lega AL 6061-T6<br \/>\nGrilletto: acciaio inossidabile 303<br \/>\nFabbricato negli Usa<\/p>\n<p><iframe title=\"Microtech Combat Troodon Torture Test\" width=\"800\" height=\"450\" src=\"https:\/\/www.youtube.com\/embed\/xE9TeOFYEjg?feature=oembed\" frameborder=\"0\" allow=\"accelerometer; autoplay; clipboard-write; encrypted-media; gyroscope; picture-in-picture; web-share\" referrerpolicy=\"strict-origin-when-cross-origin\" allowfullscreen><\/iframe><\/p>\n<p>&nbsp;<\/p>\n","protected":false},"excerpt":{"rendered":"<p>Nel corso degli anni, Microtech\u00ae Knives ha riempito i coltelli con passione e competenza per creare quasi opere d&#8217;arte che sono l&#8217;apice della funzionalit\u00e0. Tutte le parti sono prodotte negli Stati Uniti.<br \/>\n<strong>Tutti i coltelli Microtech sono coperti da una garanzia a vita.<\/strong><\/p>\n<p><strong>Trasporto gratuito.<\/strong><\/p>\n","protected":false},"featured_media":349595,"comment_status":"open","ping_status":"closed","template":"","meta":[],"pwb-brand":[3753],"product_brand":[],"product_cat":[3745,3748],"product_tag":[3755],"class_list":{"0":"post-349594","1":"product","2":"type-product","3":"status-publish","4":"has-post-thumbnail","6":"pwb-brand-microtecnologia-it","7":"product_cat-coltelli","8":"product_cat-coltelli-da-tiro","9":"product_tag-b2b-it","11":"first","12":"instock","13":"taxable","14":"shipping-taxable","15":"purchasable","16":"product-type-simple"},"brands":[{"id":3753,"name":"Microtecnologia","slug":"microtecnologia-it"}],"_links":{"self":[{"href":"https:\/\/www.moskito.cz\/it\/wp-json\/wp\/v2\/product\/349594","targetHints":{"allow":["GET"]}}],"collection":[{"href":"https:\/\/www.moskito.cz\/it\/wp-json\/wp\/v2\/product"}],"about":[{"href":"https:\/\/www.moskito.cz\/it\/wp-json\/wp\/v2\/types\/product"}],"replies":[{"embeddable":true,"href":"https:\/\/www.moskito.cz\/it\/wp-json\/wp\/v2\/comments?post=349594"}],"wp:featuredmedia":[{"embeddable":true,"href":"https:\/\/www.moskito.cz\/it\/wp-json\/wp\/v2\/media\/349595"}],"wp:attachment":[{"href":"https:\/\/www.moskito.cz\/it\/wp-json\/wp\/v2\/media?parent=349594"}],"wp:term":[{"taxonomy":"pwb-brand","embeddable":true,"href":"https:\/\/www.moskito.cz\/it\/wp-json\/wp\/v2\/pwb-brand?post=349594"},{"taxonomy":"product_brand","embeddable":true,"href":"https:\/\/www.moskito.cz\/it\/wp-json\/wp\/v2\/product_brand?post=349594"},{"taxonomy":"product_cat","embeddable":true,"href":"https:\/\/www.moskito.cz\/it\/wp-json\/wp\/v2\/product_cat?post=349594"},{"taxonomy":"product_tag","embeddable":true,"href":"https:\/\/www.moskito.cz\/it\/wp-json\/wp\/v2\/product_tag?post=349594"}],"curies":[{"name":"wp","href":"https:\/\/api.w.org\/{rel}","templated":true}]}}