{"id":349621,"date":"2022-04-21T11:20:21","date_gmt":"2024-07-04T19:38:50","guid":{"rendered":"https:\/\/www.moskito.cz\/produkt\/coltello-da-tiro-microtech-ultratech-stonewashed-123-10bl\/"},"modified":"2025-05-07T11:19:56","modified_gmt":"2025-05-07T10:19:56","slug":"coltello-da-tiro-microtech-ultratech-stonewashed-123-10bl","status":"publish","type":"product","link":"https:\/\/www.moskito.cz\/it\/produkt\/coltello-da-tiro-microtech-ultratech-stonewashed-123-10bl\/","title":{"rendered":"Coltello da tiro Microtech Ultratech Stonewashed 123-10BL"},"content":{"rendered":"<p>Coltello da tiro <strong>Microtech<\/strong> Ultratech Stonewashed 123-10BL<\/p>\n<p>Il coltello automatico frontale a doppia azione Ultratech di Microtech stabilisce lo standard per questa categoria. Questa versione ha un manico anodizzato e stampato blu e finitura satinata, CTS-204P, lama a doppio taglio.<\/p>\n<p>Nuovissimo direttamente da Microtech Knives. Fabbricato negli Usa.<\/p>\n<p>La lama presenta una maestosa finitura satinata e doppi taglienti standard lisci nella parte superiore e inferiore. La lama ha una punta fine ed \u00e8 realizzata in acciaio inossidabile americano di prima qualit\u00e0 CTS-204P. La lama da 3,44 pollici ha un meccanismo di apertura e chiusura a doppia azione. Basta spostare il cursore del pollice sul lato della maniglia verso l&#8217;alto per aprire e verso il basso per ritrarre. La molla interna rimane ferma sia in posizione aperta che chiusa per ridurre l&#8217;usura. L&#8217;azione \u00e8 fluida e veloce.<\/p>\n<p>Manico: l&#8217;alluminio 6061-T6 liscio e anodizzato blu ha bordi sagomati che creano non solo una sensazione confortevole nella mano, ma anche una transizione fluida dentro e fuori dalla tasca. Sono presenti diverse aree di struttura scanalata a macchina attorno alla parte esterna per favorire la presa. Questa impugnatura pi\u00f9 leggera ed ergonomica \u00e8 piacevole per le mani e gli occhi. La costruzione della maniglia \u00e8 completata dall&#8217;hardware brevettato Microtech, da un&#8217;estremit\u00e0 antirottura del vetro e da una clip da tasca a getto con un numero di serie\/data di produzione individuale.<\/p>\n<p>Si indossa nella mano destra, la clip da tasca si solleva solo.<\/p>\n<p>CTS-204P: acciaio inossidabile per utensili con metallurgia delle polveri ad alta resistenza, l&#8217;acciaio contiene una grande quantit\u00e0 di carburi di vanadio estremamente duri che forniscono un&#8217;eccellente resistenza all&#8217;usura. CTS-204P ha uno dei contenuti di cromo pi\u00f9 alti tra gli acciai inossidabili ad alto contenuto di vanadio attualmente disponibili. La matrice ricca di cromo fornisce un&#8217;eccellente resistenza alla corrosione. Gli analoghi al CTS-204P includono il CPM-20CV e il Bohler M390.<\/p>\n<p>Si prega di notare che l&#8217;acciaio della lama non pu\u00f2 essere specificato poich\u00e9 pu\u00f2 variare a seconda della disponibilit\u00e0 (informazioni da Microtech)<\/p>\n<p>Lunghezza totale: 22 cm<br \/>\nLunghezza lama: 8,6 cm<br \/>\nMateriale lama: CTS-204P stonewashed<br \/>\nStile lama: Tanto<br \/>\nInserti: piatti<br \/>\nTipo di bordo: semplice<br \/>\nMateriale manico: alluminio<br \/>\nPeso: 3,60 once.<br \/>\nUtente: mano destra<br \/>\nClip da tasca: ribaltabile<br \/>\nTipo di coltello: OTF automatico a doppia azione<br \/>\nApertura: diapositiva con il pollice<br \/>\nMarca: MicroTech<br \/>\nModello: Ultratech<\/p>\n<p><iframe title=\"Microtech Combat Troodon Torture Test\" width=\"800\" height=\"450\" src=\"https:\/\/www.youtube.com\/embed\/xE9TeOFYEjg?feature=oembed\" frameborder=\"0\" allow=\"accelerometer; autoplay; clipboard-write; encrypted-media; gyroscope; picture-in-picture; web-share\" referrerpolicy=\"strict-origin-when-cross-origin\" allowfullscreen><\/iframe><\/p>\n<p>&nbsp;<\/p>\n<p>&nbsp;<\/p>\n","protected":false},"excerpt":{"rendered":"<div class=\"elementor-element elementor-element-bbb542b elementor-widget elementor-widget-woocommerce-product-short-description\" data-id=\"bbb542b\" data-element_type=\"widget\" data-widget_type=\"woocommerce-product-short-description.default\">\n<div class=\"elementor-widget-container\">\n<div class=\"woocommerce-product-details__short-description\">\n<p>Nel corso degli anni, Microtech\u00ae Knives ha riempito i coltelli con passione e competenza per creare quasi opere d&#8217;arte che sono l&#8217;apice della funzionalit\u00e0. Tutte le parti sono prodotte negli Stati Uniti.<br \/>\n<strong>Tutti i coltelli Microtech sono coperti da una garanzia a vita.<\/strong><\/p>\n<p><strong>Trasporto gratuito.<\/strong><\/p>\n<\/div>\n<\/div>\n<\/div>\n","protected":false},"featured_media":349624,"comment_status":"open","ping_status":"closed","template":"","meta":[],"pwb-brand":[3753],"product_brand":[],"product_cat":[3745,3748],"product_tag":[3755],"class_list":{"0":"post-349621","1":"product","2":"type-product","3":"status-publish","4":"has-post-thumbnail","6":"pwb-brand-microtecnologia-it","7":"product_cat-coltelli","8":"product_cat-coltelli-da-tiro","9":"product_tag-b2b-it","11":"first","12":"instock","13":"taxable","14":"shipping-taxable","15":"purchasable","16":"product-type-simple"},"brands":[{"id":3753,"name":"Microtecnologia","slug":"microtecnologia-it"}],"_links":{"self":[{"href":"https:\/\/www.moskito.cz\/it\/wp-json\/wp\/v2\/product\/349621","targetHints":{"allow":["GET"]}}],"collection":[{"href":"https:\/\/www.moskito.cz\/it\/wp-json\/wp\/v2\/product"}],"about":[{"href":"https:\/\/www.moskito.cz\/it\/wp-json\/wp\/v2\/types\/product"}],"replies":[{"embeddable":true,"href":"https:\/\/www.moskito.cz\/it\/wp-json\/wp\/v2\/comments?post=349621"}],"wp:featuredmedia":[{"embeddable":true,"href":"https:\/\/www.moskito.cz\/it\/wp-json\/wp\/v2\/media\/349624"}],"wp:attachment":[{"href":"https:\/\/www.moskito.cz\/it\/wp-json\/wp\/v2\/media?parent=349621"}],"wp:term":[{"taxonomy":"pwb-brand","embeddable":true,"href":"https:\/\/www.moskito.cz\/it\/wp-json\/wp\/v2\/pwb-brand?post=349621"},{"taxonomy":"product_brand","embeddable":true,"href":"https:\/\/www.moskito.cz\/it\/wp-json\/wp\/v2\/product_brand?post=349621"},{"taxonomy":"product_cat","embeddable":true,"href":"https:\/\/www.moskito.cz\/it\/wp-json\/wp\/v2\/product_cat?post=349621"},{"taxonomy":"product_tag","embeddable":true,"href":"https:\/\/www.moskito.cz\/it\/wp-json\/wp\/v2\/product_tag?post=349621"}],"curies":[{"name":"wp","href":"https:\/\/api.w.org\/{rel}","templated":true}]}}