{"id":349654,"date":"2021-08-21T12:28:42","date_gmt":"2021-08-21T11:28:42","guid":{"rendered":"https:\/\/www.moskito.cz\/produkt\/coltello-da-tiro-microtech-ultratech-stonewash-blade-123-12ap\/"},"modified":"2025-05-07T11:19:57","modified_gmt":"2025-05-07T10:19:57","slug":"coltello-da-tiro-microtech-ultratech-stonewash-blade-123-12ap","status":"publish","type":"product","link":"https:\/\/www.moskito.cz\/it\/produkt\/coltello-da-tiro-microtech-ultratech-stonewash-blade-123-12ap\/","title":{"rendered":"Coltello da tiro Microtech Ultratech STONEWASH BLADE 123-12AP"},"content":{"rendered":"<p>Coltello da tiro <strong>Microtech<\/strong> Ultratech STONEWASH BLADE 123-12AP.<\/p>\n<p>Un coltello da tiro dalla parte anteriore.<\/p>\n<p>Il Coltello da Tiro Microtech Ultratech \u00e8 dotato di lama con tagliente seghettato. Ha una maniglia in alluminio stampato realizzata in alluminio anodizzato 6061-T6 e rinforzo in acciaio inossidabile.<\/p>\n<p>Microtech ha dotato questa versione del sempre popolare coltello Ultratech D\/A OTF con un design del manico liscio e sagomato che aumenta il comfort di utilizzo. Questo modello aggiornato offre le stesse dimensioni, ma sta pi\u00f9 facilmente in mano e in tasca.<\/p>\n<p>Per chi non conosce Ultratech, si tratta di un coltello completamente automatico con un doppio meccanismo nella parte anteriore, ovvero la lama si piega e si ritrae con il pollice. Il coltello Ultratech di Microtech stabilisce lo standard per tutti i coltelli OTF.<\/p>\n<p>Lunghezza totale: 22 cm<br \/>\nLunghezza lama: 8,6 cm<br \/>\nSpessore lama: 0,33 cm<br \/>\nMateriale lama: 204P<br \/>\nStile lama: punto di caduta<br \/>\nInserti: piatti<br \/>\nMateriale manico: alluminio<br \/>\nPeso: 3,60 once.<br \/>\nUtente: mano destra<br \/>\nClip da tasca: ribaltabile<br \/>\nTipo di coltello: OTF automatico a doppia azione<br \/>\nApertura: diapositiva con il pollice<br \/>\nMarca: MicroTech<br \/>\nModello: Ultratech<br \/>\nPaese di origine: Stati Uniti<br \/>\nMiglior utilizzo: tutti i giorni<\/p>\n<p>L&#8217; Ultratech \u00e8 senza dubbio il fiore all&#8217;occhiello di Microtech tra i coltelli automatici anteriori sin dalla sua introduzione nel 1999. Recentemente ha subito un restyling estetico e le recensioni non sono state altro che positive. Mentre le dimensioni dell&#8217;Ultratech rimangono invariate, la maniglia \u00e8 stata sottoposta a una revisione &#8220;tri-grip&#8221; che offre una sicurezza di presa esponenzialmente maggiore. Ulteriori miglioramenti includono l&#8217;hardware a tre angoli, uno scorrimento del pollice ridisegnato e il rompivetro che ora include un cuscinetto a sfera montato a pressione per un&#8217;esperienza utente pi\u00f9 confortevole, ma comunque funzionale. Ogni coltello Microtech OTF \u00e8 dotato di meccanismi interni estremamente sofisticati che ne migliorano la funzionalit\u00e0 operativa e l&#8217;affidabilit\u00e0 complessive. Questo modello, il 123-12AP, presenta un manico nero completo di hardware standard e una funzione rompi-vetro integrata insieme a una lama tanto, completamente seghettata, con una finitura stonewash apocalittica. Prodotto negli Stati Uniti.<\/p>\n<p>Nota: il materiale della lama \u00e8 soggetto a modifiche senza preavviso<\/p>\n<p>SPECIFICHE:<\/p>\n<p>Lunghezza lama: 3,375&#8243;<br \/>\nLunghezza totale: 8,375&#8243;<br \/>\nMateriale lama: Elmax<br \/>\nFinitura lama: Stonewash apocalittico<br \/>\nLunghezza della maniglia: 5&#8243;<br \/>\nMateriale manico: alluminio 6061-T6<br \/>\nPeso: 3,2 once<\/p>\n<p>&nbsp;<\/p>\n","protected":false},"excerpt":{"rendered":"<p>Nel corso degli anni , Microtech\u00ae Knives ha riempito i coltelli con passione e competenza fino a creare quasi opere d&#8217;arte che sono l&#8217;apice della funzionalit\u00e0. Tutte le parti sono prodotte negli Stati Uniti.<br \/>\n<strong>Tutti i coltelli Microtech sono coperti da una garanzia a vita.<\/strong><\/p>\n<p><strong>Trasporto gratuito.<\/strong><\/p>\n","protected":false},"featured_media":439765,"comment_status":"open","ping_status":"closed","template":"","meta":[],"pwb-brand":[3753],"product_brand":[],"product_cat":[3748,3745],"product_tag":[3755],"class_list":{"0":"post-349654","1":"product","2":"type-product","3":"status-publish","4":"has-post-thumbnail","6":"pwb-brand-microtecnologia-it","7":"product_cat-coltelli-da-tiro","8":"product_cat-coltelli","9":"product_tag-b2b-it","11":"first","12":"instock","13":"taxable","14":"shipping-taxable","15":"purchasable","16":"product-type-simple"},"brands":[{"id":3753,"name":"Microtecnologia","slug":"microtecnologia-it"}],"_links":{"self":[{"href":"https:\/\/www.moskito.cz\/it\/wp-json\/wp\/v2\/product\/349654","targetHints":{"allow":["GET"]}}],"collection":[{"href":"https:\/\/www.moskito.cz\/it\/wp-json\/wp\/v2\/product"}],"about":[{"href":"https:\/\/www.moskito.cz\/it\/wp-json\/wp\/v2\/types\/product"}],"replies":[{"embeddable":true,"href":"https:\/\/www.moskito.cz\/it\/wp-json\/wp\/v2\/comments?post=349654"}],"wp:featuredmedia":[{"embeddable":true,"href":"https:\/\/www.moskito.cz\/it\/wp-json\/wp\/v2\/media\/439765"}],"wp:attachment":[{"href":"https:\/\/www.moskito.cz\/it\/wp-json\/wp\/v2\/media?parent=349654"}],"wp:term":[{"taxonomy":"pwb-brand","embeddable":true,"href":"https:\/\/www.moskito.cz\/it\/wp-json\/wp\/v2\/pwb-brand?post=349654"},{"taxonomy":"product_brand","embeddable":true,"href":"https:\/\/www.moskito.cz\/it\/wp-json\/wp\/v2\/product_brand?post=349654"},{"taxonomy":"product_cat","embeddable":true,"href":"https:\/\/www.moskito.cz\/it\/wp-json\/wp\/v2\/product_cat?post=349654"},{"taxonomy":"product_tag","embeddable":true,"href":"https:\/\/www.moskito.cz\/it\/wp-json\/wp\/v2\/product_tag?post=349654"}],"curies":[{"name":"wp","href":"https:\/\/api.w.org\/{rel}","templated":true}]}}