{"id":349907,"date":"2024-07-07T16:47:38","date_gmt":"2024-07-07T15:48:21","guid":{"rendered":"https:\/\/www.moskito.cz\/produkt\/coltello-da-tiro-microtech-hera-ii-tattico-1702-1t\/"},"modified":"2025-05-07T11:20:01","modified_gmt":"2025-05-07T10:20:01","slug":"coltello-da-tiro-microtech-hera-ii-tattico-1702-1t","status":"publish","type":"product","link":"https:\/\/www.moskito.cz\/it\/produkt\/coltello-da-tiro-microtech-hera-ii-tattico-1702-1t\/","title":{"rendered":"Coltello da tiro Microtech Hera II Tattico 1702-1T"},"content":{"rendered":"<p>Coltello da tiro <strong>Microtech<\/strong> Hera II Tattico 1702-1T.<\/p>\n<p>L&#8217;Hera II \u00e8 un sorprendente coltello automatico frontale a doppia azione con un design del telaio liberamente ispirato all&#8217;iconico modello Troodon. L&#8217;Hera presenta un&#8217;ergonomia migliorata e presenta toppe terminali lavorate per una migliore presa e un&#8217;estetica raffinata che si aggiunge al suo fascino generale. In particolare, la maniglia \u00e8 accuratamente incisa in profondit\u00e0 e priva di hardware, aggiungendo un tocco artistico e una sensazione incredibile al design funzionale. L&#8217;unica vite visibile che lo tiene insieme \u00e8 sul retro vicino alla clip da tasca, che \u00e8 ambidestra per i mancini.<\/p>\n<p>Questo design raffinato incarna senza sforzo sia la raffinatezza che la funzionalit\u00e0, facendo risaltare Hera come uno dei migliori coltelli automatici OTF a tutto tondo in un mercato altamente competitivo. Anche se, onestamente, compete principalmente con altri OTF di Microtech. Perfettamente dimensionato per il combattimento ma abbastanza sottile per l&#8217;uso quotidiano, la sua forma \u00e8 realizzata con cura per trovare l&#8217;equilibrio ideale tra praticit\u00e0 e stile. L&#8217;Hera \u00e8 una testimonianza di ingegneria di precisione e dettagli artistici, che lo rendono una scelta eccellente per coloro che apprezzano il connubio tra forma e funzione nei loro strumenti quotidiani.<\/p>\n<p>Specifiche:<br \/>\nLunghezza lama: 10 cm<br \/>\nLunghezza totale: 24 centimetri<br \/>\nAcciaio della lama: acciaio inossidabile Bohler M390MK<br \/>\nStile della lama: pugnale a doppio taglio<br \/>\nAffilatura della lama: piatta<br \/>\nFinitura lama: nera<br \/>\nMateriale manico: alluminio aeronautico nero con incisione profonda<br \/>\nSpessore manico: 0,505&#8243;<br \/>\nMeccanismo di bloccaggio: scorrimento del pollice<br \/>\nClip da tasca: Titanio (pieghevole, usura destra\/sinistra)<br \/>\nPeso: 4,94 once.<br \/>\nProgettisti: Tony e Sean Marfione<br \/>\nFabbricato negli Usa<\/p>\n<p><iframe title=\"Microtech Combat Troodon Torture Test\" width=\"800\" height=\"450\" src=\"https:\/\/www.youtube.com\/embed\/xE9TeOFYEjg?feature=oembed\" frameborder=\"0\" allow=\"accelerometer; autoplay; clipboard-write; encrypted-media; gyroscope; picture-in-picture; web-share\" referrerpolicy=\"strict-origin-when-cross-origin\" allowfullscreen><\/iframe><\/p>\n<p>&nbsp;<\/p>\n","protected":false},"excerpt":{"rendered":"<p><strong>Nel corso degli anni, Microtech\u00ae Knives ha messo passione e competenza nella creazione di opere d&#8217;arte che sono l&#8217;apice della funzione e della forma. Continuiamo a spingerci oltre i limiti e a migliorare ci\u00f2 che sappiamo gi\u00e0 che funziona. Microtech\u00ae Knives \u00e8 cresciuto fino a diventare un marchio leader di coltelli in costante evoluzione e progresso utilizzando la tecnologia pi\u00f9 recente, gli antichi principi delle lame e i massimi test sul campo per garantire la fornitura del miglior prodotto possibile.<\/strong><\/p>\n<p><strong>Trasporto gratuito.<\/strong><\/p>\n","protected":false},"featured_media":349861,"comment_status":"open","ping_status":"closed","template":"","meta":[],"pwb-brand":[3753],"product_brand":[],"product_cat":[3745,3748],"product_tag":[3755],"class_list":{"0":"post-349907","1":"product","2":"type-product","3":"status-publish","4":"has-post-thumbnail","6":"pwb-brand-microtecnologia-it","7":"product_cat-coltelli","8":"product_cat-coltelli-da-tiro","9":"product_tag-b2b-it","11":"first","12":"outofstock","13":"taxable","14":"shipping-taxable","15":"purchasable","16":"product-type-simple"},"brands":[{"id":3753,"name":"Microtecnologia","slug":"microtecnologia-it"}],"_links":{"self":[{"href":"https:\/\/www.moskito.cz\/it\/wp-json\/wp\/v2\/product\/349907","targetHints":{"allow":["GET"]}}],"collection":[{"href":"https:\/\/www.moskito.cz\/it\/wp-json\/wp\/v2\/product"}],"about":[{"href":"https:\/\/www.moskito.cz\/it\/wp-json\/wp\/v2\/types\/product"}],"replies":[{"embeddable":true,"href":"https:\/\/www.moskito.cz\/it\/wp-json\/wp\/v2\/comments?post=349907"}],"wp:featuredmedia":[{"embeddable":true,"href":"https:\/\/www.moskito.cz\/it\/wp-json\/wp\/v2\/media\/349861"}],"wp:attachment":[{"href":"https:\/\/www.moskito.cz\/it\/wp-json\/wp\/v2\/media?parent=349907"}],"wp:term":[{"taxonomy":"pwb-brand","embeddable":true,"href":"https:\/\/www.moskito.cz\/it\/wp-json\/wp\/v2\/pwb-brand?post=349907"},{"taxonomy":"product_brand","embeddable":true,"href":"https:\/\/www.moskito.cz\/it\/wp-json\/wp\/v2\/product_brand?post=349907"},{"taxonomy":"product_cat","embeddable":true,"href":"https:\/\/www.moskito.cz\/it\/wp-json\/wp\/v2\/product_cat?post=349907"},{"taxonomy":"product_tag","embeddable":true,"href":"https:\/\/www.moskito.cz\/it\/wp-json\/wp\/v2\/product_tag?post=349907"}],"curies":[{"name":"wp","href":"https:\/\/api.w.org\/{rel}","templated":true}]}}