{"id":350314,"date":"2024-07-10T08:07:15","date_gmt":"2024-07-10T07:08:14","guid":{"rendered":"https:\/\/www.moskito.cz\/produkt\/coltello-di-chiusura-muela-p-8-ol\/"},"modified":"2025-05-07T11:20:10","modified_gmt":"2025-05-07T10:20:10","slug":"coltello-di-chiusura-muela-p-8-ol","status":"publish","type":"product","link":"https:\/\/www.moskito.cz\/it\/produkt\/coltello-di-chiusura-muela-p-8-ol\/","title":{"rendered":"Coltello di chiusura Muela P-8.OL"},"content":{"rendered":"<p>Coltello di chiusura <strong>Muela<\/strong> P-8.OL<\/p>\n<p>Un coltello tascabile pieghevole dell&#8217;azienda spagnola Muela, dal design semplice ed elegante. La lama \u00e8 realizzata in acciaio al molibdeno vanadio di qualit\u00e0 con una durezza di 57 &#8211; 61 HRC. Gli attacchi sono in metallo e hanno manici in legno d&#8217;ulivo. La lama \u00e8 fissata nello stato aperto e chiuso mediante la pressione della penna dorsale, il coltello non ha altri dispositivi di sicurezza. Un coltello molto ben realizzato per l&#8217;uso quotidiano.<\/p>\n<p>Forma della lama: punto di caduta<\/p>\n<p>Colore lama: argento classico<\/p>\n<p>Manico: legno<\/p>\n<p>Clip: no<\/p>\n<p>Lunghezza lama: 8 cm<\/p>\n<p>Lunghezza manico: 10,5 cm<\/p>\n<p>Lunghezza totale: 18,5 centimetri<\/p>\n<p>Peso coltello (g): 70<\/p>\n<p>&nbsp;<\/p>\n","protected":false},"excerpt":{"rendered":"<p><strong>Un coltello tascabile pieghevole dell&#8217;azienda spagnola Muela, dal design semplice ed elegante.<\/strong><\/p>\n","protected":false},"featured_media":350307,"comment_status":"open","ping_status":"closed","template":"","meta":[],"pwb-brand":[3913],"product_brand":[],"product_cat":[3745,3749],"product_tag":[3755],"class_list":{"0":"post-350314","1":"product","2":"type-product","3":"status-publish","4":"has-post-thumbnail","6":"pwb-brand-lei-doveva","7":"product_cat-coltelli","8":"product_cat-coltelli-di-chiusura","9":"product_tag-b2b-it","11":"first","12":"instock","13":"taxable","14":"shipping-taxable","15":"purchasable","16":"product-type-simple"},"brands":[{"id":3913,"name":"Lei doveva","slug":"lei-doveva"}],"_links":{"self":[{"href":"https:\/\/www.moskito.cz\/it\/wp-json\/wp\/v2\/product\/350314","targetHints":{"allow":["GET"]}}],"collection":[{"href":"https:\/\/www.moskito.cz\/it\/wp-json\/wp\/v2\/product"}],"about":[{"href":"https:\/\/www.moskito.cz\/it\/wp-json\/wp\/v2\/types\/product"}],"replies":[{"embeddable":true,"href":"https:\/\/www.moskito.cz\/it\/wp-json\/wp\/v2\/comments?post=350314"}],"wp:featuredmedia":[{"embeddable":true,"href":"https:\/\/www.moskito.cz\/it\/wp-json\/wp\/v2\/media\/350307"}],"wp:attachment":[{"href":"https:\/\/www.moskito.cz\/it\/wp-json\/wp\/v2\/media?parent=350314"}],"wp:term":[{"taxonomy":"pwb-brand","embeddable":true,"href":"https:\/\/www.moskito.cz\/it\/wp-json\/wp\/v2\/pwb-brand?post=350314"},{"taxonomy":"product_brand","embeddable":true,"href":"https:\/\/www.moskito.cz\/it\/wp-json\/wp\/v2\/product_brand?post=350314"},{"taxonomy":"product_cat","embeddable":true,"href":"https:\/\/www.moskito.cz\/it\/wp-json\/wp\/v2\/product_cat?post=350314"},{"taxonomy":"product_tag","embeddable":true,"href":"https:\/\/www.moskito.cz\/it\/wp-json\/wp\/v2\/product_tag?post=350314"}],"curies":[{"name":"wp","href":"https:\/\/api.w.org\/{rel}","templated":true}]}}