{"id":350333,"date":"2024-07-10T08:18:58","date_gmt":"2024-07-10T07:19:40","guid":{"rendered":"https:\/\/www.moskito.cz\/produkt\/coltello-di-chiusura-muela-naval-10m-ol\/"},"modified":"2025-05-07T11:20:14","modified_gmt":"2025-05-07T10:20:14","slug":"coltello-di-chiusura-muela-naval-10m-ol","status":"publish","type":"product","link":"https:\/\/www.moskito.cz\/it\/produkt\/coltello-di-chiusura-muela-naval-10m-ol\/","title":{"rendered":"Coltello di chiusura Muela NAVAL-10M.OL"},"content":{"rendered":"<p>Coltello di chiusura <strong>Muela<\/strong> NAVAL-10M.OL<\/p>\n<p>Scopri il coltello tascabile NAVAL-10M.OL di Muel, un autentico gioiello del marchio spagnolo leader nel campo dei coltelli artigianali e dei coltelli pieghevoli! Con il suo design eccezionale e le sue caratteristiche premium, questo coltello si distingue come uno strumento indispensabile.<\/p>\n<p>Manico in micarta nera e guancette in legno d&#8217;ulivo: il manico da 115 mm \u00e8 sapientemente realizzato in micarta nera e offre una presa sicura e confortevole in ogni situazione. Le scaglie di legno d&#8217;ulivo gli conferiscono non solo un aspetto affascinante, ma anche una durata eccezionale.<br \/>\nLama di precisione: la lama da 100 mm \u00e8 un capolavoro di precisione, progettata sotto forma di lama che garantisce prestazioni eccellenti. Realizzato in acciaio X50CrMoV15 (MOVA), \u00e8 resistente alla corrosione e mantiene a lungo la sua affilatura.<br \/>\nMeccanismo di bloccaggio posteriore: dotato di un meccanismo di bloccaggio posteriore, puoi sempre fidarti della sicurezza e della facilit\u00e0 d&#8217;uso di questo coltello.<br \/>\nInclude sega: questo coltello va ancora oltre offrendo una sega sulla parte superiore della lama, aggiungendo versatilit\u00e0 alle tue attivit\u00e0 all&#8217;aperto.<br \/>\nProdotto in Spagna: prodotto in Spagna, questo coltello porta al centro la tradizione spagnola di qualit\u00e0 e artigianalit\u00e0.<\/p>\n<p>Perch\u00e9 scegliere Muela Muela \u00e8 un marchio che da decenni eccelle nella produzione di coltelli artigianali e coltelli tascabili di alta qualit\u00e0. Il loro impegno per l&#8217;eccellenza si riflette in ogni dettaglio dei loro prodotti. Oltre alla funzionalit\u00e0 e alla durevolezza che offrono, Muela include anche elementi di distinzione come l&#8217;acciaio damasco e i legni esotici che rendono i suoi coltelli pezzi unici ed esclusivi.<\/p>\n<p>Dalle corna di cervo ai legni di alto valore, Muela \u00e8 orgogliosa di offrire design sia contemporanei che classici, mantenendo viva la tradizione artigianale spagnola. Il coltello tascabile NAVAL-10M.OL \u00e8 un chiaro esempio dell&#8217;impegno di Muela per la qualit\u00e0 e l&#8217;artigianato, e una scelta che non deluder\u00e0.<\/p>\n<p>Materiale lama: X50CrMoV15<br \/>\nMateriale manico: legno<br \/>\nLunghezza lama: 10 cm<br \/>\nLunghezza totale: 21,5 cm<br \/>\nLunghezza manico: 11,5 cm<br \/>\nPeso: 120 g<br \/>\nTipo di lama: punto di caduta<\/p>\n<p>&nbsp;<\/p>\n","protected":false},"excerpt":{"rendered":"<p><strong>Scopri il coltello tascabile NAVAL-10M.OL di Muel, un autentico gioiello del marchio spagnolo leader nel campo dei coltelli artigianali e dei coltelli pieghevoli! Con il suo design eccezionale e le sue caratteristiche premium, questo coltello si distingue come uno strumento indispensabile.<\/strong><\/p>\n","protected":false},"featured_media":350323,"comment_status":"open","ping_status":"closed","template":"","meta":[],"pwb-brand":[3913],"product_brand":[],"product_cat":[3745,3749],"product_tag":[3755],"class_list":{"0":"post-350333","1":"product","2":"type-product","3":"status-publish","4":"has-post-thumbnail","6":"pwb-brand-lei-doveva","7":"product_cat-coltelli","8":"product_cat-coltelli-di-chiusura","9":"product_tag-b2b-it","11":"first","12":"outofstock","13":"taxable","14":"shipping-taxable","15":"purchasable","16":"product-type-simple"},"brands":[{"id":3913,"name":"Lei doveva","slug":"lei-doveva"}],"_links":{"self":[{"href":"https:\/\/www.moskito.cz\/it\/wp-json\/wp\/v2\/product\/350333","targetHints":{"allow":["GET"]}}],"collection":[{"href":"https:\/\/www.moskito.cz\/it\/wp-json\/wp\/v2\/product"}],"about":[{"href":"https:\/\/www.moskito.cz\/it\/wp-json\/wp\/v2\/types\/product"}],"replies":[{"embeddable":true,"href":"https:\/\/www.moskito.cz\/it\/wp-json\/wp\/v2\/comments?post=350333"}],"wp:featuredmedia":[{"embeddable":true,"href":"https:\/\/www.moskito.cz\/it\/wp-json\/wp\/v2\/media\/350323"}],"wp:attachment":[{"href":"https:\/\/www.moskito.cz\/it\/wp-json\/wp\/v2\/media?parent=350333"}],"wp:term":[{"taxonomy":"pwb-brand","embeddable":true,"href":"https:\/\/www.moskito.cz\/it\/wp-json\/wp\/v2\/pwb-brand?post=350333"},{"taxonomy":"product_brand","embeddable":true,"href":"https:\/\/www.moskito.cz\/it\/wp-json\/wp\/v2\/product_brand?post=350333"},{"taxonomy":"product_cat","embeddable":true,"href":"https:\/\/www.moskito.cz\/it\/wp-json\/wp\/v2\/product_cat?post=350333"},{"taxonomy":"product_tag","embeddable":true,"href":"https:\/\/www.moskito.cz\/it\/wp-json\/wp\/v2\/product_tag?post=350333"}],"curies":[{"name":"wp","href":"https:\/\/api.w.org\/{rel}","templated":true}]}}