{"id":350432,"date":"2024-07-10T09:44:05","date_gmt":"2024-07-10T08:45:30","guid":{"rendered":"https:\/\/www.moskito.cz\/produkt\/coltello-di-chiusura-muela-con-custodia-npq-8gr\/"},"modified":"2025-05-07T11:20:17","modified_gmt":"2025-05-07T10:20:17","slug":"coltello-di-chiusura-muela-con-custodia-npq-8gr","status":"publish","type":"product","link":"https:\/\/www.moskito.cz\/it\/produkt\/coltello-di-chiusura-muela-con-custodia-npq-8gr\/","title":{"rendered":"Coltello di chiusura Muela con custodia NPQ-8GR"},"content":{"rendered":"<p>Coltello di chiusura <strong>Muela<\/strong> con custodia NPQ-8GR<\/p>\n<p><strong>Il coltello tascabile Muela<\/strong> Folding Knife Type NPQ-8GR \u00e8 un eccellente coltello tascabile, ideale per collezionisti e amanti dei coltelli. Il coltello tascabile \u00e8 un accessorio estremamente versatile, dotato di maggiore portabilit\u00e0 e di apertura rapida della lama, ideale per svariati contesti con molteplici utilizzi, compreso il survival. Sono pieghevoli quindi il trasporto \u00e8 facile e sicuro poich\u00e9 la lama \u00e8 protetta.<\/p>\n<p>Il manico del coltello tascabile Muela Folding Knife NPQ-8GR \u00e8 realizzato in legno di granadillo, un materiale naturale e resina, esposto ad alta pressione e temperatura. Ci\u00f2 rende il legno pi\u00f9 denso, pi\u00f9 duro e pi\u00f9 resistente all&#8217;acqua.<\/p>\n<p>La sua lama \u00e8 realizzata in X50CrMoV15 &#8220;MOVA&#8221; (1.4116), un materiale classico nei coltelli Muela e nei coltelli tascabili, che \u00e8 un&#8217;eccellente combinazione di molibdeno e vanadio per formare un acciaio con eccellente durezza e resistenza alla corrosione.<\/p>\n<p>Caratteristiche tecniche:<\/p>\n<p>Codice: NPQ-8GR<br \/>\nMarca: Muela<br \/>\nModello: Coltello tascabile NPQ-8GR<br \/>\nMateriale manico: legno Granadillo<br \/>\nMateriale lama: 1.4116<br \/>\nLunghezza lama: 8,5 cm<br \/>\nLunghezza totale: 19,5 mm<br \/>\nDurezza dell&#8217;acciaio: 56 &#8211; 58 HRC<br \/>\nPeso: 100 g<\/p>\n<p>&nbsp;<\/p>\n","protected":false},"excerpt":{"rendered":"<p><strong>Il coltello tascabile Muela Folding Knife Type NPQ-8GR \u00e8 un eccellente coltello tascabile, ideale per collezionisti e amanti dei coltelli.<\/strong><\/p>\n","protected":false},"featured_media":350420,"comment_status":"open","ping_status":"closed","template":"","meta":[],"pwb-brand":[3913],"product_brand":[],"product_cat":[3745,3749],"product_tag":[3755],"class_list":{"0":"post-350432","1":"product","2":"type-product","3":"status-publish","4":"has-post-thumbnail","6":"pwb-brand-lei-doveva","7":"product_cat-coltelli","8":"product_cat-coltelli-di-chiusura","9":"product_tag-b2b-it","11":"first","12":"outofstock","13":"taxable","14":"shipping-taxable","15":"purchasable","16":"product-type-simple"},"brands":[{"id":3913,"name":"Lei doveva","slug":"lei-doveva"}],"_links":{"self":[{"href":"https:\/\/www.moskito.cz\/it\/wp-json\/wp\/v2\/product\/350432","targetHints":{"allow":["GET"]}}],"collection":[{"href":"https:\/\/www.moskito.cz\/it\/wp-json\/wp\/v2\/product"}],"about":[{"href":"https:\/\/www.moskito.cz\/it\/wp-json\/wp\/v2\/types\/product"}],"replies":[{"embeddable":true,"href":"https:\/\/www.moskito.cz\/it\/wp-json\/wp\/v2\/comments?post=350432"}],"wp:featuredmedia":[{"embeddable":true,"href":"https:\/\/www.moskito.cz\/it\/wp-json\/wp\/v2\/media\/350420"}],"wp:attachment":[{"href":"https:\/\/www.moskito.cz\/it\/wp-json\/wp\/v2\/media?parent=350432"}],"wp:term":[{"taxonomy":"pwb-brand","embeddable":true,"href":"https:\/\/www.moskito.cz\/it\/wp-json\/wp\/v2\/pwb-brand?post=350432"},{"taxonomy":"product_brand","embeddable":true,"href":"https:\/\/www.moskito.cz\/it\/wp-json\/wp\/v2\/product_brand?post=350432"},{"taxonomy":"product_cat","embeddable":true,"href":"https:\/\/www.moskito.cz\/it\/wp-json\/wp\/v2\/product_cat?post=350432"},{"taxonomy":"product_tag","embeddable":true,"href":"https:\/\/www.moskito.cz\/it\/wp-json\/wp\/v2\/product_tag?post=350432"}],"curies":[{"name":"wp","href":"https:\/\/api.w.org\/{rel}","templated":true}]}}