{"id":350508,"date":"2023-07-13T10:20:41","date_gmt":"2023-07-13T09:20:41","guid":{"rendered":"https:\/\/www.moskito.cz\/produkt\/coltello-fisso-muela-5161-m\/"},"modified":"2025-05-07T11:20:22","modified_gmt":"2025-05-07T10:20:22","slug":"coltello-fisso-muela-5161-m","status":"publish","type":"product","link":"https:\/\/www.moskito.cz\/it\/produkt\/coltello-fisso-muela-5161-m\/","title":{"rendered":"Coltello Fisso Muela 5161-M"},"content":{"rendered":"<p>Coltello Fisso <strong>Muela<\/strong> 5161-M<\/p>\n<p>Coltello sportivo Muela 5161-M. Muela \u00e8 un marchio spagnolo di fama mondiale ed \u00e8 considerato uno dei pi\u00f9 famosi. Tutti i coltelli sono progettati e realizzati secondo concetti tecnologicamente avanzati che fondono l&#8217;utilizzo di materie prime di eccezionale qualit\u00e0, dall&#8217;acciaio utilizzato nella lama alle finiture. Sono considerati il \u200b\u200btop della gamma e sono realizzati con il design esclusivo di rinomati coltelli, risultando in un&#8217;estetica meravigliosa e una super funzionalit\u00e0. Un dettaglio molto importante \u00e8 che tutti i pezzi, pur essendo realizzati su scala industriale, vengono rifiniti a mano con il consumo del minimo necessario di strumenti industriali. Una scelta perfetta per collezionisti, appassionati di coltelli o semplici utenti alla ricerca di strumenti di alta qualit\u00e0.<\/p>\n<p>Specifiche tecniche:<\/p>\n<p>Modello: 5161-M<\/p>\n<p>Tipo di acciaio: 420H<\/p>\n<p>Durezza: 57-58 HRC<\/p>\n<p>Custodia in pelle nera<\/p>\n<p>Manico: legno pressato color corallo<\/p>\n<p>Lunghezza lama: 15,6 cm<\/p>\n<p>Lunghezza totale: 27,5 cm<\/p>\n<p>Peso totale: 0,360 g<\/p>\n<p>&nbsp;<\/p>\n","protected":false},"excerpt":{"rendered":"<p><strong>Coltello sportivo Muela 5161-M. Muela \u00e8 un marchio spagnolo di fama mondiale ed \u00e8 considerato uno dei pi\u00f9 famosi.<\/strong><\/p>\n","protected":false},"featured_media":350509,"comment_status":"open","ping_status":"closed","template":"","meta":[],"pwb-brand":[3913],"product_brand":[],"product_cat":[3746,3745],"product_tag":[3755],"class_list":{"0":"post-350508","1":"product","2":"type-product","3":"status-publish","4":"has-post-thumbnail","6":"pwb-brand-lei-doveva","7":"product_cat-coltelli-solidi","8":"product_cat-coltelli","9":"product_tag-b2b-it","11":"first","12":"instock","13":"taxable","14":"shipping-taxable","15":"purchasable","16":"product-type-simple"},"brands":[{"id":3913,"name":"Lei doveva","slug":"lei-doveva"}],"_links":{"self":[{"href":"https:\/\/www.moskito.cz\/it\/wp-json\/wp\/v2\/product\/350508","targetHints":{"allow":["GET"]}}],"collection":[{"href":"https:\/\/www.moskito.cz\/it\/wp-json\/wp\/v2\/product"}],"about":[{"href":"https:\/\/www.moskito.cz\/it\/wp-json\/wp\/v2\/types\/product"}],"replies":[{"embeddable":true,"href":"https:\/\/www.moskito.cz\/it\/wp-json\/wp\/v2\/comments?post=350508"}],"wp:featuredmedia":[{"embeddable":true,"href":"https:\/\/www.moskito.cz\/it\/wp-json\/wp\/v2\/media\/350509"}],"wp:attachment":[{"href":"https:\/\/www.moskito.cz\/it\/wp-json\/wp\/v2\/media?parent=350508"}],"wp:term":[{"taxonomy":"pwb-brand","embeddable":true,"href":"https:\/\/www.moskito.cz\/it\/wp-json\/wp\/v2\/pwb-brand?post=350508"},{"taxonomy":"product_brand","embeddable":true,"href":"https:\/\/www.moskito.cz\/it\/wp-json\/wp\/v2\/product_brand?post=350508"},{"taxonomy":"product_cat","embeddable":true,"href":"https:\/\/www.moskito.cz\/it\/wp-json\/wp\/v2\/product_cat?post=350508"},{"taxonomy":"product_tag","embeddable":true,"href":"https:\/\/www.moskito.cz\/it\/wp-json\/wp\/v2\/product_tag?post=350508"}],"curies":[{"name":"wp","href":"https:\/\/api.w.org\/{rel}","templated":true}]}}