{"id":350649,"date":"2024-07-10T13:13:16","date_gmt":"2024-07-10T12:14:34","guid":{"rendered":"https:\/\/www.moskito.cz\/produkt\/coltello-fisso-muela-predator-14w\/"},"modified":"2025-05-07T11:20:28","modified_gmt":"2025-05-07T10:20:28","slug":"coltello-fisso-muela-predator-14w","status":"publish","type":"product","link":"https:\/\/www.moskito.cz\/it\/produkt\/coltello-fisso-muela-predator-14w\/","title":{"rendered":"Coltello fisso Muela PREDATOR-14W"},"content":{"rendered":"<p>Coltello fisso <strong>Muela<\/strong> PREDATOR-14W<\/p>\n<p><strong>Il PREDATOR-14W<\/strong> \u00e8 un coltello da caccia progettato per gli appassionati di caccia e le persone che apprezzano la sopravvivenza attiva all&#8217;aria aperta, prodotto da Muela a Ciudad de Real, Spagna. \u00c8 durevole, robusto e pu\u00f2 resistere a tutte le condizioni senza danni. Coltelli Muela, che inizi\u00f2 a realizzare in una piccola stanza negli anni &#8217;50. anni 20 secolo della famiglia Muela, oggi vengono esportati in pi\u00f9 di 50 paesi nei 5 continenti. Muela, che ha una capacit\u00e0 produttiva annua di 350.000 coltelli, vende il 70% della sua produzione all&#8217;estero e il resto per il mercato interno.<\/p>\n<p>La lama \u00e8 costituita da una combinazione di molibdeno e vanadio, che si traduce in un acciaio inossidabile MoVa X50CrMoV15 forgiato a mano con un livello di durezza Brinell di HB 55-57 RC, che gli conferisce un&#8217;elevatissima resistenza alla corrosione e all&#8217;usura. Sulla lama \u00e8 descritto il modello del coltello e il logo Muela, che testimonia l&#8217;originalit\u00e0 e la qualit\u00e0 del prodotto. Il manico del coltello \u00e8 realizzato in argilla nera, un materiale composto da tela sintetica impregnata di resina sottoposta ad alta pressione e temperatura, creando un materiale duro, denso e durevole per usi estremi. Nella parte anteriore del manico vicino alla lama \u00e8 presente una copertura protettiva con il compito di proteggere la mano affinch\u00e9 non scivoli verso la lama durante l&#8217;uso, e nella parte posteriore \u00e8 presente un foro dove inserire il cordino in paracord. impigliato. \u00e8 montato. L&#8217;impugnatura ha una forma ergonomica, che la rende un&#8217;ottima presa, anche se la mano \u00e8 bagnata.<\/p>\n<p>Il coltello viene consegnato in una scatola di cartone insieme ad un fodero protettivo nero in pelle naturale realizzata a mano da &#8220;Quercur Leathercraft&#8221;, un certificato di autenticit\u00e0 e una scheda di garanzia. Il fodero ha un sistema di chiusura a clip ed \u00e8 inciso il logo Muela. Pu\u00f2 essere attaccato ad una cintura. Tutti i coltelli Muela passano attraverso le mani di esperti maestri coltellinai che realizzano, affilano, lucidano e ispezionano ogni pezzo con un elevato livello di controllo di qualit\u00e0.<\/p>\n<p>Funzione:<\/p>\n<p>Lunghezza lama: 14 cm;<br \/>\nSpessore lama: 0,4 cm;<br \/>\nLunghezza manico: 12,5 cm;<br \/>\nLunghezza totale: 26,5 cm;<br \/>\nMateriale lama: acciaio inossidabile MoVa X50CrMoV15;<br \/>\nManiglia: movimento nero;<br \/>\nColore maniglia: nero;<br \/>\nPeso: 255 g<\/p>\n<p>&nbsp;<\/p>\n<p>&nbsp;<\/p>\n<p>&nbsp;<\/p>\n","protected":false},"excerpt":{"rendered":"<p><strong>Il PREDATOR-14W \u00e8 un coltello da caccia progettato per gli appassionati di caccia e le persone che apprezzano la sopravvivenza attiva all&#8217;aria aperta, prodotto da Muela a Ciudad de Real, Spagna. \u00c8 durevole, robusto e pu\u00f2 resistere a tutte le condizioni senza danni.<\/strong><\/p>\n","protected":false},"featured_media":350640,"comment_status":"open","ping_status":"closed","template":"","meta":[],"pwb-brand":[3913],"product_brand":[],"product_cat":[3749,3745],"product_tag":[3755],"class_list":{"0":"post-350649","1":"product","2":"type-product","3":"status-publish","4":"has-post-thumbnail","6":"pwb-brand-lei-doveva","7":"product_cat-coltelli-di-chiusura","8":"product_cat-coltelli","9":"product_tag-b2b-it","11":"first","12":"instock","13":"taxable","14":"shipping-taxable","15":"purchasable","16":"product-type-simple"},"brands":[{"id":3913,"name":"Lei doveva","slug":"lei-doveva"}],"_links":{"self":[{"href":"https:\/\/www.moskito.cz\/it\/wp-json\/wp\/v2\/product\/350649","targetHints":{"allow":["GET"]}}],"collection":[{"href":"https:\/\/www.moskito.cz\/it\/wp-json\/wp\/v2\/product"}],"about":[{"href":"https:\/\/www.moskito.cz\/it\/wp-json\/wp\/v2\/types\/product"}],"replies":[{"embeddable":true,"href":"https:\/\/www.moskito.cz\/it\/wp-json\/wp\/v2\/comments?post=350649"}],"wp:featuredmedia":[{"embeddable":true,"href":"https:\/\/www.moskito.cz\/it\/wp-json\/wp\/v2\/media\/350640"}],"wp:attachment":[{"href":"https:\/\/www.moskito.cz\/it\/wp-json\/wp\/v2\/media?parent=350649"}],"wp:term":[{"taxonomy":"pwb-brand","embeddable":true,"href":"https:\/\/www.moskito.cz\/it\/wp-json\/wp\/v2\/pwb-brand?post=350649"},{"taxonomy":"product_brand","embeddable":true,"href":"https:\/\/www.moskito.cz\/it\/wp-json\/wp\/v2\/product_brand?post=350649"},{"taxonomy":"product_cat","embeddable":true,"href":"https:\/\/www.moskito.cz\/it\/wp-json\/wp\/v2\/product_cat?post=350649"},{"taxonomy":"product_tag","embeddable":true,"href":"https:\/\/www.moskito.cz\/it\/wp-json\/wp\/v2\/product_tag?post=350649"}],"curies":[{"name":"wp","href":"https:\/\/api.w.org\/{rel}","templated":true}]}}