{"id":350687,"date":"2023-07-12T15:29:06","date_gmt":"2024-07-10T12:21:24","guid":{"rendered":"https:\/\/www.moskito.cz\/produkt\/coltello-fisso-muela-bw-14\/"},"modified":"2025-05-07T11:20:32","modified_gmt":"2025-05-07T10:20:32","slug":"coltello-fisso-muela-bw-14","status":"publish","type":"product","link":"https:\/\/www.moskito.cz\/it\/produkt\/coltello-fisso-muela-bw-14\/","title":{"rendered":"Coltello fisso Muela BW-14"},"content":{"rendered":"<p>Coltello fisso <strong>Muela<\/strong> BW-14<\/p>\n<p>Coltello BW-14 a lama costante, realizzato in acciaio al molibdeno-vanadio (MoVa). Un eccellente coltello da caccia, servir\u00e0 bene nelle missioni di sopravvivenza o fuori citt\u00e0. Durevole, molto affilato, pu\u00f2 gestire qualsiasi compito.<\/p>\n<p>Puukko &#8211; un elemento indispensabile dell&#8217;attrezzatura di ogni scout, utilizzato volentieri dai turisti. Presenta una lama fissa di circa 130 mm di lunghezza e un manico in plastica o legno, terminante solitamente con un&#8217;astina.<\/p>\n<p>Lama &#8211; Profilo Bowie, spessore 4,3 mm. Realizzato in resistente acciaio inossidabile al molibdeno-vanadio X50CrMoV15 temprato 57-58 HRC. La lama \u00e8 ricoperta da uno strato di finitura satinata (semi-opaca) antiriflesso che elimina i riflessi. La lama liscia (tipo Plain) \u00e8 stata realizzata con una molatura concava (Hollow Grind). Il paramano in ottone a doppia faccia sul tallone della lama impedisce alla mano di scivolare sulla lama, fornisce un fermo supporto per il pollice.<\/p>\n<p>Maniglia &#8211; rifinita con testa in ottone. I pannelli profilati in legno laminato marrone forniscono una presa sicura e sicura.<\/p>\n<p>Custodia: pelle marrone con logo aziendale in rilievo. Il fodero \u00e8 fissato ad una cintura o ad un accessorio che ne consente l&#8217;uso in posizione verticale.<\/p>\n<p>Specifiche tecniche:<br \/>\nCodice prodotto: BW-14<br \/>\nTipo di acciaio: X50CrMoV15<br \/>\nLunghezza lama: 14 cm<br \/>\nSpessore lama: 0,43 cm<br \/>\nLunghezza totale: 22,5 cm<br \/>\nPeso: 225 g \/ 7,94 once<br \/>\nTipo di bordo: liscio<br \/>\nTipo di lama: Bowie<br \/>\nTipo di taglio: concavo<br \/>\nMateriale manico: legno Pakka (corallo pakkawood)<br \/>\nFodero: cuoio<br \/>\nProduttore: Muela, Spagna<\/p>\n<p>&nbsp;<\/p>\n","protected":false},"excerpt":{"rendered":"<p><strong>Un eccellente coltello da caccia, servir\u00e0 bene nelle missioni di sopravvivenza o fuori citt\u00e0. Durevole, molto affilato, pu\u00f2 gestire qualsiasi compito.<\/strong><\/p>\n","protected":false},"featured_media":350688,"comment_status":"open","ping_status":"closed","template":"","meta":[],"pwb-brand":[3913],"product_brand":[],"product_cat":[3745,3746],"product_tag":[3755],"class_list":{"0":"post-350687","1":"product","2":"type-product","3":"status-publish","4":"has-post-thumbnail","6":"pwb-brand-lei-doveva","7":"product_cat-coltelli","8":"product_cat-coltelli-solidi","9":"product_tag-b2b-it","11":"first","12":"instock","13":"taxable","14":"shipping-taxable","15":"purchasable","16":"product-type-simple"},"brands":[{"id":3913,"name":"Lei doveva","slug":"lei-doveva"}],"_links":{"self":[{"href":"https:\/\/www.moskito.cz\/it\/wp-json\/wp\/v2\/product\/350687","targetHints":{"allow":["GET"]}}],"collection":[{"href":"https:\/\/www.moskito.cz\/it\/wp-json\/wp\/v2\/product"}],"about":[{"href":"https:\/\/www.moskito.cz\/it\/wp-json\/wp\/v2\/types\/product"}],"replies":[{"embeddable":true,"href":"https:\/\/www.moskito.cz\/it\/wp-json\/wp\/v2\/comments?post=350687"}],"wp:featuredmedia":[{"embeddable":true,"href":"https:\/\/www.moskito.cz\/it\/wp-json\/wp\/v2\/media\/350688"}],"wp:attachment":[{"href":"https:\/\/www.moskito.cz\/it\/wp-json\/wp\/v2\/media?parent=350687"}],"wp:term":[{"taxonomy":"pwb-brand","embeddable":true,"href":"https:\/\/www.moskito.cz\/it\/wp-json\/wp\/v2\/pwb-brand?post=350687"},{"taxonomy":"product_brand","embeddable":true,"href":"https:\/\/www.moskito.cz\/it\/wp-json\/wp\/v2\/product_brand?post=350687"},{"taxonomy":"product_cat","embeddable":true,"href":"https:\/\/www.moskito.cz\/it\/wp-json\/wp\/v2\/product_cat?post=350687"},{"taxonomy":"product_tag","embeddable":true,"href":"https:\/\/www.moskito.cz\/it\/wp-json\/wp\/v2\/product_tag?post=350687"}],"curies":[{"name":"wp","href":"https:\/\/api.w.org\/{rel}","templated":true}]}}