{"id":350766,"date":"2023-07-13T14:54:59","date_gmt":"2024-07-10T12:54:51","guid":{"rendered":"https:\/\/www.moskito.cz\/produkt\/coltello-fisso-muela-hunter-17r\/"},"modified":"2025-05-07T11:20:35","modified_gmt":"2025-05-07T10:20:35","slug":"coltello-fisso-muela-hunter-17r","status":"publish","type":"product","link":"https:\/\/www.moskito.cz\/it\/produkt\/coltello-fisso-muela-hunter-17r\/","title":{"rendered":"Coltello fisso Muela Hunter-17R"},"content":{"rendered":"<p>Coltello fisso <strong>Muela<\/strong> Hunter-17R<\/p>\n<p>Produttore di coltelli e coltelli pieghevoli artigianali Manufacturas Muela presenta il coltello da esterno HUNTER-17R all&#8217;interno della famiglia di coltelli da CACCIA E SPORTIVI.<\/p>\n<p>Con manico in palissandro e utilizzo di acciaio inossidabile per difesa e coppa. Manico ergonomico e lama da 170 mm, in acciaio al molibdeno-vanadio. Coltello duro!!!<\/p>\n<p>L&#8217;azienda Muela \u00e8 stata fondata dal Sig. Eladio Muela Le\u00f3n a met\u00e0 degli anni &#8217;50. anni del secolo scorso, incoraggiato dal grande riscontro che il suo coltello tascabile fatto a mano da 38 pezzi ebbe tra gli ingegneri tedeschi della raffineria Empetrol, dove allora lavorava il signor Eladio I..<\/p>\n<p>L&#8217;attuale stabilimento di coltelli di Muela ad Argamasilla de Calatrava copre un&#8217;area di oltre 5.000 m2 ed \u00e8 dotato di sistemi di produzione e lavorazione all&#8217;avanguardia, producendo pi\u00f9 di 350.000 pezzi all&#8217;anno, il 70% dei quali viene esportato in pi\u00f9 di 50 paesi nei cinque continenti.<\/p>\n<p>Attualmente il Gruppo Muela \u00e8 una delle aziende di riferimento della coltelleria da caccia artigianale in Spagna e nel mondo, e i suoi coltelli e coltelli tascabili sono molto apprezzati per la loro alta qualit\u00e0.<\/p>\n<p>Coltello completo Muela Hunter 17R<\/p>\n<p>Manico in legno stampato<br \/>\nCustodia in pelle raffinata<br \/>\nLama: 17 centimetri<br \/>\nLunghezza totale: 28,5 centimetri<br \/>\nSpessore 4mm<br \/>\nPeso: 264 grammi<br \/>\nAcciaio: Molibdeno Vanadio X50CrMoV15 MOVA (1.4116)<br \/>\nDurezza: 57-58 HRC<br \/>\nIl classico acciaio dei nostri coltelli. Eccellente combinazione di molibdeno e vanadio per ottenere un acciaio con eccellenti propriet\u00e0 di durezza e resistenza alla corrosione.<\/p>\n<p>I coltelli Muela hanno una garanzia a vita contro difetti di materiale o di fabbricazione. I danni causati da uso improprio, negligenza e usura logica causata dall&#8217;uso non sono coperti da questa garanzia)<\/p>\n<p>&nbsp;<\/p>\n<p>&nbsp;<\/p>\n","protected":false},"excerpt":{"rendered":"<p><strong>Produttore di coltelli e coltelli pieghevoli artigianali Manufacturas Muela presenta il coltello da esterno HUNTER-17R all&#8217;interno della famiglia di coltelli da CACCIA E SPORTIVI.<\/strong><\/p>\n","protected":false},"featured_media":350767,"comment_status":"open","ping_status":"closed","template":"","meta":[],"pwb-brand":[3913],"product_brand":[],"product_cat":[3745,3746],"product_tag":[3755],"class_list":{"0":"post-350766","1":"product","2":"type-product","3":"status-publish","4":"has-post-thumbnail","6":"pwb-brand-lei-doveva","7":"product_cat-coltelli","8":"product_cat-coltelli-solidi","9":"product_tag-b2b-it","11":"first","12":"instock","13":"taxable","14":"shipping-taxable","15":"purchasable","16":"product-type-simple"},"brands":[{"id":3913,"name":"Lei doveva","slug":"lei-doveva"}],"_links":{"self":[{"href":"https:\/\/www.moskito.cz\/it\/wp-json\/wp\/v2\/product\/350766","targetHints":{"allow":["GET"]}}],"collection":[{"href":"https:\/\/www.moskito.cz\/it\/wp-json\/wp\/v2\/product"}],"about":[{"href":"https:\/\/www.moskito.cz\/it\/wp-json\/wp\/v2\/types\/product"}],"replies":[{"embeddable":true,"href":"https:\/\/www.moskito.cz\/it\/wp-json\/wp\/v2\/comments?post=350766"}],"wp:featuredmedia":[{"embeddable":true,"href":"https:\/\/www.moskito.cz\/it\/wp-json\/wp\/v2\/media\/350767"}],"wp:attachment":[{"href":"https:\/\/www.moskito.cz\/it\/wp-json\/wp\/v2\/media?parent=350766"}],"wp:term":[{"taxonomy":"pwb-brand","embeddable":true,"href":"https:\/\/www.moskito.cz\/it\/wp-json\/wp\/v2\/pwb-brand?post=350766"},{"taxonomy":"product_brand","embeddable":true,"href":"https:\/\/www.moskito.cz\/it\/wp-json\/wp\/v2\/product_brand?post=350766"},{"taxonomy":"product_cat","embeddable":true,"href":"https:\/\/www.moskito.cz\/it\/wp-json\/wp\/v2\/product_cat?post=350766"},{"taxonomy":"product_tag","embeddable":true,"href":"https:\/\/www.moskito.cz\/it\/wp-json\/wp\/v2\/product_tag?post=350766"}],"curies":[{"name":"wp","href":"https:\/\/api.w.org\/{rel}","templated":true}]}}