{"id":350843,"date":"2024-07-10T14:22:29","date_gmt":"2024-07-10T13:23:23","guid":{"rendered":"https:\/\/www.moskito.cz\/produkt\/coltello-fisso-muela-caz-16r\/"},"modified":"2025-05-07T11:20:37","modified_gmt":"2025-05-07T10:20:37","slug":"coltello-fisso-muela-caz-16r","status":"publish","type":"product","link":"https:\/\/www.moskito.cz\/it\/produkt\/coltello-fisso-muela-caz-16r\/","title":{"rendered":"Coltello fisso Muela CAZ-16R"},"content":{"rendered":"<p>Coltello fisso <strong>Muela<\/strong> CAZ-16R<\/p>\n<p>Coltello universale per outdoor e bushcraft. La lama \u00e8 realizzata in acciaio inossidabile di qualit\u00e0 al molibdeno vanadio con una durezza di circa 60 HRC. Per la massima sicurezza sul lavoro, il coltello \u00e8 dotato di una massiccia protezione metallica bifacciale di colore argento. Il manico \u00e8 in legno laminato Pakka, \u00e8 anatomico e presenta all&#8217;estremit\u00e0 un foro per una cordicella. Il coltello viene fornito con un fodero in pelle marrone.<\/p>\n<p>Specifiche:<\/p>\n<p>Lunghezza lama: 16 cm.<\/p>\n<p>Lunghezza manico: 12 cm.<\/p>\n<p>Lunghezza totale: 18 cm.<\/p>\n<p>Peso del coltello: 190 g.<\/p>\n<p>Materiale della custodia: pelle<\/p>\n","protected":false},"excerpt":{"rendered":"<p><strong>Coltello universale da outdoor e Bushcraft con fodero in cuoio.<\/strong><\/p>\n","protected":false},"featured_media":350819,"comment_status":"open","ping_status":"closed","template":"","meta":[],"pwb-brand":[3913],"product_brand":[],"product_cat":[3746,3745],"product_tag":[3755],"class_list":{"0":"post-350843","1":"product","2":"type-product","3":"status-publish","4":"has-post-thumbnail","6":"pwb-brand-lei-doveva","7":"product_cat-coltelli-solidi","8":"product_cat-coltelli","9":"product_tag-b2b-it","11":"first","12":"instock","13":"taxable","14":"shipping-taxable","15":"purchasable","16":"product-type-simple"},"brands":[{"id":3913,"name":"Lei doveva","slug":"lei-doveva"}],"_links":{"self":[{"href":"https:\/\/www.moskito.cz\/it\/wp-json\/wp\/v2\/product\/350843","targetHints":{"allow":["GET"]}}],"collection":[{"href":"https:\/\/www.moskito.cz\/it\/wp-json\/wp\/v2\/product"}],"about":[{"href":"https:\/\/www.moskito.cz\/it\/wp-json\/wp\/v2\/types\/product"}],"replies":[{"embeddable":true,"href":"https:\/\/www.moskito.cz\/it\/wp-json\/wp\/v2\/comments?post=350843"}],"wp:featuredmedia":[{"embeddable":true,"href":"https:\/\/www.moskito.cz\/it\/wp-json\/wp\/v2\/media\/350819"}],"wp:attachment":[{"href":"https:\/\/www.moskito.cz\/it\/wp-json\/wp\/v2\/media?parent=350843"}],"wp:term":[{"taxonomy":"pwb-brand","embeddable":true,"href":"https:\/\/www.moskito.cz\/it\/wp-json\/wp\/v2\/pwb-brand?post=350843"},{"taxonomy":"product_brand","embeddable":true,"href":"https:\/\/www.moskito.cz\/it\/wp-json\/wp\/v2\/product_brand?post=350843"},{"taxonomy":"product_cat","embeddable":true,"href":"https:\/\/www.moskito.cz\/it\/wp-json\/wp\/v2\/product_cat?post=350843"},{"taxonomy":"product_tag","embeddable":true,"href":"https:\/\/www.moskito.cz\/it\/wp-json\/wp\/v2\/product_tag?post=350843"}],"curies":[{"name":"wp","href":"https:\/\/api.w.org\/{rel}","templated":true}]}}