{"id":350917,"date":"2024-07-10T14:59:04","date_gmt":"2024-07-10T13:59:04","guid":{"rendered":"https:\/\/www.moskito.cz\/produkt\/coltello-fisso-muela-criollo-17-ol\/"},"modified":"2025-05-07T11:20:40","modified_gmt":"2025-05-07T10:20:40","slug":"coltello-fisso-muela-criollo-17-ol","status":"publish","type":"product","link":"https:\/\/www.moskito.cz\/it\/produkt\/coltello-fisso-muela-criollo-17-ol\/","title":{"rendered":"Coltello Fisso Muela CRIOLLO-17.OL"},"content":{"rendered":"<p>Coltello Fisso <strong>Muela<\/strong> CRIOLLO-17.OL<\/p>\n<p>Coltello da caccia Muela CRIOLLO-17.OL, acciaio MoVa, legno d&#8217;ulivo + custodia in pelle<\/p>\n<p><strong>CRIOLLO-17.OL<\/strong> \u00e8 un coltello pensato per le attivit\u00e0 all&#8217;aperto prodotto dalla famosa azienda Muela a Ciudad de Real, Spagna. Il coltello ideale per gli appassionati di caccia e per le persone che apprezzano la sopravvivenza attiva nella natura. \u00c8 durevole, robusto e pu\u00f2 resistere a tutte le condizioni senza danni. Coltelli Muela, che inizi\u00f2 a realizzare in una piccola stanza negli anni &#8217;50. anni 20 secolo della famiglia Muela, oggi vengono esportati in pi\u00f9 di 50 paesi nei 5 continenti. Muela, che ha una capacit\u00e0 produttiva annua di 350.000 coltelli, vende il 70% della sua produzione all&#8217;estero e il resto per il mercato interno.<\/p>\n<p>La lama \u00e8 rettificata su entrambi i lati ed \u00e8 costituita da una combinazione di molibdeno e vanadio, risultando in acciaio inossidabile MoVa X50CrMoV15 forgiato a mano, con un grado di durezza Brinell HB 55-57 RC, che gli conferisce un&#8217;altissima resistenza alla corrosione e Indossare. Sulla robusta lama \u00e8 inciso il modello del coltello e il logo Muela, che testimonia l&#8217;originalit\u00e0 e la qualit\u00e0 del prodotto. Il manico \u00e8 in legno d&#8217;ulivo, un legno duro esotico proveniente da alberi originari del bacino del Mediterraneo, utilizzato principalmente per oggetti decorativi per il suo aspetto sorprendentemente ricco e colorato e per il fatto che la superficie del legno pu\u00f2 essere facilmente levigata ad alto grado. L&#8217;impugnatura ha una forma ergonomica, che la rende un&#8217;ottima presa, anche se la mano \u00e8 bagnata. Dispone di una protezione in ottone per aumentare la sicurezza ed evitare il rischio che il palmo scivoli verso la lama durante l&#8217;uso, e presenta un foro all&#8217;estremit\u00e0 del manico dove \u00e8 possibile montare un cavo di sicurezza.<\/p>\n<p>Il coltello viene consegnato in una scatola di cartone insieme ad un fodero protettivo in pelle marrone realizzato a mano da &#8220;Quercur Leathercraft&#8221;, un certificato di autenticit\u00e0 e un certificato di garanzia. Il fodero ha un sistema di chiusura a clip ed \u00e8 impresso il logo Muela. Pu\u00f2 essere attaccato ad una cintura. Tutti i coltelli Muela passano attraverso le mani di esperti maestri coltellinai che realizzano, affilano, lucidano e ispezionano ogni pezzo con un elevato livello di controllo di qualit\u00e0.<\/p>\n<p>Funzione:<\/p>\n<p>Lunghezza lama: 17 cm;<br \/>\nSpessore lama: 0,4 cm;<br \/>\nLunghezza manico: 12 cm;<br \/>\nLunghezza totale: 29 centimetri;<br \/>\nMateriale lama: acciaio MoVa X50CrMoV15;<br \/>\nManico: legno d&#8217;ulivo;<br \/>\nColore maniglia: marrone;<br \/>\nPeso: 200 g<\/p>\n<p>&nbsp;<\/p>\n","protected":false},"excerpt":{"rendered":"<p><strong>CRIOLLO-17.OL \u00e8 un coltello pensato per le attivit\u00e0 all&#8217;aperto prodotto dalla famosa azienda Muela a Ciudad de Real, Spagna. Il coltello ideale per gli appassionati di caccia e per le persone che apprezzano la sopravvivenza attiva nella natura. \u00c8 durevole, robusto e pu\u00f2 resistere a tutte le condizioni senza danni.<\/strong><\/p>\n","protected":false},"featured_media":350884,"comment_status":"open","ping_status":"closed","template":"","meta":[],"pwb-brand":[3913],"product_brand":[],"product_cat":[3746,3745],"product_tag":[3755],"class_list":{"0":"post-350917","1":"product","2":"type-product","3":"status-publish","4":"has-post-thumbnail","6":"pwb-brand-lei-doveva","7":"product_cat-coltelli-solidi","8":"product_cat-coltelli","9":"product_tag-b2b-it","11":"first","12":"instock","13":"taxable","14":"shipping-taxable","15":"purchasable","16":"product-type-simple"},"brands":[{"id":3913,"name":"Lei doveva","slug":"lei-doveva"}],"_links":{"self":[{"href":"https:\/\/www.moskito.cz\/it\/wp-json\/wp\/v2\/product\/350917","targetHints":{"allow":["GET"]}}],"collection":[{"href":"https:\/\/www.moskito.cz\/it\/wp-json\/wp\/v2\/product"}],"about":[{"href":"https:\/\/www.moskito.cz\/it\/wp-json\/wp\/v2\/types\/product"}],"replies":[{"embeddable":true,"href":"https:\/\/www.moskito.cz\/it\/wp-json\/wp\/v2\/comments?post=350917"}],"wp:featuredmedia":[{"embeddable":true,"href":"https:\/\/www.moskito.cz\/it\/wp-json\/wp\/v2\/media\/350884"}],"wp:attachment":[{"href":"https:\/\/www.moskito.cz\/it\/wp-json\/wp\/v2\/media?parent=350917"}],"wp:term":[{"taxonomy":"pwb-brand","embeddable":true,"href":"https:\/\/www.moskito.cz\/it\/wp-json\/wp\/v2\/pwb-brand?post=350917"},{"taxonomy":"product_brand","embeddable":true,"href":"https:\/\/www.moskito.cz\/it\/wp-json\/wp\/v2\/product_brand?post=350917"},{"taxonomy":"product_cat","embeddable":true,"href":"https:\/\/www.moskito.cz\/it\/wp-json\/wp\/v2\/product_cat?post=350917"},{"taxonomy":"product_tag","embeddable":true,"href":"https:\/\/www.moskito.cz\/it\/wp-json\/wp\/v2\/product_tag?post=350917"}],"curies":[{"name":"wp","href":"https:\/\/api.w.org\/{rel}","templated":true}]}}