{"id":350974,"date":"2024-07-10T20:30:24","date_gmt":"2024-07-10T19:32:01","guid":{"rendered":"https:\/\/www.moskito.cz\/produkt\/coltello-da-tiro-microtech-scarab-ii-gen-iii-stonewashed-1278-10\/"},"modified":"2025-05-07T11:20:41","modified_gmt":"2025-05-07T10:20:41","slug":"coltello-da-tiro-microtech-scarab-ii-gen-iii-stonewashed-1278-10","status":"publish","type":"product","link":"https:\/\/www.moskito.cz\/it\/produkt\/coltello-da-tiro-microtech-scarab-ii-gen-iii-stonewashed-1278-10\/","title":{"rendered":"Coltello da tiro Microtech Scarab II Gen III Stonewashed 1278-10"},"content":{"rendered":"<p>Coltello da tiro <strong>Microtech<\/strong> Scarab II Gen III Stonewashed 1278-10.<\/p>\n<p><strong>Il Microtech Scarab II<\/strong> \u00e8 un coltello tattico di alta qualit\u00e0 basato sul design originale <strong>Microtech Ultratech<\/strong> . Costruito per resistere agli estremi, <strong>lo Scarab II<\/strong> eccelle nelle operazioni segrete ad alta intensit\u00e0. <strong>Lo Scarab II<\/strong> \u00e8 progettato per un&#8217;ampia gamma di applicazioni di utilit\u00e0 e di combattimento ravvicinato per l&#8217;utilizzo da parte di forze dell&#8217;ordine qualificate, agenzie militari e governative. <strong>Lo Scarab II<\/strong> \u00e8 prodotto secondo i pi\u00f9 alti standard possibili per garantire affidabilit\u00e0 e sicurezza durante l&#8217;uso. Lo Scarab \u00e8 caratterizzato da un design anteriore a doppia azione (OTF) con una sola mano, apertura e chiusura e una lama di quasi quattro pollici, ed \u00e8 realizzato con una grande impugnatura facile da impugnare che include un&#8217;impugnatura antiscivolo. inserti su entrambi i lati.<\/p>\n<p>Il pi\u00f9 popolare esecutore OTF <strong>di Microtech<\/strong> , lo Scarab II, \u00e8 tornato con aggiornamenti innovativi. Lo <strong>Scarab II<\/strong> aggiornato del 2023 conserva le caratteristiche del suo predecessore sia nelle dimensioni che nello stile, stabilendo un nuovo standard per la tecnologia OTF. Esternamente, <strong>lo Scarab II<\/strong> 2023 ricorda la generazione precedente. L&#8217;estetica classica dei cuscinetti di trazione e il design delle viti Torx sul telaio, cos\u00ec come il familiare rompivetro e la clip da tasca, portano uno dei nostri stili OTF preferiti. Gli interni, tuttavia, collocano lo Scarab II 2023 in una classe a parte. Il rivoluzionario sistema di azionamento a doppia alimentazione di Microtech non solo consente un facile utilizzo, ma il design a doppia molla spinge la lama in avanti con una forza sufficiente affinch\u00e9 l&#8217;utilizzo del coltello sott&#8217;acqua non rallenti l&#8217;azione. Il design aggiornato della tasca con bottone riduce l&#8217;attrito e facilita lo spostamento dello sporco, riducendo la necessit\u00e0 di frequenti manutenzioni e pulizie. L&#8217;ultima innovazione combinata con l&#8217;intramontabile look <strong>Microtech<\/strong> stabilisce un nuovo standard per i coltelli OTF resistenti e dimensionali.<\/p>\n<p>Specifiche:<br \/>\nLunghezza lama: 9,67 cm<br \/>\nLunghezza da chiuso: 14,37 cm<br \/>\nLunghezza totale: 24 centimetri<br \/>\nAcciaio della lama: acciaio inossidabile Bohler M390MK<br \/>\nStile lama: punto di caduta<br \/>\nAffilatura della lama: piatta<br \/>\nTrattamento superficiale della lama: Stonewash<br \/>\nMateriale impugnatura: alluminio nero con inserti in nastro di trazione 3M<br \/>\nSpessore manico: 0,5875&#8243;<br \/>\nMeccanismo di chiusura: scorrevole<br \/>\nClip da tasca: acciaio inossidabile (pieghevole, usura destra\/sinistra)<br \/>\nPeso: 5,78 once.<br \/>\nProgettista: Tony Marfione<br \/>\nCostruzione con vite Torx<br \/>\nScanalatura\/riempimento del sangue<br \/>\nFabbricato negli Usa<\/p>\n<p><iframe title=\"Microtech Combat Troodon Torture Test\" width=\"800\" height=\"450\" src=\"https:\/\/www.youtube.com\/embed\/xE9TeOFYEjg?feature=oembed\" frameborder=\"0\" allow=\"accelerometer; autoplay; clipboard-write; encrypted-media; gyroscope; picture-in-picture; web-share\" referrerpolicy=\"strict-origin-when-cross-origin\" allowfullscreen><\/iframe><\/p>\n<p>&nbsp;<\/p>\n","protected":false},"excerpt":{"rendered":"<p><strong>Nel corso degli anni, Microtech\u00ae Knives ha riempito i coltelli con passione e competenza per creare quasi opere d&#8217;arte che sono l&#8217;apice della funzionalit\u00e0. Tutte le parti sono prodotte negli Stati Uniti.<\/strong><br \/>\n<strong>Tutti i coltelli Microtech sono coperti da una garanzia a vita.<\/strong><\/p>\n<p><strong>Trasporto gratuito.<\/strong><\/p>\n","protected":false},"featured_media":350926,"comment_status":"open","ping_status":"closed","template":"","meta":[],"pwb-brand":[3753],"product_brand":[],"product_cat":[3745,3748],"product_tag":[3755],"class_list":{"0":"post-350974","1":"product","2":"type-product","3":"status-publish","4":"has-post-thumbnail","6":"pwb-brand-microtecnologia-it","7":"product_cat-coltelli","8":"product_cat-coltelli-da-tiro","9":"product_tag-b2b-it","11":"first","12":"instock","13":"taxable","14":"shipping-taxable","15":"purchasable","16":"product-type-simple"},"brands":[{"id":3753,"name":"Microtecnologia","slug":"microtecnologia-it"}],"_links":{"self":[{"href":"https:\/\/www.moskito.cz\/it\/wp-json\/wp\/v2\/product\/350974","targetHints":{"allow":["GET"]}}],"collection":[{"href":"https:\/\/www.moskito.cz\/it\/wp-json\/wp\/v2\/product"}],"about":[{"href":"https:\/\/www.moskito.cz\/it\/wp-json\/wp\/v2\/types\/product"}],"replies":[{"embeddable":true,"href":"https:\/\/www.moskito.cz\/it\/wp-json\/wp\/v2\/comments?post=350974"}],"wp:featuredmedia":[{"embeddable":true,"href":"https:\/\/www.moskito.cz\/it\/wp-json\/wp\/v2\/media\/350926"}],"wp:attachment":[{"href":"https:\/\/www.moskito.cz\/it\/wp-json\/wp\/v2\/media?parent=350974"}],"wp:term":[{"taxonomy":"pwb-brand","embeddable":true,"href":"https:\/\/www.moskito.cz\/it\/wp-json\/wp\/v2\/pwb-brand?post=350974"},{"taxonomy":"product_brand","embeddable":true,"href":"https:\/\/www.moskito.cz\/it\/wp-json\/wp\/v2\/product_brand?post=350974"},{"taxonomy":"product_cat","embeddable":true,"href":"https:\/\/www.moskito.cz\/it\/wp-json\/wp\/v2\/product_cat?post=350974"},{"taxonomy":"product_tag","embeddable":true,"href":"https:\/\/www.moskito.cz\/it\/wp-json\/wp\/v2\/product_tag?post=350974"}],"curies":[{"name":"wp","href":"https:\/\/api.w.org\/{rel}","templated":true}]}}