{"id":351030,"date":"2024-07-10T20:45:37","date_gmt":"2024-07-10T19:45:37","guid":{"rendered":"https:\/\/www.moskito.cz\/produkt\/coltello-da-tiro-microtech-combat-troodon-gen-iii-tattico-1143-2t\/"},"modified":"2026-02-16T18:31:12","modified_gmt":"2026-02-16T17:31:12","slug":"coltello-da-tiro-microtech-combat-troodon-gen-iii-tattico-1143-2t","status":"publish","type":"product","link":"https:\/\/www.moskito.cz\/it\/produkt\/coltello-da-tiro-microtech-combat-troodon-gen-iii-tattico-1143-2t\/","title":{"rendered":"Coltello da Tiro Microtech Combat Troodon Gen III Tattico 1143-2T"},"content":{"rendered":"<p data-start=\"165\" data-end=\"218\"><strong data-start=\"165\" data-end=\"218\">Microtech Combat Troodon Gen III Tactical 1143-2T<\/strong><\/p>\n<p data-start=\"220\" data-end=\"583\">Una volta preso in mano il Microtech Combat Troodon Gen III Tactical 1143-2T, sentirai la meccanica precisa, la presenza potente e il carattere tattico e robusto che contraddistinguono questo modello. Questo coltello rappresenta una delle varianti tattiche pi\u00f9 particolari del leggendario modello OTF, con una potenza aggressiva, un enorme potenziale e un design orientato all&#8217;uso professionale. <\/p>\n<p data-start=\"585\" data-end=\"668\">Progettato da Anthony (Tony) Marfion e completamente prodotto e assemblato negli <strong data-start=\"655\" data-end=\"662\">USA<\/strong> \ud83c\uddfa\ud83c\uddf8.<\/p>\n<p data-start=\"670\" data-end=\"698\">\ud83d\udd25 <strong data-start=\"673\" data-end=\"698\">Carattere e filosofia<\/strong><\/p>\n<p data-start=\"700\" data-end=\"893\">Combat Troodon \u00e8 sinonimo di forza e affidabilit\u00e0 nei meccanismi OTF. La versione Tactical enfatizza la versatilit\u00e0 tattica &#8211; ideale sia per l&#8217;uso professionale che per l&#8217;esigente portatore di EDC. <\/p>\n<p data-start=\"895\" data-end=\"1137\">La slitta laterale incassata \u00e8 progettata per un funzionamento intuitivo e una gestione fluida, per un&#8217;estensione rapida della lama e una sua retrazione sicura. Il meccanismo \u00e8 dinamico, ma allo stesso tempo controllabile e sicuro nel funzionamento grazie alla precisa resistenza della molla. <\/p>\n<p data-start=\"1139\" data-end=\"1155\"><strong data-start=\"1142\" data-end=\"1155\">\ud83c\udfed Informazioni sul produttore<\/strong><\/p>\n<p data-start=\"1157\" data-end=\"1294\">Microtech Knives \u00e8 un marchio americano con oltre 30 anni di tradizione nella produzione di coltelli automatici e OTF di alta gamma. Le caratteristiche tipiche includono: <\/p>\n<ul data-start=\"1296\" data-end=\"1472\">\n<li data-start=\"1296\" data-end=\"1321\">\n<p data-start=\"1298\" data-end=\"1321\">Lavorazione CNC di precisione<\/p>\n<\/li>\n<li data-start=\"1322\" data-end=\"1356\">\n<p data-start=\"1324\" data-end=\"1356\">Meccanismi interni brevettati<\/p>\n<\/li>\n<li data-start=\"1357\" data-end=\"1386\">\n<p data-start=\"1359\" data-end=\"1386\">Controllo qualit\u00e0 costante<\/p>\n<\/li>\n<li data-start=\"1387\" data-end=\"1428\">\n<p data-start=\"1389\" data-end=\"1428\">Materiali e finiture robuste<\/p>\n<\/li>\n<li data-start=\"1429\" data-end=\"1472\">\n<p data-start=\"1431\" data-end=\"1472\">Design iconico con enfasi sulla tattilit\u00e0<\/p>\n<\/li>\n<\/ul>\n<p data-start=\"1474\" data-end=\"1550\">Ogni pezzo \u00e8 realizzato e assemblato a mano negli Stati Uniti sotto la direzione di Anthony Marfione.<\/p>\n<p data-start=\"1552\" data-end=\"1587\">\ud83d\udde1\ufe0f <strong data-start=\"1556\" data-end=\"1587\">Lama &#8211; Drop Point tattico<\/strong><\/p>\n<p data-start=\"1589\" data-end=\"1871\">Questo modello \u00e8 solitamente dotato di una lama tattica Drop Point o di un profilo simile ottimizzato per prestazioni a tutto tondo &#8211; combinando forza della punta e versatilit\u00e0 di taglio. La finitura opaca stonewashed maschera l&#8217;usura e conferisce al coltello un aspetto discreto e professionale. <\/p>\n<p data-start=\"1873\" data-end=\"1897\">Il taglio alto assicura:<\/p>\n<ul data-start=\"1899\" data-end=\"1995\">\n<li data-start=\"1899\" data-end=\"1927\">\n<p data-start=\"1901\" data-end=\"1927\">Eccellenti propriet\u00e0 di taglio<\/p>\n<\/li>\n<li data-start=\"1928\" data-end=\"1953\">\n<p data-start=\"1930\" data-end=\"1953\">Elevato controllo del taglio<\/p>\n<\/li>\n<li data-start=\"1954\" data-end=\"1971\">\n<p data-start=\"1956\" data-end=\"1971\">Forza della punta<\/p>\n<\/li>\n<li data-start=\"1972\" data-end=\"1995\">\n<p data-start=\"1974\" data-end=\"1995\">Riflessi in condizioni di scarsa luminosit\u00e0<\/p>\n<\/li>\n<\/ul>\n<p data-start=\"1997\" data-end=\"2033\"><strong data-start=\"2000\" data-end=\"2033\">\ud83d\udd2c Acciaio &#8211; Acciaio inox premium<\/strong><\/p>\n<p data-start=\"2035\" data-end=\"2114\">Il Combat Troodon Gen III utilizza il miglior acciaio per coltelli che offre:<\/p>\n<ul data-start=\"2116\" data-end=\"2215\">\n<li data-start=\"2116\" data-end=\"2144\">\n<p data-start=\"2118\" data-end=\"2144\">Eccellente ritenzione della lama<\/p>\n<\/li>\n<li data-start=\"2145\" data-end=\"2177\">\n<p data-start=\"2147\" data-end=\"2177\">Buona resistenza alla corrosione<\/p>\n<\/li>\n<li data-start=\"2178\" data-end=\"2215\">\n<p data-start=\"2180\" data-end=\"2215\">Alta resistenza all&#8217;usura<\/p>\n<\/li>\n<\/ul>\n<p data-start=\"2217\" data-end=\"2372\">Gli utenti e le recensioni menzionano spesso l&#8217;uso di acciai metallici in polvere di alta qualit\u00e0 che combinano prestazioni e durata per i compiti pi\u00f9 impegnativi e l&#8217;usura quotidiana.<\/p>\n<p data-start=\"2374\" data-end=\"2422\">\ud83e\udde9 <strong data-start=\"2377\" data-end=\"2422\">Impugnatura &#8211; Costruzione tattica testurizzata<\/strong><\/p>\n<p data-start=\"2424\" data-end=\"2505\">L&#8217;impugnatura \u00e8 stata progettata per garantire una presa salda e l&#8217;ergonomia durante l&#8217;uso attivo:<\/p>\n<ul data-start=\"2507\" data-end=\"2659\">\n<li data-start=\"2507\" data-end=\"2552\">\n<p data-start=\"2509\" data-end=\"2552\">Superficie antiscivolo con texture profonda<\/p>\n<\/li>\n<li data-start=\"2553\" data-end=\"2601\">\n<p data-start=\"2555\" data-end=\"2601\">Cursore incassato per un funzionamento controllato<\/p>\n<\/li>\n<li data-start=\"2602\" data-end=\"2635\">\n<p data-start=\"2604\" data-end=\"2635\">Clip ambidestra per il trasporto profondo<\/p>\n<\/li>\n<li data-start=\"2636\" data-end=\"2659\">\n<p data-start=\"2638\" data-end=\"2659\">Costruzione robusta<\/p>\n<\/li>\n<\/ul>\n<p data-start=\"2661\" data-end=\"2726\">Questa variante d\u00e0 un&#8217;impronta decisamente tattica con un&#8217;enfasi sulle prestazioni.<\/p>\n<p data-start=\"2728\" data-end=\"2769\">\u2699\ufe0f <strong data-start=\"2731\" data-end=\"2769\">Specifiche tecniche (indicative)<\/strong><\/p>\n<p data-start=\"2771\" data-end=\"2820\"><em data-start=\"2771\" data-end=\"2820\">I parametri possono variare a seconda della serie specifica.<\/em><\/p>\n<div class=\"TyagGW_tableContainer\">\n<div class=\"group TyagGW_tableWrapper flex flex-col-reverse w-fit\" tabindex=\"-1\">\n<table class=\"w-fit min-w-(--thread-content-width)\" data-start=\"2822\" data-end=\"3374\">\n<thead data-start=\"2822\" data-end=\"2840\">\n<tr data-start=\"2822\" data-end=\"2840\">\n<th class=\"\" data-start=\"2822\" data-end=\"2831\" data-col-size=\"sm\">Parametro<\/th>\n<th class=\"\" data-start=\"2831\" data-end=\"2840\" data-col-size=\"sm\">Valore<\/th>\n<\/tr>\n<\/thead>\n<tbody data-start=\"2851\" data-end=\"3374\">\n<tr data-start=\"2851\" data-end=\"2892\">\n<td data-start=\"2851\" data-end=\"2857\" data-col-size=\"sm\">Modello<\/td>\n<td data-col-size=\"sm\" data-start=\"2857\" data-end=\"2892\">Combat Troodon Gen III Tactical<\/td>\n<\/tr>\n<tr data-start=\"2893\" data-end=\"2921\">\n<td data-start=\"2893\" data-end=\"2910\" data-col-size=\"sm\">Numero di prodotto<\/td>\n<td data-col-size=\"sm\" data-start=\"2910\" data-end=\"2921\">1143-2T<\/td>\n<\/tr>\n<tr data-start=\"2922\" data-end=\"2954\">\n<td data-start=\"2922\" data-end=\"2936\" data-col-size=\"sm\">Lunghezza totale<\/td>\n<td data-start=\"2936\" data-end=\"2954\" data-col-size=\"sm\">circa 230-240 mm<\/td>\n<\/tr>\n<tr data-start=\"2955\" data-end=\"2985\">\n<td data-start=\"2955\" data-end=\"2968\" data-col-size=\"sm\">Lunghezza della lama<\/td>\n<td data-start=\"2968\" data-end=\"2985\" data-col-size=\"sm\">circa 95-100 mm<\/td>\n<\/tr>\n<tr data-start=\"2986\" data-end=\"3020\">\n<td data-start=\"2986\" data-end=\"3002\" data-col-size=\"sm\">Spessore della lama<\/td>\n<td data-start=\"3002\" data-end=\"3020\" data-col-size=\"sm\">circa 3,0-3,5 mm<\/td>\n<\/tr>\n<tr data-start=\"3021\" data-end=\"3054\">\n<td data-start=\"3021\" data-end=\"3036\" data-col-size=\"sm\">Lunghezza dell&#8217;impugnatura<\/td>\n<td data-start=\"3036\" data-end=\"3054\" data-col-size=\"sm\">circa 135-140 mm<\/td>\n<\/tr>\n<tr data-start=\"3055\" data-end=\"3081\">\n<td data-start=\"3055\" data-end=\"3064\" data-col-size=\"sm\">Peso<\/td>\n<td data-start=\"3064\" data-end=\"3081\" data-col-size=\"sm\">circa 150-160 g<\/td>\n<\/tr>\n<tr data-start=\"3082\" data-end=\"3117\">\n<td data-start=\"3082\" data-end=\"3092\" data-col-size=\"sm\">Tipo di lama<\/td>\n<td data-start=\"3092\" data-end=\"3117\" data-col-size=\"sm\">Drop Point \/ Tattico<\/td>\n<\/tr>\n<tr data-start=\"3118\" data-end=\"3155\">\n<td data-start=\"3118\" data-end=\"3132\" data-col-size=\"sm\">Superficie della lama<\/td>\n<td data-start=\"3132\" data-end=\"3155\" data-col-size=\"sm\">Lavorato a pietra \/ Opaco<\/td>\n<\/tr>\n<tr data-start=\"3156\" data-end=\"3209\">\n<td data-start=\"3156\" data-end=\"3174\" data-col-size=\"sm\">Materiale dell&#8217;impugnatura<\/td>\n<td data-start=\"3174\" data-end=\"3209\" data-col-size=\"sm\">Alluminio CNC \/ superficie anodizzata<\/td>\n<\/tr>\n<tr data-start=\"3210\" data-end=\"3246\">\n<td data-start=\"3210\" data-end=\"3222\" data-col-size=\"sm\">Meccanismo<\/td>\n<td data-start=\"3222\" data-end=\"3246\" data-col-size=\"sm\">D\/A OTF &#8211; Blocco scorrimento<\/td>\n<\/tr>\n<tr data-start=\"3247\" data-end=\"3289\">\n<td data-start=\"3247\" data-end=\"3257\" data-col-size=\"sm\">Apertura<\/td>\n<td data-col-size=\"sm\" data-start=\"3257\" data-end=\"3289\">Automatica &#8211; cursore laterale<\/td>\n<\/tr>\n<tr data-start=\"3290\" data-end=\"3324\">\n<td data-start=\"3290\" data-end=\"3295\" data-col-size=\"sm\">Clip<\/td>\n<td data-start=\"3295\" data-end=\"3324\" data-col-size=\"sm\">Ambidestro, per il trasporto profondo<\/td>\n<\/tr>\n<tr data-start=\"3325\" data-end=\"3354\">\n<td data-start=\"3325\" data-end=\"3334\" data-col-size=\"sm\">Designer<\/td>\n<td data-start=\"3334\" data-end=\"3354\" data-col-size=\"sm\">Anthony Marfione<\/td>\n<\/tr>\n<tr data-start=\"3355\" data-end=\"3374\">\n<td data-start=\"3355\" data-end=\"3367\" data-col-size=\"sm\">Paese di origine<\/td>\n<td data-start=\"3367\" data-end=\"3374\" data-col-size=\"sm\">STATI UNITI D&#8217;AMERICA<\/td>\n<\/tr>\n<\/tbody>\n<\/table>\n<\/div>\n<\/div>\n<p data-start=\"3376\" data-end=\"3395\">\u2705 <strong data-start=\"3378\" data-end=\"3395\">Principali vantaggi<\/strong><\/p>\n<ul data-start=\"3397\" data-end=\"3601\">\n<li data-start=\"3397\" data-end=\"3442\">\n<p data-start=\"3399\" data-end=\"3442\">Meccanismo D\/A OTF robusto e affidabile<\/p>\n<\/li>\n<li data-start=\"3443\" data-end=\"3490\">\n<p data-start=\"3445\" data-end=\"3490\">Design tattico e uso universale<\/p>\n<\/li>\n<li data-start=\"3491\" data-end=\"3515\">\n<p data-start=\"3493\" data-end=\"3515\">Lama forte e resistente<\/p>\n<\/li>\n<li data-start=\"3516\" data-end=\"3557\">\n<p data-start=\"3518\" data-end=\"3557\">Materiali e finiture premium<\/p>\n<\/li>\n<li data-start=\"3558\" data-end=\"3601\">\n<p data-start=\"3560\" data-end=\"3601\">Impugnatura ergonomica con texture di qualit\u00e0<\/p>\n<\/li>\n<\/ul>\n<p data-start=\"3603\" data-end=\"3623\">\u26a0\ufe0f <strong data-start=\"3606\" data-end=\"3623\">Possibili restrizioni<\/strong><\/p>\n<ul data-start=\"3625\" data-end=\"3850\">\n<li data-start=\"3625\" data-end=\"3681\">\n<p data-start=\"3627\" data-end=\"3681\">Livello di prezzo pi\u00f9 alto corrispondente alla categoria premium<\/p>\n<\/li>\n<li data-start=\"3682\" data-end=\"3730\">\n<p data-start=\"3684\" data-end=\"3730\">Le dimensioni maggiori possono non essere adatte a tutti come EDC<\/p>\n<\/li>\n<li data-start=\"3731\" data-end=\"3850\">\n<p data-start=\"3733\" data-end=\"3850\">Alcuni utenti consigliano di modificare il meccanismo per ottenere un funzionamento pi\u00f9 fluido (olio, manutenzione) &#8211; questo \u00e8 comune sui nuovi modelli Gen III<\/p>\n<\/li>\n<\/ul>\n<p data-start=\"3852\" data-end=\"3873\">\ud83d\udee0\ufe0f <strong data-start=\"3856\" data-end=\"3873\">Manutenzione e cura<\/strong><\/p>\n<ul data-start=\"3875\" data-end=\"4049\">\n<li data-start=\"3875\" data-end=\"3910\">\n<p data-start=\"3877\" data-end=\"3910\">Pulisci e asciuga la lama dopo l&#8217;uso<\/p>\n<\/li>\n<li data-start=\"3911\" data-end=\"3942\">\n<p data-start=\"3913\" data-end=\"3942\">Tieni l&#8217;impugnatura libera dalla sporcizia<\/p>\n<\/li>\n<li data-start=\"3943\" data-end=\"3996\">\n<p data-start=\"3945\" data-end=\"3996\">Controlla continuamente il meccanismo e rimuovi la polvere\/lo sporco<\/p>\n<\/li>\n<li data-start=\"3997\" data-end=\"4049\">\n<p data-start=\"3999\" data-end=\"4049\">Lubrifica leggermente le parti mobili durante l&#8217;inattivit\u00e0 prolungata.<\/p>\n<\/li>\n<\/ul>\n<p data-start=\"4051\" data-end=\"4102\">Una cura adeguata manterr\u00e0 il meccanismo fluido e affidabile.<\/p>\n<p data-start=\"4104\" data-end=\"4125\">\ud83c\udfaf <strong data-start=\"4107\" data-end=\"4125\">Consigliato per<\/strong><\/p>\n<ul data-start=\"4127\" data-end=\"4281\">\n<li data-start=\"4127\" data-end=\"4161\">\n<p data-start=\"4129\" data-end=\"4161\">Uso tattico professionale<\/p>\n<\/li>\n<li data-start=\"4162\" data-end=\"4187\">\n<p data-start=\"4164\" data-end=\"4187\">Utenti esigenti del CED<\/p>\n<\/li>\n<li data-start=\"4188\" data-end=\"4223\">\n<p data-start=\"4190\" data-end=\"4223\">Collezionisti di modelli OTF di alta qualit\u00e0<\/p>\n<\/li>\n<li data-start=\"4224\" data-end=\"4281\">\n<p data-start=\"4226\" data-end=\"4281\">Gli utenti che preferiscono un coltello automatico robusto e grande<\/p>\n<\/li>\n<\/ul>\n<p data-start=\"4283\" data-end=\"4308\">\u2b50 <strong data-start=\"4285\" data-end=\"4308\">Valutazione finale<\/strong><\/p>\n<p data-start=\"4310\" data-end=\"4571\">Il Microtech Combat Troodon Gen III Tactical 1143-2T \u00e8 un coltello tattico OTF di fascia alta con un design robusto, un meccanismo veloce e prestazioni versatili. \u00c8 la scelta per chi vuole la massima affidabilit\u00e0, potenza e carattere professionale senza compromessi \ud83d\udd2a\ud83d\udd25 <\/p>\n<p>&nbsp;<\/p>\n<p><iframe title=\"Microtech Combat Troodon Torture Test\" width=\"800\" height=\"450\" src=\"https:\/\/www.youtube.com\/embed\/xE9TeOFYEjg?feature=oembed\" frameborder=\"0\" allow=\"accelerometer; autoplay; clipboard-write; encrypted-media; gyroscope; picture-in-picture; web-share\" referrerpolicy=\"strict-origin-when-cross-origin\" allowfullscreen><\/iframe><\/p>\n<p>&nbsp;<\/p>\n","protected":false},"excerpt":{"rendered":"<p><strong>Nel corso degli anni, Microtech\u00ae Knives ha riempito i coltelli con passione e abilit\u00e0 per creare quasi opere d&#8217;arte che sono l&#8217;apice della funzionalit\u00e0. Tutte le parti sono prodotte negli Stati Uniti.<\/strong><br \/>\n <strong>Tutti i coltelli Microtech sono coperti da una garanzia a vita.<\/strong><\/p>\n<p> <strong>Spedizione gratuita.<\/strong><\/p>\n","protected":false},"featured_media":350984,"comment_status":"open","ping_status":"closed","template":"","meta":[],"pwb-brand":[3753],"product_brand":[],"product_cat":[3748,3745],"product_tag":[3755],"class_list":{"0":"post-351030","1":"product","2":"type-product","3":"status-publish","4":"has-post-thumbnail","6":"pwb-brand-microtecnologia-it","7":"product_cat-coltelli-da-tiro","8":"product_cat-coltelli","9":"product_tag-b2b-it","11":"first","12":"instock","13":"taxable","14":"shipping-taxable","15":"purchasable","16":"product-type-simple"},"brands":[{"id":3753,"name":"Microtecnologia","slug":"microtecnologia-it"}],"_links":{"self":[{"href":"https:\/\/www.moskito.cz\/it\/wp-json\/wp\/v2\/product\/351030","targetHints":{"allow":["GET"]}}],"collection":[{"href":"https:\/\/www.moskito.cz\/it\/wp-json\/wp\/v2\/product"}],"about":[{"href":"https:\/\/www.moskito.cz\/it\/wp-json\/wp\/v2\/types\/product"}],"replies":[{"embeddable":true,"href":"https:\/\/www.moskito.cz\/it\/wp-json\/wp\/v2\/comments?post=351030"}],"wp:featuredmedia":[{"embeddable":true,"href":"https:\/\/www.moskito.cz\/it\/wp-json\/wp\/v2\/media\/350984"}],"wp:attachment":[{"href":"https:\/\/www.moskito.cz\/it\/wp-json\/wp\/v2\/media?parent=351030"}],"wp:term":[{"taxonomy":"pwb-brand","embeddable":true,"href":"https:\/\/www.moskito.cz\/it\/wp-json\/wp\/v2\/pwb-brand?post=351030"},{"taxonomy":"product_brand","embeddable":true,"href":"https:\/\/www.moskito.cz\/it\/wp-json\/wp\/v2\/product_brand?post=351030"},{"taxonomy":"product_cat","embeddable":true,"href":"https:\/\/www.moskito.cz\/it\/wp-json\/wp\/v2\/product_cat?post=351030"},{"taxonomy":"product_tag","embeddable":true,"href":"https:\/\/www.moskito.cz\/it\/wp-json\/wp\/v2\/product_tag?post=351030"}],"curies":[{"name":"wp","href":"https:\/\/api.w.org\/{rel}","templated":true}]}}