{"id":351205,"date":"2024-07-11T10:09:52","date_gmt":"2024-07-11T09:11:56","guid":{"rendered":"https:\/\/www.moskito.cz\/produkt\/coltello-solido-muela-pioneer-14-ol\/"},"modified":"2025-05-07T11:20:46","modified_gmt":"2025-05-07T10:20:46","slug":"coltello-solido-muela-pioneer-14-ol","status":"publish","type":"product","link":"https:\/\/www.moskito.cz\/it\/produkt\/coltello-solido-muela-pioneer-14-ol\/","title":{"rendered":"Coltello solido Muela PIONEER-14.OL"},"content":{"rendered":"<p>Coltello solido <strong>Muela<\/strong> PIONEER-14.OL<\/p>\n<p>I coltelli <strong>Muela<\/strong> sono prodotti da un&#8217;azienda spagnola che produce coltelli da caccia, coltelli pieghevoli, coltelli di lusso e molti altri convenienti e di alta qualit\u00e0.<\/p>\n<p>Il coltello dell&#8217;azienda spagnola <strong>Muela \u00e8<\/strong> adatto per la caccia e per trascorrere del tempo nella natura. Grazie alla sua costruzione, \u00e8 estremamente durevole e affidabile anche in condizioni impegnative. Il coltello \u00e8 costituito da un unico pezzo di acciaio al molibdeno vanadio con una durezza di 58 &#8211; 61 HRC. Il manico \u00e8 ben anatomico e si adatta perfettamente alla mano, le impugnature sono in legno d&#8217;ulivo con un bellissimo disegno. All&#8217;estremit\u00e0 del manico \u00e8 presente un foro per il cordino. Il coltello viene fornito con un fodero in pelle marrone.<\/p>\n<p>Materiale lama: MoVa<br \/>\nMateriale manico: legno<br \/>\nMateriale della custodia: pelle<br \/>\nLunghezza lama: 13,5 cm<br \/>\nLunghezza totale: 26,5 centimetri<br \/>\nLunghezza manico: 13 cm<br \/>\nPeso: 230 g<br \/>\nTipo di lama: punto di caduta<\/p>\n","protected":false},"excerpt":{"rendered":"<p><strong>Un coltello dell&#8217;azienda spagnola Muela, adatto per la caccia e per trascorrere del tempo nella natura. Grazie alla sua costruzione, \u00e8 estremamente durevole e affidabile anche in condizioni impegnative.<\/strong><\/p>\n","protected":false},"featured_media":351159,"comment_status":"open","ping_status":"closed","template":"","meta":[],"pwb-brand":[3913],"product_brand":[],"product_cat":[3745,3746],"product_tag":[3755],"class_list":{"0":"post-351205","1":"product","2":"type-product","3":"status-publish","4":"has-post-thumbnail","6":"pwb-brand-lei-doveva","7":"product_cat-coltelli","8":"product_cat-coltelli-solidi","9":"product_tag-b2b-it","11":"first","12":"outofstock","13":"taxable","14":"shipping-taxable","15":"purchasable","16":"product-type-simple"},"brands":[{"id":3913,"name":"Lei doveva","slug":"lei-doveva"}],"_links":{"self":[{"href":"https:\/\/www.moskito.cz\/it\/wp-json\/wp\/v2\/product\/351205","targetHints":{"allow":["GET"]}}],"collection":[{"href":"https:\/\/www.moskito.cz\/it\/wp-json\/wp\/v2\/product"}],"about":[{"href":"https:\/\/www.moskito.cz\/it\/wp-json\/wp\/v2\/types\/product"}],"replies":[{"embeddable":true,"href":"https:\/\/www.moskito.cz\/it\/wp-json\/wp\/v2\/comments?post=351205"}],"wp:featuredmedia":[{"embeddable":true,"href":"https:\/\/www.moskito.cz\/it\/wp-json\/wp\/v2\/media\/351159"}],"wp:attachment":[{"href":"https:\/\/www.moskito.cz\/it\/wp-json\/wp\/v2\/media?parent=351205"}],"wp:term":[{"taxonomy":"pwb-brand","embeddable":true,"href":"https:\/\/www.moskito.cz\/it\/wp-json\/wp\/v2\/pwb-brand?post=351205"},{"taxonomy":"product_brand","embeddable":true,"href":"https:\/\/www.moskito.cz\/it\/wp-json\/wp\/v2\/product_brand?post=351205"},{"taxonomy":"product_cat","embeddable":true,"href":"https:\/\/www.moskito.cz\/it\/wp-json\/wp\/v2\/product_cat?post=351205"},{"taxonomy":"product_tag","embeddable":true,"href":"https:\/\/www.moskito.cz\/it\/wp-json\/wp\/v2\/product_tag?post=351205"}],"curies":[{"name":"wp","href":"https:\/\/api.w.org\/{rel}","templated":true}]}}