{"id":351233,"date":"2024-07-11T10:26:06","date_gmt":"2024-07-11T09:31:58","guid":{"rendered":"https:\/\/www.moskito.cz\/produkt\/coltello-solido-muela-pioneer-14nl\/"},"modified":"2025-05-07T11:20:49","modified_gmt":"2025-05-07T10:20:49","slug":"coltello-solido-muela-pioneer-14nl","status":"publish","type":"product","link":"https:\/\/www.moskito.cz\/it\/produkt\/coltello-solido-muela-pioneer-14nl\/","title":{"rendered":"Coltello solido Muela PIONEER-14NL"},"content":{"rendered":"<p>Coltello solido <strong>Muela<\/strong> PIONEER-14NL.<\/p>\n<p>I coltelli <strong>Muela<\/strong> sono prodotti da un&#8217;azienda spagnola che produce coltelli da caccia, coltelli pieghevoli, coltelli di lusso e molti altri convenienti e di alta qualit\u00e0.<\/p>\n<p>Coltello da caccia universale con custodia in pelle dell&#8217;azienda spagnola <strong>Muela<\/strong> . \u00c8 realizzato da un unico pezzo di acciaio al molibdeno vanadio e per la tastiera \u00e8 stato utilizzato il palissandro. All&#8217;estremit\u00e0 dell&#8217;impugnatura \u00e8 presente un foro per infilare il cordino da polso. I coltelli di questa costruzione sono molto resistenti e robusti. Il coltello viene fornito con un fodero in pelle.<\/p>\n<p>Materiale lama: MoVa<br \/>\nMateriale manico: legno<br \/>\nMateriale della custodia: pelle<br \/>\nLunghezza lama: 14,5 cm<br \/>\nLunghezza totale: 27 cm<br \/>\nLunghezza manico: 12,5 cm<br \/>\nPeso: 240 g<br \/>\nTipo di lama: punto di caduta<\/p>\n<p>&nbsp;<\/p>\n","protected":false},"excerpt":{"rendered":"<p><strong>Coltello da caccia universale con custodia in pelle dell&#8217;azienda spagnola Muela.<\/strong><\/p>\n","protected":false},"featured_media":351223,"comment_status":"open","ping_status":"closed","template":"","meta":[],"pwb-brand":[3913],"product_brand":[],"product_cat":[3745,3746],"product_tag":[3755],"class_list":{"0":"post-351233","1":"product","2":"type-product","3":"status-publish","4":"has-post-thumbnail","6":"pwb-brand-lei-doveva","7":"product_cat-coltelli","8":"product_cat-coltelli-solidi","9":"product_tag-b2b-it","11":"first","12":"instock","13":"taxable","14":"shipping-taxable","15":"purchasable","16":"product-type-simple"},"brands":[{"id":3913,"name":"Lei doveva","slug":"lei-doveva"}],"_links":{"self":[{"href":"https:\/\/www.moskito.cz\/it\/wp-json\/wp\/v2\/product\/351233","targetHints":{"allow":["GET"]}}],"collection":[{"href":"https:\/\/www.moskito.cz\/it\/wp-json\/wp\/v2\/product"}],"about":[{"href":"https:\/\/www.moskito.cz\/it\/wp-json\/wp\/v2\/types\/product"}],"replies":[{"embeddable":true,"href":"https:\/\/www.moskito.cz\/it\/wp-json\/wp\/v2\/comments?post=351233"}],"wp:featuredmedia":[{"embeddable":true,"href":"https:\/\/www.moskito.cz\/it\/wp-json\/wp\/v2\/media\/351223"}],"wp:attachment":[{"href":"https:\/\/www.moskito.cz\/it\/wp-json\/wp\/v2\/media?parent=351233"}],"wp:term":[{"taxonomy":"pwb-brand","embeddable":true,"href":"https:\/\/www.moskito.cz\/it\/wp-json\/wp\/v2\/pwb-brand?post=351233"},{"taxonomy":"product_brand","embeddable":true,"href":"https:\/\/www.moskito.cz\/it\/wp-json\/wp\/v2\/product_brand?post=351233"},{"taxonomy":"product_cat","embeddable":true,"href":"https:\/\/www.moskito.cz\/it\/wp-json\/wp\/v2\/product_cat?post=351233"},{"taxonomy":"product_tag","embeddable":true,"href":"https:\/\/www.moskito.cz\/it\/wp-json\/wp\/v2\/product_tag?post=351233"}],"curies":[{"name":"wp","href":"https:\/\/api.w.org\/{rel}","templated":true}]}}