{"id":351506,"date":"2024-07-12T12:44:07","date_gmt":"2024-07-12T11:48:41","guid":{"rendered":"https:\/\/www.moskito.cz\/produkt\/coltello-fisso-muela-ranger-14r\/"},"modified":"2025-05-07T11:20:56","modified_gmt":"2025-05-07T10:20:56","slug":"coltello-fisso-muela-ranger-14r","status":"publish","type":"product","link":"https:\/\/www.moskito.cz\/it\/produkt\/coltello-fisso-muela-ranger-14r\/","title":{"rendered":"Coltello fisso Muela RANGER-14R"},"content":{"rendered":"<p>Coltello fisso <strong>Muela<\/strong> RANGER-14R<\/p>\n<p>Ranger Bowie Pakkawood, Satin \u00e8 un coltello universale a lama fissa dell&#8217;azienda spagnola Muela, realizzato in acciaio al molibdeno-vanadio (MoVa). Questa lama solida pu\u00f2 essere utilizzata per tutti i tipi di lavoro, in tutte le condizioni senza danni. Questo coltello sar\u00e0 ottimo per i viaggi di sopravvivenza, per il caping e anche per le gite fuori porta.<\/p>\n<p>X50CrMoV15 (1.4116) &#8211; acciaio inossidabile martensitico ad alto tenore di carbonio al molibdeno-vanadio, altamente resistente alla corrosione e all&#8217;usura. Viene utilizzato nella fabbricazione di coltelli, posate all&#8217;avanguardia e strumenti chirurgici. \u00c8 caratterizzato da una durezza relativamente elevata per gli acciai inossidabili di 56-58 HRC. La composizione chimica dell&#8217;acciaio \u00e8 stata arricchita drogando 15,0% cromo, 0,80% molibdeno, 0,20% vanadio.<\/p>\n<p>Lama: affilata tipo Bowie di 3,6 mm di spessore, ricoperta da uno strato di finitura satinata (semiopaca) antiriflesso che elimina i riflessi. Lama liscia. La lama \u00e8 stata realizzata con una molatura concava (Hollow Grind). garantendo buone propriet\u00e0 di taglio. Sul tallone della lama \u00e8 presente una siepe unilaterale in ottone per evitare che la mano scivoli lungo la lama.<\/p>\n<p>Maniglia &#8211; rivestita in legno naturale pakka (laminato) di colore marrone, rifinita con testa in ottone. La maniglia profilata offre una presa sicura e sicura. Il coltello si tiene molto bene in mano, non scivola, si controlla facilmente in tutte le condizioni.<\/p>\n<p>Fodero: cucito a mano, realizzato in pelle bovina marrone di alta qualit\u00e0 con il logo del produttore in rilievo. I bordi della custodia sono cuciti con filo decorativo. Chiusura a scatto tipo Prym. L&#8217;attacco alla cintura permette di trasportare il coltello in posizione verticale.<\/p>\n<p>Specifiche tecniche:<br \/>\nCodice prodotto: RANGER-14R<\/p>\n<p>Lunghezza totale: 25,8 cm \/ 10,16&#8243;<br \/>\nLunghezza lama: 14,5 cm \/ 5,71&#8243;<br \/>\nSpessore lama: 0,36 cm \/ 0,14&#8243;<br \/>\nPeso: 195,0 g \/ 6,88 once<\/p>\n<p>Materiale lama: X50CrMoV15<br \/>\nDurezza della lama: 56-58 HRc<br \/>\nAffilatura della lama: piatta<br \/>\nTrattamento superficiale della lama: satinato<\/p>\n<p>Materiale manico: legno Pakka (corallo pakkawood)<br \/>\nColore finitura maniglia: Marrone<\/p>\n<p>Fodero (fondina): pelle<br \/>\nAltri accessori: Nessuno<\/p>\n<p>Progettista: Muela<br \/>\nMarchio: Muela<br \/>\nProduttore: Manufacturas Muela, SA<br \/>\nPaese di origine: Spagna<\/p>\n<p>&nbsp;<\/p>\n<p>&nbsp;<\/p>\n","protected":false},"excerpt":{"rendered":"<p><strong>Ranger Bowie Pakkawood, Satin \u00e8 un coltello universale a lama fissa dell&#8217;azienda spagnola Muela con custodia in pelle.<\/strong><\/p>\n","protected":false},"featured_media":351491,"comment_status":"open","ping_status":"closed","template":"","meta":[],"pwb-brand":[3913],"product_brand":[],"product_cat":[3746,3745],"product_tag":[3755],"class_list":{"0":"post-351506","1":"product","2":"type-product","3":"status-publish","4":"has-post-thumbnail","6":"pwb-brand-lei-doveva","7":"product_cat-coltelli-solidi","8":"product_cat-coltelli","9":"product_tag-b2b-it","11":"first","12":"outofstock","13":"taxable","14":"shipping-taxable","15":"purchasable","16":"product-type-simple"},"brands":[{"id":3913,"name":"Lei doveva","slug":"lei-doveva"}],"_links":{"self":[{"href":"https:\/\/www.moskito.cz\/it\/wp-json\/wp\/v2\/product\/351506","targetHints":{"allow":["GET"]}}],"collection":[{"href":"https:\/\/www.moskito.cz\/it\/wp-json\/wp\/v2\/product"}],"about":[{"href":"https:\/\/www.moskito.cz\/it\/wp-json\/wp\/v2\/types\/product"}],"replies":[{"embeddable":true,"href":"https:\/\/www.moskito.cz\/it\/wp-json\/wp\/v2\/comments?post=351506"}],"wp:featuredmedia":[{"embeddable":true,"href":"https:\/\/www.moskito.cz\/it\/wp-json\/wp\/v2\/media\/351491"}],"wp:attachment":[{"href":"https:\/\/www.moskito.cz\/it\/wp-json\/wp\/v2\/media?parent=351506"}],"wp:term":[{"taxonomy":"pwb-brand","embeddable":true,"href":"https:\/\/www.moskito.cz\/it\/wp-json\/wp\/v2\/pwb-brand?post=351506"},{"taxonomy":"product_brand","embeddable":true,"href":"https:\/\/www.moskito.cz\/it\/wp-json\/wp\/v2\/product_brand?post=351506"},{"taxonomy":"product_cat","embeddable":true,"href":"https:\/\/www.moskito.cz\/it\/wp-json\/wp\/v2\/product_cat?post=351506"},{"taxonomy":"product_tag","embeddable":true,"href":"https:\/\/www.moskito.cz\/it\/wp-json\/wp\/v2\/product_tag?post=351506"}],"curies":[{"name":"wp","href":"https:\/\/api.w.org\/{rel}","templated":true}]}}