{"id":351546,"date":"2024-07-12T13:04:16","date_gmt":"2024-07-12T12:06:24","guid":{"rendered":"https:\/\/www.moskito.cz\/produkt\/coltello-di-chiusura-muela-gavilan-m\/"},"modified":"2025-05-07T11:20:57","modified_gmt":"2025-05-07T10:20:57","slug":"coltello-di-chiusura-muela-gavilan-m","status":"publish","type":"product","link":"https:\/\/www.moskito.cz\/it\/produkt\/coltello-di-chiusura-muela-gavilan-m\/","title":{"rendered":"Coltello di chiusura Muela GAVILAN-M"},"content":{"rendered":"<p>Coltello di chiusura <strong>Muela<\/strong> GAVILAN-M<\/p>\n<p>Coltello universale <strong>GAVILAN<\/strong> -M e design full-tang con lama fissa, realizzato in acciaio MoVa al molibdeno-vanadio. Migliore equilibrio con peso ridotto, uno strumento eccellente che funzioner\u00e0 in una vasta gamma di applicazioni, caccia, spedizioni di sopravvivenza, campeggio. Un vero veicolo 4&#215;4 tra i coltelli.<\/p>\n<p>L&#8217;acciaio era criogenico (trattato termicamente a temperature inferiori allo zero), chiamato CRYO-T, chiamato anche gelo. Grazie a CRYO-T otteniamo una struttura interna omogenea dell&#8217;acciaio, che si riflette in un significativo aumento della robustezza della lama, un aumento della resistenza agli urti, alla tensione e alla torsione.<\/p>\n<p>Lama &#8211; con profilo Drop Point e spessore di 4,5 mm rivestita con finitura Satin antiriflesso antiriflesso (semi-opaca). Realizzato in resistente acciaio inossidabile al molibdeno-vanadio X50CrMoV15, temprato nell&#8217;intervallo 57-58 HRC. La lama \u00e8 caratterizzata da buone propriet\u00e0 meccaniche e affilatura a lungo termine. La lama liscia (tipo Plain) \u00e8 stata realizzata con una molatura piana (Flat Grind).<\/p>\n<p>Maniglia: profilata, ricoperta con rivestimento in micarta impermeabile antiscivolo di colore nero, garantisce un&#8217;ottima presa\/presa sicura. La sporgenza allargata funge da salvamano, proteggendo la mano da scivolamenti involontari durante il lavoro. Nella parte posteriore del manico \u00e8 stato posizionato uno spazio con una corda di paracord intrecciata.<\/p>\n<p>Custodia &#8211; estesa, protegge la testa con parte del manico. Realizzato in pelle di vacchetta nera della massima qualit\u00e0 con il logo del produttore in rilievo. Il fodero era cucito sui bordi con filo decorativo. Il fissaggio a una cintura o a un dispositivo consente di trasportare il coltello in posizione verticale.<\/p>\n<p>Specifiche tecniche:<br \/>\nCodice prodotto: GAVILAN-M<\/p>\n<p>Tipo di acciaio: 1.4116 (X50CrMoV15)<br \/>\nLunghezza lama: 12,5 cm \/ 4,92&#8243;<br \/>\nSpessore lama: 0,45 cm \/ 0,16&#8243;<br \/>\nLunghezza totale: 25,3 cm \/ 9,96&#8243;<br \/>\nPeso: 290 g \/ 10,23 once<br \/>\nTipo di bordo: liscio<br \/>\nTipo di lama: punto di caduta<br \/>\nTipo di taglio: piatto<\/p>\n<p>Materiale manico: Micarta Nera<br \/>\nFodero: cuoio<br \/>\nProduttore: Muela, Spagna<\/p>\n<p>&nbsp;<\/p>\n","protected":false},"excerpt":{"rendered":"<p><strong>Uno strumento eccellente che funzioner\u00e0 in una vasta gamma di applicazioni, caccia, spedizioni di sopravvivenza, campeggio. Un vero veicolo 4&#215;4 tra i coltelli.<\/strong><\/p>\n","protected":false},"featured_media":351516,"comment_status":"open","ping_status":"closed","template":"","meta":[],"pwb-brand":[3913],"product_brand":[],"product_cat":[3745,3746],"product_tag":[3755],"class_list":{"0":"post-351546","1":"product","2":"type-product","3":"status-publish","4":"has-post-thumbnail","6":"pwb-brand-lei-doveva","7":"product_cat-coltelli","8":"product_cat-coltelli-solidi","9":"product_tag-b2b-it","11":"first","12":"instock","13":"taxable","14":"shipping-taxable","15":"purchasable","16":"product-type-simple"},"brands":[{"id":3913,"name":"Lei doveva","slug":"lei-doveva"}],"_links":{"self":[{"href":"https:\/\/www.moskito.cz\/it\/wp-json\/wp\/v2\/product\/351546","targetHints":{"allow":["GET"]}}],"collection":[{"href":"https:\/\/www.moskito.cz\/it\/wp-json\/wp\/v2\/product"}],"about":[{"href":"https:\/\/www.moskito.cz\/it\/wp-json\/wp\/v2\/types\/product"}],"replies":[{"embeddable":true,"href":"https:\/\/www.moskito.cz\/it\/wp-json\/wp\/v2\/comments?post=351546"}],"wp:featuredmedia":[{"embeddable":true,"href":"https:\/\/www.moskito.cz\/it\/wp-json\/wp\/v2\/media\/351516"}],"wp:attachment":[{"href":"https:\/\/www.moskito.cz\/it\/wp-json\/wp\/v2\/media?parent=351546"}],"wp:term":[{"taxonomy":"pwb-brand","embeddable":true,"href":"https:\/\/www.moskito.cz\/it\/wp-json\/wp\/v2\/pwb-brand?post=351546"},{"taxonomy":"product_brand","embeddable":true,"href":"https:\/\/www.moskito.cz\/it\/wp-json\/wp\/v2\/product_brand?post=351546"},{"taxonomy":"product_cat","embeddable":true,"href":"https:\/\/www.moskito.cz\/it\/wp-json\/wp\/v2\/product_cat?post=351546"},{"taxonomy":"product_tag","embeddable":true,"href":"https:\/\/www.moskito.cz\/it\/wp-json\/wp\/v2\/product_tag?post=351546"}],"curies":[{"name":"wp","href":"https:\/\/api.w.org\/{rel}","templated":true}]}}